{"id":644,"date":"2020-10-04T09:39:03","date_gmt":"2020-10-04T07:39:03","guid":{"rendered":"https:\/\/www.vastus.ltd\/?page_id=644"},"modified":"2021-02-26T09:50:00","modified_gmt":"2021-02-26T08:50:00","slug":"kyrenia","status":"publish","type":"page","link":"https:\/\/laroni-real-estate.com\/tr\/kyrenia\/","title":{"rendered":"Kyrenia"},"content":{"rendered":"<p>[vc_row][vc_column][vc_column_text]<\/p>\n<h1>Girne<\/h1>\n<p>[\/vc_column_text][vc_column_text]<\/p>\n<h2>Girne hakk\u0131nda<\/h2>\n<p>[\/vc_column_text][\/vc_column][\/vc_row][vc_row][vc_column width=&#8221;6\/12&#8243;][vc_column_text]Girne, K\u0131br\u0131s adas\u0131n\u0131n kuzeyinde yer almaktad\u0131r ve yakla\u015f\u0131k 33.000 n\u00fcfusa sahiptir. Turistler \u00e7o\u011funlukla plaj tatilleri i\u00e7in gelirler, ancak ayn\u0131 zamanda tarihi eski \u015fehir ve liman b\u00f6lgesi de ilgilerini \u00e7ekmektedir.<\/p>\n<p>Yaz aylar\u0131nda subtropikal iklim sayesinde neredeyse her zaman s\u0131cak ve kurudur. Temmuz ay\u0131nda en y\u00fcksek ortalama s\u0131cakl\u0131k 33 derecedir. Ancak k\u0131\u015f aylar\u0131nda bile, ocak ay\u0131nda ortalama 15 derece s\u0131cakl\u0131kla \u00e7ok \u0131l\u0131k ge\u00e7er.[\/vc_column_text][\/vc_column][vc_column width=&#8221;1\/12&#8243;][\/vc_column][vc_column width=&#8221;5\/12&#8243;][vc_empty_space][vc_single_image image=&#8221;663&#8243; img_size=&#8221;full&#8221; alignment=&#8221;center&#8221; onclick=&#8221;link_image&#8221;][\/vc_column][\/vc_row][vc_row][vc_column width=&#8221;6\/12&#8243;][vc_single_image image=&#8221;662&#8243; img_size=&#8221;full&#8221; alignment=&#8221;center&#8221; onclick=&#8221;link_image&#8221;][\/vc_column][vc_column width=&#8221;1\/12&#8243;][\/vc_column][vc_column width=&#8221;5\/12&#8243;][vc_column_text]Girne, K\u0131br\u0131s&#8217;\u0131n kuzey k\u0131y\u0131s\u0131ndaki birka\u00e7 turistik b\u00f6lgeden biridir ve turistler aras\u0131nda giderek daha pop\u00fcler h\u00e2le gelmektedir. Beyaz kumsallar\u0131 unutulmaz bir tatil vaat ediyor ve denizi dalg\u0131\u00e7lar i\u00e7in bir cennettir. Burada, turistler sayesinde canl\u0131 bir gece hayat\u0131 geli\u015fti. \u00c7ok say\u0131da gece kul\u00fcb\u00fcyle beraber konserler de ziyaret\u00e7ileri tekrar tekrar \u00e7ekmektedir.[\/vc_column_text][\/vc_column][\/vc_row][vc_row][vc_column][vc_empty_space height=&#8221;100px&#8221;][vc_column_text]<\/p>\n<h2>Girne Kalesi<\/h2>\n<p>[\/vc_column_text][\/vc_column][\/vc_row][vc_row][vc_column width=&#8221;6\/12&#8243;][vc_column_text]Bir\u00e7ok misafir, \u015fehrin k\u00fclt\u00fcrel cazibe merkezlerinin de tad\u0131n\u0131 \u00e7\u0131karmaktad\u0131r. Bunlar aras\u0131nda Girne Kalesi, St. George \u015eapeli ve liman bulunmaktad\u0131r.<\/p>\n<p>Bu kale, 7. y\u00fczy\u0131lda in\u015fa edilmi\u015f ve 10. ve 12. y\u00fczy\u0131llarda geni\u015fletilmi\u015ftir. Tesis, bug\u00fcnk\u00fc itibar\u0131n\u0131 Osmanl\u0131lar ile olan m\u00fccadeleleri s\u0131ras\u0131nda kaleyi geni\u015fleten Venedikliler sayesinde ald\u0131. Kale, \u0130ngilizler taraf\u0131ndan hapishane olarak kulland\u0131ktan sonra, 1960&#8217;l\u0131 y\u0131llardan beri turistik bir cazibe merkezi h\u00e2line geldi ve g\u00fcn\u00fcm\u00fczde \u00e7e\u015fitli m\u00fczelere ev sahipli\u011fi yapmaktad\u0131r. Gemi enkaz\u0131 m\u00fczesinde, M\u00d6 300 civar\u0131nda batm\u0131\u015f olan bir geminin enkaz\u0131 bulunmaktad\u0131r.[\/vc_column_text][\/vc_column][vc_column width=&#8221;1\/12&#8243;][\/vc_column][vc_column width=&#8221;5\/12&#8243;][vc_empty_space height=&#8221;50px&#8221;][vc_single_image image=&#8221;674&#8243; img_size=&#8221;full&#8221; alignment=&#8221;center&#8221; onclick=&#8221;link_image&#8221;][\/vc_column][\/vc_row][vc_row][vc_column width=&#8221;6\/12&#8243;][vc_empty_space][vc_single_image image=&#8221;658&#8243; img_size=&#8221;full&#8221; alignment=&#8221;center&#8221; onclick=&#8221;link_image&#8221;][\/vc_column][vc_column width=&#8221;1\/12&#8243;][\/vc_column][vc_column width=&#8221;5\/12&#8243;][vc_empty_space height=&#8221;70px&#8221;][vc_column_text]Bizansl\u0131 Aziz George \u015eapeli, dolamba\u00e7l\u0131 kompleksin i\u00e7inde yer almaktad\u0131r. Buras\u0131 12. y\u00fczy\u0131lda in\u015fa edilmi\u015ftir. Kilisenin mescit b\u00f6l\u00fcm\u00fcnde birka\u00e7 Korint s\u00fctunu bulunmaktad\u0131r.[\/vc_column_text][\/vc_column][\/vc_row][vc_row full_width=&#8221;stretch_row_content_no_spaces&#8221;][vc_column][vc_empty_space height=&#8221;100px&#8221;]\n\t\t\t<!-- START Leistungen Eyecatcher REVOLUTION SLIDER 6.5.7 --><p class=\"rs-p-wp-fix\"><\/p>\n\t\t\t<rs-module-wrap id=\"rev_slider_13_1_wrapper\" data-source=\"gallery\" style=\"visibility:hidden;background:transparent;padding:0;\">\n\t\t\t\t<rs-module id=\"rev_slider_13_1\" style=\"\" data-version=\"6.5.7\">\n\t\t\t\t\t<rs-slides>\n\t\t\t\t\t\t<rs-slide style=\"position: absolute;\" data-key=\"rs-24\" data-title=\"Slide\" data-anim=\"ms:1000;r:0;\" data-in=\"o:0;\" data-out=\"a:false;\">\n\t\t\t\t\t\t\t<img loading=\"lazy\" decoding=\"async\" src=\"\/\/laroni-real-estate.com\/wp-content\/plugins\/revslider\/public\/assets\/assets\/dummy.png\" title=\"Vastus-Immobilie-Drohnenaufnahme-04-1920&#215;1280\" width=\"1920\" height=\"1079\" class=\"rev-slidebg tp-rs-img rs-lazyload\" data-lazyload=\"\/\/www.vastus.ltd\/wp-content\/uploads\/2020\/08\/Vastus-Immobilie-Drohnenaufnahme-04-1920x1280-1.jpg\" data-parallax=\"15\" data-no-retina>\n<!---->\t\t\t\t\t\t<\/rs-slide>\n\t\t\t\t\t<\/rs-slides>\n\t\t\t\t<\/rs-module>\n\t\t\t\t<script type=\"text\/javascript\">\n\t\t\t\t\tsetREVStartSize({c: 'rev_slider_13_1',rl:[1240,1024,778,480],el:[1280],gw:[1920],gh:[1280],type:'standard',justify:'',layout:'fullscreen',offsetContainer:'',offset:'',mh:\"0\"});if (window.RS_MODULES!==undefined && window.RS_MODULES.modules!==undefined && window.RS_MODULES.modules[\"revslider131\"]!==undefined) {window.RS_MODULES.modules[\"revslider131\"].once = false;window.revapi13 = undefined;if (window.RS_MODULES.checkMinimal!==undefined) window.RS_MODULES.checkMinimal()}\n\t\t\t\t<\/script>\n\t\t\t<\/rs-module-wrap>\n\t\t\t<!-- END REVOLUTION SLIDER -->\n[vc_empty_space height=&#8221;100px&#8221;][\/vc_column][\/vc_row][vc_row][vc_column][vc_column_text]<\/p>\n<h2>Girne liman\u0131<\/h2>\n<p>[\/vc_column_text][\/vc_column][\/vc_row][vc_row][vc_column width=&#8221;6\/12&#8243;][vc_column_text]Girne liman\u0131 da g\u00f6r\u00fclmeye de\u011fer yerlerden biridir. \u0130skele b\u00f6lgesinde aralar\u0131nda d\u00fckk\u00e2nlar\u0131n da bulundu\u011fu birbirine yak\u0131n kafeler, barlar, bistrolar ve restoranlar var. G\u00fcn\u00fcm\u00fczde yatlar\u0131n ba\u011fland\u0131\u011f\u0131 liman, ayn\u0131 zamanda bal\u0131k\u00e7\u0131klar\u0131n avlar\u0131n\u0131 h\u00e2len indirdikleri yerdir.<\/p>\n<p>Yar\u0131m daire \u015feklindeki liman, iki g\u00fc\u00e7l\u00fc bariyerle \u00e7evrilidir. Bat\u0131 taraf\u0131nda k\u00fc\u00e7\u00fck, zarif ama g\u00f6r\u00fclmeye de\u011fer bir deniz feneri bulunmaktad\u0131r.[\/vc_column_text][\/vc_column][vc_column width=&#8221;1\/12&#8243;][\/vc_column][vc_column width=&#8221;5\/12&#8243;][vc_single_image image=&#8221;659&#8243; img_size=&#8221;full&#8221; alignment=&#8221;center&#8221; onclick=&#8221;link_image&#8221;][\/vc_column][\/vc_row][vc_row][vc_column][vc_empty_space height=&#8221;100px&#8221;][\/vc_column][\/vc_row][vc_row][vc_column][vc_column_text]<\/p>\n<h2>Salamis kal\u0131nt\u0131lar\u0131<\/h2>\n<p>[\/vc_column_text][\/vc_column][\/vc_row][vc_row][vc_column width=&#8221;6\/12&#8243;][vc_column_text]\u015eehrin do\u011fusunda, denizin hemen k\u0131y\u0131s\u0131nda Salamis kal\u0131nt\u0131lar\u0131 ziyaret edilebilir. Onlar, bir zamanlar K\u0131br\u0131s&#8217;\u0131n en zengin ve en b\u00fcy\u00fck \u015fehrinin g\u00fcc\u00fcne tan\u0131kl\u0131k ediyorlar. Bir amfitiyatronun etkileyici kal\u0131nt\u0131lar\u0131, g\u00f6r\u00fclmeye de\u011fer bir di\u011fer yap\u0131tt\u0131r. Buras\u0131 zaman\u0131nda 15.000 ziyaret\u00e7i kapasiteli 50 s\u0131ra koltuktan olu\u015fuyordu. Ayr\u0131ca \u00e7e\u015fitli bazilikalar, bir tuvalet sistemi ve muhte\u015fem s\u00fctunlar ve mozaikler de g\u00f6r\u00fclmeye de\u011fer eserler aras\u0131nda bulunmaktad\u0131r.[\/vc_column_text][\/vc_column][vc_column width=&#8221;1\/12&#8243;][\/vc_column][vc_column width=&#8221;5\/12&#8243;][vc_single_image image=&#8221;660&#8243; img_size=&#8221;full&#8221; alignment=&#8221;center&#8221; onclick=&#8221;link_image&#8221;][\/vc_column][\/vc_row][vc_row][vc_column][vc_empty_space height=&#8221;100px&#8221;][\/vc_column][\/vc_row][vc_row][vc_column width=&#8221;1\/6&#8243;][\/vc_column][vc_column width=&#8221;2\/3&#8243;]\n<div class=\"wpcf7 no-js\" id=\"wpcf7-f693-o1\" lang=\"de-DE\" dir=\"ltr\" data-wpcf7-id=\"693\">\n<div class=\"screen-reader-response\"><p role=\"status\" aria-live=\"polite\" aria-atomic=\"true\"><\/p> <ul><\/ul><\/div>\n<form action=\"\/tr\/wp-json\/wp\/v2\/pages\/644#wpcf7-f693-o1\" method=\"post\" class=\"wpcf7-form init\" aria-label=\"Contact form\" novalidate=\"novalidate\" data-status=\"init\">\n<fieldset class=\"hidden-fields-container\"><input type=\"hidden\" name=\"_wpcf7\" value=\"693\" \/><input type=\"hidden\" name=\"_wpcf7_version\" value=\"6.1.2\" \/><input type=\"hidden\" name=\"_wpcf7_locale\" value=\"de_DE\" \/><input type=\"hidden\" name=\"_wpcf7_unit_tag\" value=\"wpcf7-f693-o1\" \/><input type=\"hidden\" name=\"_wpcf7_container_post\" value=\"0\" \/><input type=\"hidden\" name=\"_wpcf7_posted_data_hash\" value=\"\" \/>\n<\/fieldset>\n<p><label><span class=\"wpcf7-form-control-wrap\" data-name=\"your-name\"><input size=\"40\" maxlength=\"400\" class=\"wpcf7-form-control wpcf7-text wpcf7-validates-as-required\" aria-required=\"true\" aria-invalid=\"false\" placeholder=\"Ad\u0131n\u0131z (Zorunlu alan)\" value=\"\" type=\"text\" name=\"your-name\" \/><\/span><\/label>\n<\/p>\n<p><label><span class=\"wpcf7-form-control-wrap\" data-name=\"telefon-mobil\"><input size=\"40\" maxlength=\"400\" class=\"wpcf7-form-control wpcf7-tel wpcf7-text wpcf7-validates-as-tel\" aria-invalid=\"false\" placeholder=\"Telefon\/ cep telefonu numaras\u0131\" value=\"\" type=\"tel\" name=\"telefon-mobil\" \/><\/span><\/label>\n<\/p>\n<p><label><span class=\"wpcf7-form-control-wrap\" data-name=\"your-email\"><input size=\"40\" maxlength=\"400\" class=\"wpcf7-form-control wpcf7-email wpcf7-validates-as-required wpcf7-text wpcf7-validates-as-email\" aria-required=\"true\" aria-invalid=\"false\" placeholder=\"E-posta (Zorunlu alan)\" value=\"\" type=\"email\" name=\"your-email\" \/><\/span><\/label>\n<\/p>\n<p><label><span class=\"wpcf7-form-control-wrap\" data-name=\"your-subject\"><input size=\"40\" maxlength=\"400\" class=\"wpcf7-form-control wpcf7-text\" aria-invalid=\"false\" placeholder=\"Konu\" value=\"\" type=\"text\" name=\"your-subject\" \/><\/span><\/label>\n<\/p>\n<p><label><span class=\"wpcf7-form-control-wrap\" data-name=\"your-message\"><textarea cols=\"40\" rows=\"10\" maxlength=\"2000\" class=\"wpcf7-form-control wpcf7-textarea\" aria-invalid=\"false\" placeholder=\"Mesaj\u0131n\u0131z\" name=\"your-message\"><\/textarea><\/span> <\/label>\n<\/p>\n<p><span class=\"wpcf7-form-control-wrap\" data-name=\"Datenschutz\"><span class=\"wpcf7-form-control wpcf7-acceptance\"><span class=\"wpcf7-list-item\"><label><input type=\"checkbox\" name=\"Datenschutz\" value=\"1\" aria-invalid=\"false\" \/><span class=\"wpcf7-list-item-label\">Veri koruma beyan\u0131n\u0131 okudum ve kabul ediyorum.<\/span><\/label><\/span><\/span><\/span>\n<\/p>\n<p><input class=\"wpcf7-form-control wpcf7-submit has-spinner\" type=\"submit\" value=\"G\u00f6nderin\" \/>\n<\/p><p style=\"display: none !important;\" class=\"akismet-fields-container\" data-prefix=\"_wpcf7_ak_\"><label>&#916;<textarea name=\"_wpcf7_ak_hp_textarea\" cols=\"45\" rows=\"8\" maxlength=\"100\"><\/textarea><\/label><input type=\"hidden\" id=\"ak_js_1\" name=\"_wpcf7_ak_js\" value=\"20\"\/><script>document.getElementById( \"ak_js_1\" ).setAttribute( \"value\", ( new Date() ).getTime() );<\/script><\/p><div class=\"wpcf7-response-output\" aria-hidden=\"true\"><\/div>\n<\/form>\n<\/div>\n[\/vc_column][vc_column width=&#8221;1\/6&#8243;][\/vc_column][\/vc_row]<\/p>\n","protected":false},"excerpt":{"rendered":"<p>[vc_row][vc_column][vc_column_text] Girne [\/vc_column_text][vc_column_text] Girne hakk\u0131nda [\/vc_column_text][\/vc_column][\/vc_row][vc_row][vc_column width=&#8221;6\/12&#8243;][vc_column_text]Girne, K\u0131br\u0131s adas\u0131n\u0131n kuzeyinde yer almaktad\u0131r ve yakla\u015f\u0131k 33.000 n\u00fcfusa sahiptir. Turistler \u00e7o\u011funlukla plaj tatilleri i\u00e7in gelirler, ancak ayn\u0131 zamanda tarihi eski \u015fehir ve liman b\u00f6lgesi de ilgilerini \u00e7ekmektedir. Yaz aylar\u0131nda subtropikal iklim sayesinde neredeyse her zaman s\u0131cak ve kurudur. Temmuz ay\u0131nda en y\u00fcksek ortalama s\u0131cakl\u0131k 33 derecedir. Ancak&hellip;<\/p>\n","protected":false},"author":1,"featured_media":0,"parent":0,"menu_order":0,"comment_status":"closed","ping_status":"closed","template":"","meta":{"_joinchat":[],"footnotes":""},"class_list":["post-644","page","type-page","status-publish","hentry","description-off"],"translation":{"provider":"WPGlobus","version":"3.0.0","language":"tr","enabled_languages":["en","de","tr","sv","ru","ar","gr","no","fr","es"],"languages":{"en":{"title":true,"content":true,"excerpt":false},"de":{"title":true,"content":true,"excerpt":false},"tr":{"title":true,"content":true,"excerpt":false},"sv":{"title":true,"content":true,"excerpt":false},"ru":{"title":true,"content":true,"excerpt":false},"ar":{"title":true,"content":true,"excerpt":false},"gr":{"title":true,"content":true,"excerpt":false},"no":{"title":true,"content":true,"excerpt":false},"fr":{"title":false,"content":false,"excerpt":false},"es":{"title":false,"content":false,"excerpt":false}}},"yoast_head":"<!-- This site is optimized with the Yoast SEO plugin v26.0 - https:\/\/yoast.com\/wordpress\/plugins\/seo\/ -->\n<title>K\u0131br\u0131s adas\u0131n\u0131n kuzeyindeki Girne \u015fehri<\/title>\n<meta name=\"description\" content=\"Girne \u015fehri, K\u0131br\u0131s adas\u0131n\u0131n kuzeyinde yer almaktad\u0131r. Beyaz kumsallar ve cazibe merkezleri nedeniyle turistler ona \u00e7ekiliyor.\" \/>\n<meta name=\"robots\" content=\"index, follow, max-snippet:-1, max-image-preview:large, max-video-preview:-1\" \/>\n<link rel=\"canonical\" href=\"https:\/\/laroni-real-estate.com\/kyrenia\/\" \/>\n<meta property=\"og:locale\" content=\"tr_TR\" \/>\n<meta property=\"og:type\" content=\"article\" \/>\n<meta property=\"og:title\" content=\"K\u0131br\u0131s adas\u0131n\u0131n kuzeyindeki Girne \u015fehri\" \/>\n<meta property=\"og:description\" content=\"Girne \u015fehri, K\u0131br\u0131s adas\u0131n\u0131n kuzeyinde yer almaktad\u0131r. Beyaz kumsallar ve cazibe merkezleri nedeniyle turistler ona \u00e7ekiliyor.\" \/>\n<meta property=\"og:url\" content=\"https:\/\/laroni-real-estate.com\/kyrenia\/\" \/>\n<meta property=\"og:site_name\" content=\"Vastus Ltd.\" \/>\n<meta property=\"article:modified_time\" content=\"2021-02-26T08:50:00+00:00\" \/>\n<meta name=\"twitter:card\" content=\"summary_large_image\" \/>\n<meta name=\"twitter:label1\" content=\"Est. reading time\" \/>\n\t<meta name=\"twitter:data1\" content=\"2 minutes\" \/>\n<script type=\"application\/ld+json\" class=\"yoast-schema-graph\">{\"@context\":\"https:\/\/schema.org\",\"@graph\":[{\"@type\":\"WebPage\",\"@id\":\"https:\/\/laroni-real-estate.com\/kyrenia\/\",\"url\":\"https:\/\/laroni-real-estate.com\/kyrenia\/\",\"name\":\"The city Kyrenia in the northern part of the island of Cyprus.\",\"isPartOf\":{\"@id\":\"https:\/\/laroni-real-estate.com\/#website\"},\"datePublished\":\"2020-10-04T07:39:03+00:00\",\"dateModified\":\"2021-02-26T08:50:00+00:00\",\"description\":\"Girne \u015fehri, K\u0131br\u0131s adas\u0131n\u0131n kuzeyinde yer almaktad\u0131r. Beyaz kumsallar ve cazibe merkezleri nedeniyle turistler ona \u00e7ekiliyor.\",\"breadcrumb\":{\"@id\":\"https:\/\/laroni-real-estate.com\/kyrenia\/#breadcrumb\"},\"inLanguage\":\"tr-TR\",\"potentialAction\":[{\"@type\":\"ReadAction\",\"target\":[\"https:\/\/laroni-real-estate.com\/kyrenia\/\"]}]},{\"@type\":\"BreadcrumbList\",\"@id\":\"https:\/\/laroni-real-estate.com\/kyrenia\/#breadcrumb\",\"itemListElement\":[{\"@type\":\"ListItem\",\"position\":1,\"name\":\"Startseite\",\"item\":\"https:\/\/laroni-real-estate.com\/no\/\"},{\"@type\":\"ListItem\",\"position\":2,\"name\":\"Kyrenia\"}]},{\"@type\":\"WebSite\",\"@id\":\"https:\/\/laroni-real-estate.com\/#website\",\"url\":\"https:\/\/laroni-real-estate.com\/\",\"name\":\"Vastus Ltd.\",\"description\":\"\",\"potentialAction\":[{\"@type\":\"SearchAction\",\"target\":{\"@type\":\"EntryPoint\",\"urlTemplate\":\"https:\/\/laroni-real-estate.com\/?s={search_term_string}\"},\"query-input\":{\"@type\":\"PropertyValueSpecification\",\"valueRequired\":true,\"valueName\":\"search_term_string\"}}],\"inLanguage\":\"tr-TR\"}]}<\/script>\n<!-- \/ Yoast SEO plugin. -->","yoast_head_json":{"title":"K\u0131br\u0131s adas\u0131n\u0131n kuzeyindeki Girne \u015fehri","description":"Girne \u015fehri, K\u0131br\u0131s adas\u0131n\u0131n kuzeyinde yer almaktad\u0131r. Beyaz kumsallar ve cazibe merkezleri nedeniyle turistler ona \u00e7ekiliyor.","robots":{"index":"index","follow":"follow","max-snippet":"max-snippet:-1","max-image-preview":"max-image-preview:large","max-video-preview":"max-video-preview:-1"},"canonical":"https:\/\/laroni-real-estate.com\/kyrenia\/","og_locale":"tr_TR","og_type":"article","og_title":"K\u0131br\u0131s adas\u0131n\u0131n kuzeyindeki Girne \u015fehri","og_description":"Girne \u015fehri, K\u0131br\u0131s adas\u0131n\u0131n kuzeyinde yer almaktad\u0131r. Beyaz kumsallar ve cazibe merkezleri nedeniyle turistler ona \u00e7ekiliyor.","og_url":"https:\/\/laroni-real-estate.com\/kyrenia\/","og_site_name":"Vastus Ltd.","article_modified_time":"2021-02-26T08:50:00+00:00","twitter_card":"summary_large_image","twitter_misc":{"Est. reading time":"2 minutes"},"schema":{"@context":"https:\/\/schema.org","@graph":[{"@type":"WebPage","@id":"https:\/\/laroni-real-estate.com\/kyrenia\/","url":"https:\/\/laroni-real-estate.com\/kyrenia\/","name":"The city Kyrenia in the northern part of the island of Cyprus.","isPartOf":{"@id":"https:\/\/laroni-real-estate.com\/#website"},"datePublished":"2020-10-04T07:39:03+00:00","dateModified":"2021-02-26T08:50:00+00:00","description":"Girne \u015fehri, K\u0131br\u0131s adas\u0131n\u0131n kuzeyinde yer almaktad\u0131r. Beyaz kumsallar ve cazibe merkezleri nedeniyle turistler ona \u00e7ekiliyor.","breadcrumb":{"@id":"https:\/\/laroni-real-estate.com\/kyrenia\/#breadcrumb"},"inLanguage":"tr-TR","potentialAction":[{"@type":"ReadAction","target":["https:\/\/laroni-real-estate.com\/kyrenia\/"]}]},{"@type":"BreadcrumbList","@id":"https:\/\/laroni-real-estate.com\/kyrenia\/#breadcrumb","itemListElement":[{"@type":"ListItem","position":1,"name":"Startseite","item":"https:\/\/laroni-real-estate.com\/no\/"},{"@type":"ListItem","position":2,"name":"Kyrenia"}]},{"@type":"WebSite","@id":"https:\/\/laroni-real-estate.com\/#website","url":"https:\/\/laroni-real-estate.com\/","name":"Vastus Ltd.","description":"","potentialAction":[{"@type":"SearchAction","target":{"@type":"EntryPoint","urlTemplate":"https:\/\/laroni-real-estate.com\/?s={search_term_string}"},"query-input":{"@type":"PropertyValueSpecification","valueRequired":true,"valueName":"search_term_string"}}],"inLanguage":"tr-TR"}]}},"_links":{"self":[{"href":"https:\/\/laroni-real-estate.com\/tr\/wp-json\/wp\/v2\/pages\/644","targetHints":{"allow":["GET"]}}],"collection":[{"href":"https:\/\/laroni-real-estate.com\/tr\/wp-json\/wp\/v2\/pages"}],"about":[{"href":"https:\/\/laroni-real-estate.com\/tr\/wp-json\/wp\/v2\/types\/page"}],"author":[{"embeddable":true,"href":"https:\/\/laroni-real-estate.com\/tr\/wp-json\/wp\/v2\/users\/1"}],"replies":[{"embeddable":true,"href":"https:\/\/laroni-real-estate.com\/tr\/wp-json\/wp\/v2\/comments?post=644"}],"version-history":[{"count":75,"href":"https:\/\/laroni-real-estate.com\/tr\/wp-json\/wp\/v2\/pages\/644\/revisions"}],"predecessor-version":[{"id":1396,"href":"https:\/\/laroni-real-estate.com\/tr\/wp-json\/wp\/v2\/pages\/644\/revisions\/1396"}],"wp:attachment":[{"href":"https:\/\/laroni-real-estate.com\/tr\/wp-json\/wp\/v2\/media?parent=644"}],"curies":[{"name":"wp","href":"https:\/\/api.w.org\/{rel}","templated":true}]}}