{"id":453,"date":"2018-10-23T08:32:11","date_gmt":"2018-10-23T06:32:11","guid":{"rendered":"http:\/\/www.vastus.ltd\/?page_id=453"},"modified":"2021-03-11T14:42:13","modified_gmt":"2021-03-11T13:42:13","slug":"datenschutzerklaerung","status":"publish","type":"page","link":"https:\/\/laroni-real-estate.com\/tr\/datenschutzerklaerung\/","title":{"rendered":"Gizlilik Politikas\u0131"},"content":{"rendered":"<p>[vc_row][vc_column][vc_column_text]<\/p>\n<h2>Gizlilik Politikas\u0131<\/h2>\n<p>[\/vc_column_text][\/vc_column][\/vc_row][vc_row][vc_column][vc_column_text]<\/p>\n<h2>Datenschutzerkl\u00e4rung<\/h2>\n<p>\u00a71 Ki\u015fisel veri toplama ile ilgili bilgilendirme<\/p>\n<p>1) A\u015fa\u011f\u0131da, bu web sitesinin kullan\u0131m\u0131nda ki\u015fisel verilerin toplanmas\u0131 ile ilgili bilgilendiriyoruz. Ki\u015fisel veriler, isim, adres, e-posta adresi, kullan\u0131m al\u0131\u015fk\u0131nl\u0131klar\u0131 gibi \u00f6zel bilgilerdir.<\/p>\n<p>2) AB-Veri koruma kararnamesi (DS-GVO) Madde 4 paragraf 7\u2019ye g\u00f6re sorumlu kurum<\/p>\n<p>&nbsp;<\/p>\n<p>Vastus Ltd.<\/p>\n<p>Chrysanthou Mylona, 16<\/p>\n<p>1st floor, flat\/office 101<\/p>\n<p>Akropoli, 2014, Nicosia<\/p>\n<p>Cyprus<\/p>\n<p>3) E-posta veya ileti\u015fim formu ile bizimle ileti\u015fime ge\u00e7ildi\u011fi halde bize ula\u015fan bilgiler (e-posta adresi, isim ve\/veya adres; gerekti\u011finde telefon numaras\u0131), konunun i\u015flenebilmesi i\u00e7in kaydedilir. Ek bilgilerin iletilmesi g\u00f6n\u00fcll\u00fcd\u00fcr ve bize sadece konu ile ilgili irtibata ge\u00e7meyi kolayla\u015ft\u0131r\u0131r. Bununla beraber iletilen veriler, kayd\u0131n\u0131n gereklili\u011fi kalmad\u0131\u011f\u0131 s\u00fcrece silinir veya yasal saklama y\u00fck\u00fcml\u00fcl\u00fc\u011f\u00fc olu\u015ftu\u011fu taktirde i\u015flemi k\u0131s\u0131tlan\u0131r.<\/p>\n<p>4) Sunumlar\u0131m\u0131z\u0131n bireysel fonksiyonlar\u0131 i\u00e7in \u00fc\u00e7\u00fcnc\u00fc bir hizmet \u015firketi g\u00f6revlendirildi\u011finde veya verilerinizi promosyon ama\u00e7l\u0131 kullan\u0131ld\u0131\u011f\u0131nda, s\u00fcregelen i\u015flemler hakk\u0131nda bilgilendirilirsiniz.<\/p>\n<p><strong>\u00a72 Yasal Haklar\u0131n\u0131z<\/strong><\/p>\n<p>1) Ki\u015fisel verileriniz ile ilgili a\u015fa\u011f\u0131daki haklara sahipsiniz<br \/>\n\u2013 Bilgi edinme hakki<br \/>\n\u2013 D\u00fczeltme ve silme hakki<br \/>\n\u2013 \u0130\u015flemi k\u0131s\u0131tlama hakki, i\u015fleme itiraz etme hakki<br \/>\n\u2013 Veri devir hakki<\/p>\n<p>2) Bunun yani s\u0131ra veri koruma tetkik mercii b\u00fcnyesinde \u015fikayet hakk\u0131na sahipsiniz.<\/p>\n<p><strong> \u00a73 Web sitesi ziyaretinde ki\u015fisel veri toplama <\/strong><\/p>\n<p>1) Web sitemize yap\u0131lan bilgi ama\u00e7l\u0131 ziyaretlerde, yani kay\u0131t olmad\u0131\u011f\u0131n\u0131z ve ba\u015fka yolla bilgi payla\u015fmad\u0131\u011f\u0131n\u0131z taktirde, sadece taray\u0131c\u0131n\u0131z\u0131n sunucumuza g\u00f6nderdi\u011fi ki\u015fisel verileriniz kaydedilir.<\/p>\n<p>Web sitesini g\u00f6r\u00fcnt\u00fcleyebilmek ve istikrar\u0131n\u0131 ve g\u00fcvenli\u011fini sa\u011flayabilmek i\u00e7in teknik a\u00e7\u0131dan a\u015fa\u011f\u0131daki veriler gerekmektedir (mad. 6 par. 1 S. 1 lit. f DS-GVO):<\/p>\n<ul>\n<li>IP-Adresi<\/li>\n<li>Ba\u015fvurunun saati ve tarihi<\/li>\n<li>Greenwich Mean Time saat fark\u0131<\/li>\n<li>Ba\u015fvurunun i\u00e7eri\u011fi (ger\u00e7ek site)<\/li>\n<li>Eri\u015fim durumu\/HTTP-durum kodu<\/li>\n<li>Aktar\u0131lan veri miktar\u0131<\/li>\n<li>Ba\u015fvurunun ula\u015ft\u0131\u011f\u0131 web sitesi<\/li>\n<li>Taray\u0131c\u0131<\/li>\n<li>\u0130\u015fletim sistemi ve y\u00fczeyi<\/li>\n<li>Taray\u0131c\u0131 yaz\u0131l\u0131m\u0131n\u0131n dili ve versiyonu<\/li>\n<\/ul>\n<p>2) Buna ek olarak, web sitemizin kullan\u0131m\u0131nda bilgisayar\u0131n\u0131za \u00e7erez y\u00fcklenir.<br \/>\n\u00c7erezler, kulland\u0131\u011f\u0131n\u0131z taray\u0131c\u0131 taraf\u0131ndan bilgisayar\u0131n\u0131za y\u00fcklenen ve \u00e7erezleri kullanana (bu durumda bize) belirli bilgileri aktaran, k\u00fc\u00e7\u00fck metin dosyalar\u0131d\u0131r. \u00c7erezler uygulama kullanmaz ve vir\u00fcs y\u00fcklemez. \u00c7erezler sadece internet sunumlar\u0131n\u0131 daha m\u00fc\u015fteri odakl\u0131 ve daha kullan\u0131\u015fl\u0131 olmas\u0131n\u0131 sa\u011flar.<\/p>\n<p>3) \u00c7erezlerin kullan\u0131m\u0131:<\/p>\n<p>a. Kapsam\u0131n\u0131 ve kullan\u0131m\u0131n\u0131 a\u015fa\u011f\u0131da a\u00e7\u0131klad\u0131\u011f\u0131m\u0131z, s\u0131ralanan \u00e7erez t\u00fcrlerini kullan\u0131yoruz:<br \/>\nGe\u00e7ici \u00e7erezler (bak. b)<br \/>\nKal\u0131c\u0131 \u00e7erezler (bak. c)<\/p>\n<p>b. Ge\u00e7ici \u00e7erezler<br \/>\nBu t\u00fcr \u00e7erezler, taray\u0131c\u0131y\u0131 kapatt\u0131\u011f\u0131n\u0131zda silinir. Buna \u00f6zellikle Session-Cookies (oturum \u00e7erezleri) diye adland\u0131r\u0131lan \u00e7erezler dahildir. Bunlar, taray\u0131c\u0131n\u0131z\u0131n her oturumda (yani web site ziyareti) \u00e7e\u015fitli ba\u015fvurular\u0131n\u0131 ba\u011flad\u0131\u011f\u0131 oturum kimli\u011fini (Session-ID) kaydeder. Oturum \u00e7erezleri oturumu veya taray\u0131c\u0131n\u0131z\u0131 kapatt\u0131\u011f\u0131n\u0131zda silinir.<\/p>\n<p>c. Kal\u0131c\u0131 \u00e7erezler belirtilen s\u00fcre sonras\u0131 otomatikman silinir. Bu s\u00fcre \u00e7erezlere g\u00f6re de\u011fi\u015fir. Taray\u0131c\u0131n\u0131z\u0131n g\u00fcvenlik ayarlar\u0131ndan, \u00e7erezleri her daim silebilirsiniz.<\/p>\n<p>d. Taray\u0131c\u0131 ayarlar\u0131n\u0131 arzulad\u0131\u011f\u0131n\u0131z \u015fekilde ayarlayabilir ve \u00f6rne\u011fin \u00fc\u00e7\u00fcnc\u00fc \u015fah\u0131s \u00e7erezlerini veya genel olarak \u00e7erezleri reddedebilirsiniz. Fakat \u015funa dikkat \u00e7ekmek gerek ki, muhtemelen web sitesinin t\u00fcm fonksiyonlar\u0131ndan yararlanamaya bilirsiniz.<\/p>\n<p>e. Sizi veya bilgisayar\u0131n\u0131z\u0131, hesab\u0131n\u0131za giri\u015f yapt\u0131\u011f\u0131n\u0131zda yeniden tan\u0131yabilmek i\u00e7in, taraf\u0131m\u0131zdan \u00e7erezler kullan\u0131l\u0131r. Aksi taktirde her ziyaretinizde hesab\u0131n\u0131za yeniden giri\u015f yapman\u0131z gerekir.<\/p>\n<p><strong>\u00a74 Web sitemizin di\u011fer fonksiyonlar\u0131 ve sunumlar\u0131 <\/strong><\/p>\n<ul>\n<li>(1) Bilgi ama\u00e7l\u0131 kullan\u0131m\u0131 d\u0131\u015f\u0131nda web sitemiz, ilgi duyulmas\u0131 halinde farkl\u0131 hizmetler de sunabilir. Farkl\u0131 hizmetlerden yararlanabilmek i\u00e7in genelde daha farkl\u0131 ki\u015fisel bilgiler verilmesi gerekir ve bu bilgiler yukar\u0131da belirtilen veri i\u015fleme kurallar\u0131na tabiidir.<\/li>\n<li>(2) Verilerinizin i\u015flenmesi i\u00e7in k\u0131smen harici hizmet sa\u011flay\u0131c\u0131lar\u0131 kullan\u0131labilir. Bunlar titizlikle se\u00e7ilir, talimatlar\u0131m\u0131za ba\u011fl\u0131lard\u0131r ve s\u00fcrekli taraf\u0131m\u0131zdan kontrol edilir.<\/li>\n<li>(3) Bunun d\u0131\u015f\u0131nda ki\u015fisel verilerinizi, \u00fc\u00e7\u00fcnc\u00fc \u015fah\u0131slarla y\u00fcr\u00fctt\u00fc\u011f\u00fcm\u00fcz kampanyalara, \u015fans oyunlar\u0131na, kontratlara veya benzer aksiyonlara kat\u0131ld\u0131\u011f\u0131n\u0131z taktirde, \u00fc\u00e7\u00fcnc\u00fc \u015fah\u0131slara verme hakk\u0131na sahibiz.<\/li>\n<li>(4) Hizmet sa\u011flay\u0131c\u0131lar\u0131n veya ortaklar\u0131n merkezleri, Avrupa ekonomik alan\u0131 d\u0131\u015f\u0131ndaysa, yani DS-GVO kapsam\u0131 d\u0131\u015f\u0131ndaysa, bu durumun neticeleri sunulan hizmetin tarifinde a\u00e7\u0131klan\u0131r.<\/li>\n<\/ul>\n<p><strong>\u00a75 Verilerinizin i\u015flenmesine itiraz veya iptal iste\u011fi <\/strong><\/p>\n<ul>\n<li>1) Verilerin islenmesine verilen izin, her zaman iptal edilebilir. \u0130ptal iste\u011fi, ba\u015fvuru an\u0131ndan itibaren ki\u015fisel verilerinizin i\u015flenme me\u015fruiyetini etkiler.<\/li>\n<li>2) Ki\u015fisel verilerinizin islenmesini \u00e7\u0131kar \u00f6l\u00e7\u00fcs\u00fcne dayand\u0131rd\u0131\u011f\u0131n\u0131zda, verilerin i\u015flenmesine itiraz edebilirsiniz. Bu \u00f6zellikle kontrat\u0131 yerine getirme \u015fart\u0131 olmad\u0131\u011f\u0131 halde ge\u00e7erlidir. Bu t\u00fcr itiraz s\u00fcrecinde, verilerinizin neden i\u015flenmesini istemedi\u011finizin nedenlerini a\u00e7\u0131klaman\u0131z\u0131 rica ederiz. Makul itirazlarda verilerinizin i\u015flenmesi durdurulur veya ayarlan\u0131r veya verilerinizin neden i\u015flenmesi gerekti\u011fini belirten bir a\u00e7\u0131klama yap\u0131l\u0131r.<\/li>\n<li>3) Ki\u015fisel verilerinizin reklam ve veri analizi i\u00e7in islenmesine itiraz edebilirsiniz. Reklam ile ilgili itirazlar\u0131n\u0131z\u0131 belirtilen adrese iletebilirsiniz: yaz\u0131l\u0131 olarak:<\/li>\n<\/ul>\n<p>&nbsp;<\/p>\n<p>Chrysanthou Mylona, 16<\/p>\n<p>1st floor, flat\/office 101<\/p>\n<p>Akropoli, 2014, Nicosia<\/p>\n<p>Cyprus<\/p>\n<p><strong>\u00a76 Google Analytics kullan\u0131m\u0131<\/strong><\/p>\n<ul>\n<li>1) Bu web sitesi, Google Inc. taraf\u0131ndan i\u015fletilen, internet analiz hizmeti Google Analytics\u2019i kullan\u0131yor. Google Analytics, \u00e7erez isimli, bilgisayar\u0131n\u0131za kaydedilen ve kullan\u0131lan web sitelerin analizi i\u00e7in kullan\u0131lan metin dosyalar\u0131 kullan\u0131yor. \u00c7erez taraf\u0131ndan olu\u015fturulan ve web sitesinin kullan\u0131m\u0131 hakk\u0131nda olu\u015fturulan bilgiler, ABD\u2019de bulunan Google sunucular\u0131na iletilir ve kaydedilir. IP-Anonimize fonksiyonunun aktifle\u015ftirilmesi halinde, IP-Adresiniz, Avrupa Birli\u011fi \u00fcyesi \u00fclkeler veya di\u011fer Avrupa Ekonomik Alan\u0131 kapsam\u0131ndaki \u00fclkeler dahilinde Google taraf\u0131ndan k\u0131salt\u0131l\u0131r. Sadece istisnai durumlarda IP-Adresi komple ABD\u2019de bulunan Google sunucusuna iletilir ve orada k\u0131salt\u0131l\u0131r. Bu web sitesi operat\u00f6r\u00fcn\u00fcn talimat\u0131 \u00fczerine Google, bu bilgileri web sitesinin kullan\u0131m\u0131 ile ilgili de\u011ferlendirir, web site aktiviteleri hakk\u0131nda raporlar\u0131 toplar ve web site ve internet kullan\u0131m\u0131 ile ba\u011flant\u0131l\u0131 hizmetleri sa\u011flar.<\/li>\n<li>2) Taray\u0131c\u0131n\u0131zdan g\u00f6nderilen ve Google Analytics taraf\u0131ndan toplanan IP-Adresiniz, Google\u2019nin di\u011fer verileriyle birle\u015ftirilmez.<\/li>\n<li>3) \u00c7erezlerin kayd\u0131n\u0131 taray\u0131c\u0131n\u0131z\u0131n ayarlar\u0131 ile engelleyebilirsiniz.<\/li>\n<\/ul>\n<p>Fakat \u015funa dikkat \u00e7ekeriz ki, bu durumda web sitesinin t\u00fcm fonksiyonlar\u0131n\u0131n kullan\u0131lamayaca\u011f\u0131 ihtimali olu\u015fabilir. Bunun d\u0131\u015f\u0131nda, \u00e7erez taraf\u0131ndan olu\u015fturulan ve web site ziyaretiniz ile ilgili verilerin (IP-Adresi dahil) Google\u2019nin kaydetmesini ve Google taraf\u0131ndan i\u015flenmesini engellemek i\u00e7in, a\u015fa\u011f\u0131daki link ile ula\u015fabilece\u011finiz taray\u0131c\u0131 eklentisini indirin ve y\u00fckleyin: Browser-Plugin.<\/p>\n<ul>\n<li>4) Bu web site \u201canonymizelp\u201d uzatmal\u0131 Google Analytics kullan\u0131yor. B\u00f6ylece IP-Adresleri k\u0131salt\u0131larak i\u015flenir ve ki\u015fiyle ili\u015fkilendirilmesi engellenir. Toplanan verilerde ki\u015fiyle irtibat sa\u011flan\u0131ld\u0131\u011f\u0131 taktirde, ki\u015fisel veriler silinir ve toplanmas\u0131 engellenir. Google Analytics taraf\u0131ndan verilerin toplanmas\u0131n\u0131 \u015fu linke t\u0131klayarak da engelleyebilirsiniz. B\u00f6ylece Opt-Out-\u00c7erezi olu\u015fturulur ve ilerde bu web siteyi ziyaret etti\u011finizde verilerinizin toplanmas\u0131 engellenir.<\/li>\n<li>5) Google Analytics, web sitede kullan\u0131m davran\u0131\u015flar\u0131n\u0131 analiz etmek ve iyile\u015ftirmek i\u00e7in taraf\u0131m\u0131zdan kullan\u0131l\u0131r. Kazan\u0131lan istatistikler ile hizmetimizi iyile\u015ftirebilir ve kullan\u0131c\u0131lar i\u00e7in daha cazip veya kullan\u0131\u015fl\u0131 hale getirebiliriz. Ki\u015fisel verilerin ABD\u2019ye iletilmesi gibi istisnai durumlar i\u00e7in Google, EU-US Privacy Shield kurallar\u0131na tabii oldu, https:\/\/www.privacyshield.gov\/EU-US-Framework. Google Analytics kullan\u0131m\u0131, Madde 6 Paragraf 1 S. 1 lit. f DS-GVO yasal \u00e7er\u00e7evesine dahildir.<\/li>\n<li>6) \u00dc\u00e7\u00fcnc\u00fc \u015fah\u0131s bilgileri: Google Dublin, Google Ireland Ltd., Gordon House, Barrow Street, Dublin 4, Ireland, Fax: +353 (1) 436\u20091001. Kullan\u0131c\u0131 Sartlar\u0131, Veri Koruma, Gizlilik Politikas\u0131.<\/li>\n<\/ul>\n<p>[\/vc_column_text][\/vc_column][\/vc_row]<\/p>\n","protected":false},"excerpt":{"rendered":"<p>[vc_row][vc_column][vc_column_text] Gizlilik Politikas\u0131 [\/vc_column_text][\/vc_column][\/vc_row][vc_row][vc_column][vc_column_text] Datenschutzerkl\u00e4rung \u00a71 Ki\u015fisel veri toplama ile ilgili bilgilendirme 1) A\u015fa\u011f\u0131da, bu web sitesinin kullan\u0131m\u0131nda ki\u015fisel verilerin toplanmas\u0131 ile ilgili bilgilendiriyoruz. Ki\u015fisel veriler, isim, adres, e-posta adresi, kullan\u0131m al\u0131\u015fk\u0131nl\u0131klar\u0131 gibi \u00f6zel bilgilerdir. 2) AB-Veri koruma kararnamesi (DS-GVO) Madde 4 paragraf 7\u2019ye g\u00f6re sorumlu kurum &nbsp; Vastus Ltd. Chrysanthou Mylona, 16 1st floor,&hellip;<\/p>\n","protected":false},"author":1,"featured_media":0,"parent":0,"menu_order":0,"comment_status":"closed","ping_status":"closed","template":"","meta":{"_joinchat":[],"footnotes":""},"class_list":["post-453","page","type-page","status-publish","hentry","description-off"],"translation":{"provider":"WPGlobus","version":"3.0.0","language":"tr","enabled_languages":["en","de","tr","sv","ru","ar","gr","no","fr","es"],"languages":{"en":{"title":true,"content":true,"excerpt":false},"de":{"title":true,"content":true,"excerpt":false},"tr":{"title":true,"content":true,"excerpt":false},"sv":{"title":false,"content":false,"excerpt":false},"ru":{"title":true,"content":true,"excerpt":false},"ar":{"title":true,"content":true,"excerpt":false},"gr":{"title":true,"content":true,"excerpt":false},"no":{"title":false,"content":false,"excerpt":false},"fr":{"title":false,"content":false,"excerpt":false},"es":{"title":false,"content":false,"excerpt":false}}},"yoast_head":"<!-- This site is optimized with the Yoast SEO plugin v26.0 - https:\/\/yoast.com\/wordpress\/plugins\/seo\/ -->\n<title>Gizlilik Politikas\u0131 - Vastus Ltd.<\/title>\n<meta name=\"robots\" content=\"index, follow, max-snippet:-1, max-image-preview:large, max-video-preview:-1\" \/>\n<link rel=\"canonical\" href=\"https:\/\/laroni-real-estate.com\/fr\/datenschutzerklaerung\/\" \/>\n<meta property=\"og:locale\" content=\"tr_TR\" \/>\n<meta property=\"og:type\" content=\"article\" \/>\n<meta property=\"og:title\" content=\"Gizlilik Politikas\u0131 - Vastus Ltd.\" \/>\n<meta property=\"og:url\" content=\"https:\/\/laroni-real-estate.com\/fr\/datenschutzerklaerung\/\" \/>\n<meta property=\"og:site_name\" content=\"Vastus Ltd.\" \/>\n<meta property=\"article:modified_time\" content=\"2021-03-11T13:42:13+00:00\" \/>\n<meta name=\"twitter:card\" content=\"summary_large_image\" \/>\n<meta name=\"twitter:label1\" content=\"Est. reading time\" \/>\n\t<meta name=\"twitter:data1\" content=\"7 minutes\" \/>\n<script type=\"application\/ld+json\" class=\"yoast-schema-graph\">{\"@context\":\"https:\/\/schema.org\",\"@graph\":[{\"@type\":\"WebPage\",\"@id\":\"https:\/\/laroni-real-estate.com\/fr\/datenschutzerklaerung\/\",\"url\":\"https:\/\/laroni-real-estate.com\/fr\/datenschutzerklaerung\/\",\"name\":\"Gizlilik Politikas\u0131 - Vastus Ltd.\",\"isPartOf\":{\"@id\":\"https:\/\/laroni-real-estate.com\/#website\"},\"datePublished\":\"2018-10-23T06:32:11+00:00\",\"dateModified\":\"2021-03-11T13:42:13+00:00\",\"breadcrumb\":{\"@id\":\"https:\/\/laroni-real-estate.com\/fr\/datenschutzerklaerung\/#breadcrumb\"},\"inLanguage\":\"tr-TR\",\"potentialAction\":[{\"@type\":\"ReadAction\",\"target\":[\"https:\/\/laroni-real-estate.com\/fr\/datenschutzerklaerung\/\"]}]},{\"@type\":\"BreadcrumbList\",\"@id\":\"https:\/\/laroni-real-estate.com\/fr\/datenschutzerklaerung\/#breadcrumb\",\"itemListElement\":[{\"@type\":\"ListItem\",\"position\":1,\"name\":\"Startseite\",\"item\":\"https:\/\/laroni-real-estate.com\/no\/\"},{\"@type\":\"ListItem\",\"position\":2,\"name\":\"Privacy statement\"}]},{\"@type\":\"WebSite\",\"@id\":\"https:\/\/laroni-real-estate.com\/#website\",\"url\":\"https:\/\/laroni-real-estate.com\/\",\"name\":\"Vastus Ltd.\",\"description\":\"\",\"potentialAction\":[{\"@type\":\"SearchAction\",\"target\":{\"@type\":\"EntryPoint\",\"urlTemplate\":\"https:\/\/laroni-real-estate.com\/?s={search_term_string}\"},\"query-input\":{\"@type\":\"PropertyValueSpecification\",\"valueRequired\":true,\"valueName\":\"search_term_string\"}}],\"inLanguage\":\"tr-TR\"}]}<\/script>\n<!-- \/ Yoast SEO plugin. -->","yoast_head_json":{"title":"Gizlilik Politikas\u0131 - Vastus Ltd.","robots":{"index":"index","follow":"follow","max-snippet":"max-snippet:-1","max-image-preview":"max-image-preview:large","max-video-preview":"max-video-preview:-1"},"canonical":"https:\/\/laroni-real-estate.com\/fr\/datenschutzerklaerung\/","og_locale":"tr_TR","og_type":"article","og_title":"Gizlilik Politikas\u0131 - Vastus Ltd.","og_url":"https:\/\/laroni-real-estate.com\/fr\/datenschutzerklaerung\/","og_site_name":"Vastus Ltd.","article_modified_time":"2021-03-11T13:42:13+00:00","twitter_card":"summary_large_image","twitter_misc":{"Est. reading time":"7 minutes"},"schema":{"@context":"https:\/\/schema.org","@graph":[{"@type":"WebPage","@id":"https:\/\/laroni-real-estate.com\/fr\/datenschutzerklaerung\/","url":"https:\/\/laroni-real-estate.com\/fr\/datenschutzerklaerung\/","name":"Gizlilik Politikas\u0131 - Vastus Ltd.","isPartOf":{"@id":"https:\/\/laroni-real-estate.com\/#website"},"datePublished":"2018-10-23T06:32:11+00:00","dateModified":"2021-03-11T13:42:13+00:00","breadcrumb":{"@id":"https:\/\/laroni-real-estate.com\/fr\/datenschutzerklaerung\/#breadcrumb"},"inLanguage":"tr-TR","potentialAction":[{"@type":"ReadAction","target":["https:\/\/laroni-real-estate.com\/fr\/datenschutzerklaerung\/"]}]},{"@type":"BreadcrumbList","@id":"https:\/\/laroni-real-estate.com\/fr\/datenschutzerklaerung\/#breadcrumb","itemListElement":[{"@type":"ListItem","position":1,"name":"Startseite","item":"https:\/\/laroni-real-estate.com\/no\/"},{"@type":"ListItem","position":2,"name":"Privacy statement"}]},{"@type":"WebSite","@id":"https:\/\/laroni-real-estate.com\/#website","url":"https:\/\/laroni-real-estate.com\/","name":"Vastus Ltd.","description":"","potentialAction":[{"@type":"SearchAction","target":{"@type":"EntryPoint","urlTemplate":"https:\/\/laroni-real-estate.com\/?s={search_term_string}"},"query-input":{"@type":"PropertyValueSpecification","valueRequired":true,"valueName":"search_term_string"}}],"inLanguage":"tr-TR"}]}},"_links":{"self":[{"href":"https:\/\/laroni-real-estate.com\/tr\/wp-json\/wp\/v2\/pages\/453","targetHints":{"allow":["GET"]}}],"collection":[{"href":"https:\/\/laroni-real-estate.com\/tr\/wp-json\/wp\/v2\/pages"}],"about":[{"href":"https:\/\/laroni-real-estate.com\/tr\/wp-json\/wp\/v2\/types\/page"}],"author":[{"embeddable":true,"href":"https:\/\/laroni-real-estate.com\/tr\/wp-json\/wp\/v2\/users\/1"}],"replies":[{"embeddable":true,"href":"https:\/\/laroni-real-estate.com\/tr\/wp-json\/wp\/v2\/comments?post=453"}],"version-history":[{"count":28,"href":"https:\/\/laroni-real-estate.com\/tr\/wp-json\/wp\/v2\/pages\/453\/revisions"}],"predecessor-version":[{"id":1536,"href":"https:\/\/laroni-real-estate.com\/tr\/wp-json\/wp\/v2\/pages\/453\/revisions\/1536"}],"wp:attachment":[{"href":"https:\/\/laroni-real-estate.com\/tr\/wp-json\/wp\/v2\/media?parent=453"}],"curies":[{"name":"wp","href":"https:\/\/api.w.org\/{rel}","templated":true}]}}