{"id":446,"date":"2018-10-23T08:16:55","date_gmt":"2018-10-23T06:16:55","guid":{"rendered":"http:\/\/www.vastus.ltd\/?page_id=446"},"modified":"2021-02-28T16:41:30","modified_gmt":"2021-02-28T15:41:30","slug":"ueber-uns","status":"publish","type":"page","link":"https:\/\/laroni-real-estate.com\/tr\/ueber-uns\/","title":{"rendered":"Hakk\u0131m\u0131zda"},"content":{"rendered":"<p>[vc_row][vc_column][vc_empty_space height=&#8221;150px&#8221;][\/vc_column][\/vc_row][vc_row][vc_column][vc_column_text]<\/p>\n<h1>Hakk\u0131m\u0131zda<\/h1>\n<p>[\/vc_column_text][\/vc_column][\/vc_row][vc_row][vc_column][vc_column_text]<\/p>\n<p style=\"text-align: justify;\">Vastus LTD. olarak Almanya&#8217;da uzun y\u0131llard\u0131r hizmet vermekteyiz. \u00c7al\u0131\u015fmalar\u0131m\u0131z\u0131n en y\u00fcksek enerji ve sa\u011fl\u0131k standartlar\u0131nda y\u00fcr\u00fct\u00fclmesini sa\u011flamak i\u00e7in her zaman \u00e7ok dikkatli olduk. Bu, \u201cEvinizi biz in\u015fa ederiz\u201d slogan\u0131m\u0131z\u0131n gerektirdi\u011fi bir y\u00fck\u00fcml\u00fcl\u00fckt\u00fcr.<\/p>\n<p style=\"text-align: justify;\">\u00d6nce ailenizin g\u00fcvenli\u011fi gelir. Bunu ba\u015farmak i\u00e7in sadece en kaliteli malzemeleri kullan\u0131yoruz. \u0130\u00e7eride ve d\u0131\u015far\u0131da, metal veya ah\u015fap, \u0131s\u0131 yal\u0131t\u0131m\u0131 ve yang\u0131ndan korunma, tavan, zemin ve duvar malzemelerinin t\u00fcm\u00fc en y\u00fcksek standartlar\u0131 kar\u015f\u0131layan malzemelerden se\u00e7ilir. Tasar\u0131mlar\u0131m\u0131z, en hassas statik ve mimari hesaplamalara g\u00f6re in\u015fa edilir.<\/p>\n<p>[\/vc_column_text][\/vc_column][\/vc_row][vc_row][vc_column][vc_empty_space height=&#8221;150px&#8221;][\/vc_column][\/vc_row][vc_row full_width=&#8221;stretch_row_content_no_spaces&#8221;][vc_column]\n\t\t\t<!-- START Villa zu vermieten TR REVOLUTION SLIDER 6.5.7 --><p class=\"rs-p-wp-fix\"><\/p>\n\t\t\t<rs-module-wrap id=\"rev_slider_25_1_wrapper\" data-source=\"gallery\" style=\"visibility:hidden;background:transparent;padding:0;\">\n\t\t\t\t<rs-module id=\"rev_slider_25_1\" style=\"\" data-version=\"6.5.7\">\n\t\t\t\t\t<rs-slides>\n\t\t\t\t\t\t<rs-slide style=\"position: absolute;\" data-key=\"rs-36\" data-title=\"Slide\" data-anim=\"ms:1000;r:0;\" data-in=\"o:0;\" data-out=\"a:false;\">\n\t\t\t\t\t\t\t<img loading=\"lazy\" decoding=\"async\" src=\"\/\/laroni-real-estate.com\/wp-content\/plugins\/revslider\/public\/assets\/assets\/dummy.png\" title=\"Vastus-Immobilie-Drohnenaufnahme-03-1920&#215;1280\" width=\"1920\" height=\"1079\" class=\"rev-slidebg tp-rs-img rs-lazyload\" data-lazyload=\"\/\/www.vastus.ltd\/wp-content\/uploads\/2020\/08\/Vastus-Immobilie-Drohnenaufnahme-03-1920x1280-1.jpg\" data-parallax=\"15\" data-no-retina>\n<!--\n\t\t\t\t\t\t\t--><h2\n\t\t\t\t\t\t\t\tid=\"slider-25-slide-36-layer-2\" \n\t\t\t\t\t\t\t\tclass=\"rs-layer\"\n\t\t\t\t\t\t\t\tdata-type=\"text\"\n\t\t\t\t\t\t\t\tdata-color=\"#000000\"\n\t\t\t\t\t\t\t\tdata-rsp_ch=\"on\"\n\t\t\t\t\t\t\t\tdata-xy=\"x:c;y:330px;\"\n\t\t\t\t\t\t\t\tdata-text=\"w:normal;s:64;l:96;fw:500;\"\n\t\t\t\t\t\t\t\tdata-basealign=\"slide\"\n\t\t\t\t\t\t\t\tdata-padding=\"t:20;r:20;b:20;l:20;\"\n\t\t\t\t\t\t\t\tdata-frame_1=\"st:400;sp:600;\"\n\t\t\t\t\t\t\t\tdata-frame_999=\"o:0;st:w;\"\n\t\t\t\t\t\t\t\tstyle=\"z-index:9;background-color:rgba(255,255,255,0.55);font-family:'Roboto';text-transform:uppercase;\"\n\t\t\t\t\t\t\t>Daha fazla bilgi i\u00e7in bize ula\u015f\u0131n! \n\t\t\t\t\t\t\t<\/h2><!--\n-->\t\t\t\t\t\t<\/rs-slide>\n\t\t\t\t\t<\/rs-slides>\n\t\t\t\t<\/rs-module>\n\t\t\t\t<script type=\"text\/javascript\">\n\t\t\t\t\tsetREVStartSize({c: 'rev_slider_25_1',rl:[1240,1024,778,480],el:[1280],gw:[1920],gh:[1280],type:'standard',justify:'',layout:'fullscreen',offsetContainer:'',offset:'',mh:\"0\"});if (window.RS_MODULES!==undefined && window.RS_MODULES.modules!==undefined && window.RS_MODULES.modules[\"revslider251\"]!==undefined) {window.RS_MODULES.modules[\"revslider251\"].once = false;window.revapi25 = undefined;if (window.RS_MODULES.checkMinimal!==undefined) window.RS_MODULES.checkMinimal()}\n\t\t\t\t<\/script>\n\t\t\t<\/rs-module-wrap>\n\t\t\t<!-- END REVOLUTION SLIDER -->\n[\/vc_column][\/vc_row][vc_row][vc_column][vc_empty_space height=&#8221;150px&#8221;][\/vc_column][\/vc_row][vc_row][vc_column][vc_column_text]<\/p>\n<h3>BUNU, T\u00dcM TESL\u0130MAT TAR\u0130HLER\u0130NE T\u0130T\u0130ZL\u0130KLE SADIK KALARAK KANITLIYORUZ<\/h3>\n<p>[\/vc_column_text][vc_column_text]<\/p>\n<p style=\"text-align: justify;\">Bizimle \u00e7al\u0131\u015ft\u0131\u011f\u0131n\u0131zda hi\u00e7bir gizli maliyet s\u00fcpr\u00fcz\u00fcyle kar\u015f\u0131la\u015fmayacaks\u0131n\u0131z. \u0130n\u015faat \u00e7al\u0131\u015fmalar\u0131 s\u0131ras\u0131nda b\u00fct\u00e7e d\u00fczenlemesi yapmay\u0131z. Sizinle anla\u015ft\u0131\u011f\u0131m\u0131z her konuda sad\u0131k kal\u0131yoruz. Sadece sa\u011fl\u0131\u011fa zararl\u0131 olmayan yap\u0131 malzemeleri kullan\u0131yoruz. Yetkin uzman ekibimiz, sa\u011fl\u0131kl\u0131 ve do\u011fal yap\u0131 malzemeleri konusunda size tavsiyelerde bulunmaktan mutluluk duyacakt\u0131r.<\/p>\n<p style=\"text-align: justify;\">Huzurlu bir ya\u015fam ancak huzurlu bir evde m\u00fcmk\u00fcnd\u00fcr. Bu s\u00fcre\u00e7 ise in\u015faat a\u015famas\u0131yla ba\u015flar. Siz ve aileniz yeni evinizi beklerken, t\u00fcm b\u00fcrokratik y\u00fck\u00fcml\u00fcl\u00fcklerinizi yerine getiriyoruz. Tek yapman\u0131z gereken anahtarlar\u0131n\u0131z\u0131 teslim al\u0131p, yeni evinizideki yeni hayat\u0131n\u0131z\u0131 ke\u015ffetmek.<\/p>\n<p style=\"text-align: justify;\">M\u00fcstakil ev, daire veya arsa olsun, her hayale ve her b\u00fct\u00e7eye uygun bir se\u00e7enek sunmak istiyoruz. Ki\u015fiye \u00f6zel projelerle hayal g\u00fcc\u00fcn\u00fcze s\u0131n\u0131rs\u0131z \u00f6zg\u00fcrl\u00fck veriyoruz. Ayn\u0131 zamanda modern kentsel geli\u015fimi destekliyoruz ve m\u00fclklerimizi \u015fehre ve \u00e7evresine uygun planl\u0131yoruz.<\/p>\n<p>[\/vc_column_text][\/vc_column][\/vc_row][vc_row][vc_column][vc_empty_space height=&#8221;150px&#8221;][\/vc_column][\/vc_row][vc_row][vc_column width=&#8221;1\/6&#8243;][\/vc_column][vc_column width=&#8221;2\/3&#8243;]\n<div class=\"wpcf7 no-js\" id=\"wpcf7-f693-o1\" lang=\"de-DE\" dir=\"ltr\" data-wpcf7-id=\"693\">\n<div class=\"screen-reader-response\"><p role=\"status\" aria-live=\"polite\" aria-atomic=\"true\"><\/p> <ul><\/ul><\/div>\n<form action=\"\/tr\/wp-json\/wp\/v2\/pages\/446#wpcf7-f693-o1\" method=\"post\" class=\"wpcf7-form init\" aria-label=\"Contact form\" novalidate=\"novalidate\" data-status=\"init\">\n<fieldset class=\"hidden-fields-container\"><input type=\"hidden\" name=\"_wpcf7\" value=\"693\" \/><input type=\"hidden\" name=\"_wpcf7_version\" value=\"6.1.2\" \/><input type=\"hidden\" name=\"_wpcf7_locale\" value=\"de_DE\" \/><input type=\"hidden\" name=\"_wpcf7_unit_tag\" value=\"wpcf7-f693-o1\" \/><input type=\"hidden\" name=\"_wpcf7_container_post\" value=\"0\" \/><input type=\"hidden\" name=\"_wpcf7_posted_data_hash\" value=\"\" \/>\n<\/fieldset>\n<p><label><span class=\"wpcf7-form-control-wrap\" data-name=\"your-name\"><input size=\"40\" maxlength=\"400\" class=\"wpcf7-form-control wpcf7-text wpcf7-validates-as-required\" aria-required=\"true\" aria-invalid=\"false\" placeholder=\"Ad\u0131n\u0131z (Zorunlu alan)\" value=\"\" type=\"text\" name=\"your-name\" \/><\/span><\/label>\n<\/p>\n<p><label><span class=\"wpcf7-form-control-wrap\" data-name=\"telefon-mobil\"><input size=\"40\" maxlength=\"400\" class=\"wpcf7-form-control wpcf7-tel wpcf7-text wpcf7-validates-as-tel\" aria-invalid=\"false\" placeholder=\"Telefon\/ cep telefonu numaras\u0131\" value=\"\" type=\"tel\" name=\"telefon-mobil\" \/><\/span><\/label>\n<\/p>\n<p><label><span class=\"wpcf7-form-control-wrap\" data-name=\"your-email\"><input size=\"40\" maxlength=\"400\" class=\"wpcf7-form-control wpcf7-email wpcf7-validates-as-required wpcf7-text wpcf7-validates-as-email\" aria-required=\"true\" aria-invalid=\"false\" placeholder=\"E-posta (Zorunlu alan)\" value=\"\" type=\"email\" name=\"your-email\" \/><\/span><\/label>\n<\/p>\n<p><label><span class=\"wpcf7-form-control-wrap\" data-name=\"your-subject\"><input size=\"40\" maxlength=\"400\" class=\"wpcf7-form-control wpcf7-text\" aria-invalid=\"false\" placeholder=\"Konu\" value=\"\" type=\"text\" name=\"your-subject\" \/><\/span><\/label>\n<\/p>\n<p><label><span class=\"wpcf7-form-control-wrap\" data-name=\"your-message\"><textarea cols=\"40\" rows=\"10\" maxlength=\"2000\" class=\"wpcf7-form-control wpcf7-textarea\" aria-invalid=\"false\" placeholder=\"Mesaj\u0131n\u0131z\" name=\"your-message\"><\/textarea><\/span> <\/label>\n<\/p>\n<p><span class=\"wpcf7-form-control-wrap\" data-name=\"Datenschutz\"><span class=\"wpcf7-form-control wpcf7-acceptance\"><span class=\"wpcf7-list-item\"><label><input type=\"checkbox\" name=\"Datenschutz\" value=\"1\" aria-invalid=\"false\" \/><span class=\"wpcf7-list-item-label\">Veri koruma beyan\u0131n\u0131 okudum ve kabul ediyorum.<\/span><\/label><\/span><\/span><\/span>\n<\/p>\n<p><input class=\"wpcf7-form-control wpcf7-submit has-spinner\" type=\"submit\" value=\"G\u00f6nderin\" \/>\n<\/p><p style=\"display: none !important;\" class=\"akismet-fields-container\" data-prefix=\"_wpcf7_ak_\"><label>&#916;<textarea name=\"_wpcf7_ak_hp_textarea\" cols=\"45\" rows=\"8\" maxlength=\"100\"><\/textarea><\/label><input type=\"hidden\" id=\"ak_js_1\" name=\"_wpcf7_ak_js\" value=\"134\"\/><script>document.getElementById( \"ak_js_1\" ).setAttribute( \"value\", ( new Date() ).getTime() );<\/script><\/p><div class=\"wpcf7-response-output\" aria-hidden=\"true\"><\/div>\n<\/form>\n<\/div>\n[\/vc_column][vc_column width=&#8221;1\/6&#8243;][\/vc_column][\/vc_row]<\/p>\n","protected":false},"excerpt":{"rendered":"<p>[vc_row][vc_column][vc_empty_space height=&#8221;150px&#8221;][\/vc_column][\/vc_row][vc_row][vc_column][vc_column_text] Hakk\u0131m\u0131zda [\/vc_column_text][\/vc_column][\/vc_row][vc_row][vc_column][vc_column_text] Vastus LTD. olarak Almanya&#8217;da uzun y\u0131llard\u0131r hizmet vermekteyiz. \u00c7al\u0131\u015fmalar\u0131m\u0131z\u0131n en y\u00fcksek enerji ve sa\u011fl\u0131k standartlar\u0131nda y\u00fcr\u00fct\u00fclmesini sa\u011flamak i\u00e7in her zaman \u00e7ok dikkatli olduk. Bu, \u201cEvinizi biz in\u015fa ederiz\u201d slogan\u0131m\u0131z\u0131n gerektirdi\u011fi bir y\u00fck\u00fcml\u00fcl\u00fckt\u00fcr. \u00d6nce ailenizin g\u00fcvenli\u011fi gelir. Bunu ba\u015farmak i\u00e7in sadece en kaliteli malzemeleri kullan\u0131yoruz. \u0130\u00e7eride ve d\u0131\u015far\u0131da, metal veya ah\u015fap, \u0131s\u0131&hellip;<\/p>\n","protected":false},"author":1,"featured_media":0,"parent":0,"menu_order":0,"comment_status":"closed","ping_status":"closed","template":"","meta":{"_joinchat":[],"footnotes":""},"class_list":["post-446","page","type-page","status-publish","hentry","description-off"],"translation":{"provider":"WPGlobus","version":"3.0.0","language":"tr","enabled_languages":["en","de","tr","sv","ru","ar","gr","no","fr","es"],"languages":{"en":{"title":true,"content":true,"excerpt":false},"de":{"title":true,"content":true,"excerpt":false},"tr":{"title":true,"content":true,"excerpt":false},"sv":{"title":true,"content":true,"excerpt":false},"ru":{"title":true,"content":true,"excerpt":false},"ar":{"title":true,"content":true,"excerpt":false},"gr":{"title":true,"content":true,"excerpt":false},"no":{"title":true,"content":true,"excerpt":false},"fr":{"title":false,"content":false,"excerpt":false},"es":{"title":false,"content":false,"excerpt":false}}},"yoast_head":"<!-- This site is optimized with the Yoast SEO plugin v26.0 - https:\/\/yoast.com\/wordpress\/plugins\/seo\/ -->\n<title>Hakk\u0131m\u0131zda - Vastus Ltd. - Kuzey K\u0131br\u0131s&#039;ta modern in\u015faat d\u00f6nemi<\/title>\n<meta name=\"description\" content=\"Vastus Ltd. hakk\u0131nda bilgileri bu sayfada bulabilirsiniz. \u00d6rn. Vastus hangi malzemelerle \u00e7al\u0131\u015f\u0131yor ve standartlar\u0131 neler?\" \/>\n<meta name=\"robots\" content=\"index, follow, max-snippet:-1, max-image-preview:large, max-video-preview:-1\" \/>\n<link rel=\"canonical\" href=\"https:\/\/laroni-real-estate.com\/ru\/ueber-uns\/\" \/>\n<meta property=\"og:locale\" content=\"tr_TR\" \/>\n<meta property=\"og:type\" content=\"article\" \/>\n<meta property=\"og:title\" content=\"Hakk\u0131m\u0131zda - Vastus Ltd. - Kuzey K\u0131br\u0131s&#039;ta modern in\u015faat d\u00f6nemi\" \/>\n<meta property=\"og:description\" content=\"Vastus Ltd. hakk\u0131nda bilgileri bu sayfada bulabilirsiniz. \u00d6rn. Vastus hangi malzemelerle \u00e7al\u0131\u015f\u0131yor ve standartlar\u0131 neler?\" \/>\n<meta property=\"og:url\" content=\"https:\/\/laroni-real-estate.com\/ru\/ueber-uns\/\" \/>\n<meta property=\"og:site_name\" content=\"Vastus Ltd.\" \/>\n<meta property=\"article:modified_time\" content=\"2021-02-28T15:41:30+00:00\" \/>\n<meta name=\"twitter:card\" content=\"summary_large_image\" \/>\n<meta name=\"twitter:label1\" content=\"Est. reading time\" \/>\n\t<meta name=\"twitter:data1\" content=\"2 minutes\" \/>\n<script type=\"application\/ld+json\" class=\"yoast-schema-graph\">{\"@context\":\"https:\/\/schema.org\",\"@graph\":[{\"@type\":\"WebPage\",\"@id\":\"https:\/\/laroni-real-estate.com\/ru\/ueber-uns\/\",\"url\":\"https:\/\/laroni-real-estate.com\/ru\/ueber-uns\/\",\"name\":\"\u041e \u043d\u0430\u0441 - Vastus LTD - \u041f\u043e\u0437\u043d\u0430\u043a\u043e\u043c\u044c\u0442\u0435\u0441\u044c \u0441 \u0441\u043e\u0432\u0440\u0435\u043c\u0435\u043d\u043d\u043e\u0439 \u043a\u043e\u043c\u043f\u0430\u043d\u0438\u0435\u0439\",\"isPartOf\":{\"@id\":\"https:\/\/laroni-real-estate.com\/#website\"},\"datePublished\":\"2018-10-23T06:16:55+00:00\",\"dateModified\":\"2021-02-28T15:41:30+00:00\",\"description\":\"Vastus Ltd. hakk\u0131nda bilgileri bu sayfada bulabilirsiniz. \u00d6rn. Vastus hangi malzemelerle \u00e7al\u0131\u015f\u0131yor ve standartlar\u0131 neler?\",\"breadcrumb\":{\"@id\":\"https:\/\/laroni-real-estate.com\/ru\/ueber-uns\/#breadcrumb\"},\"inLanguage\":\"tr-TR\",\"potentialAction\":[{\"@type\":\"ReadAction\",\"target\":[\"https:\/\/laroni-real-estate.com\/ru\/ueber-uns\/\"]}]},{\"@type\":\"BreadcrumbList\",\"@id\":\"https:\/\/laroni-real-estate.com\/ru\/ueber-uns\/#breadcrumb\",\"itemListElement\":[{\"@type\":\"ListItem\",\"position\":1,\"name\":\"Startseite\",\"item\":\"https:\/\/laroni-real-estate.com\/no\/\"},{\"@type\":\"ListItem\",\"position\":2,\"name\":\"\u041e \u041d\u0410\u0421\"}]},{\"@type\":\"WebSite\",\"@id\":\"https:\/\/laroni-real-estate.com\/#website\",\"url\":\"https:\/\/laroni-real-estate.com\/\",\"name\":\"Vastus Ltd.\",\"description\":\"\",\"potentialAction\":[{\"@type\":\"SearchAction\",\"target\":{\"@type\":\"EntryPoint\",\"urlTemplate\":\"https:\/\/laroni-real-estate.com\/?s={search_term_string}\"},\"query-input\":{\"@type\":\"PropertyValueSpecification\",\"valueRequired\":true,\"valueName\":\"search_term_string\"}}],\"inLanguage\":\"tr-TR\"}]}<\/script>\n<!-- \/ Yoast SEO plugin. -->","yoast_head_json":{"title":"Hakk\u0131m\u0131zda - Vastus Ltd. - Kuzey K\u0131br\u0131s'ta modern in\u015faat d\u00f6nemi","description":"Vastus Ltd. hakk\u0131nda bilgileri bu sayfada bulabilirsiniz. \u00d6rn. Vastus hangi malzemelerle \u00e7al\u0131\u015f\u0131yor ve standartlar\u0131 neler?","robots":{"index":"index","follow":"follow","max-snippet":"max-snippet:-1","max-image-preview":"max-image-preview:large","max-video-preview":"max-video-preview:-1"},"canonical":"https:\/\/laroni-real-estate.com\/ru\/ueber-uns\/","og_locale":"tr_TR","og_type":"article","og_title":"Hakk\u0131m\u0131zda - Vastus Ltd. - Kuzey K\u0131br\u0131s'ta modern in\u015faat d\u00f6nemi","og_description":"Vastus Ltd. hakk\u0131nda bilgileri bu sayfada bulabilirsiniz. \u00d6rn. Vastus hangi malzemelerle \u00e7al\u0131\u015f\u0131yor ve standartlar\u0131 neler?","og_url":"https:\/\/laroni-real-estate.com\/ru\/ueber-uns\/","og_site_name":"Vastus Ltd.","article_modified_time":"2021-02-28T15:41:30+00:00","twitter_card":"summary_large_image","twitter_misc":{"Est. reading time":"2 minutes"},"schema":{"@context":"https:\/\/schema.org","@graph":[{"@type":"WebPage","@id":"https:\/\/laroni-real-estate.com\/ru\/ueber-uns\/","url":"https:\/\/laroni-real-estate.com\/ru\/ueber-uns\/","name":"\u041e \u043d\u0430\u0441 - Vastus LTD - \u041f\u043e\u0437\u043d\u0430\u043a\u043e\u043c\u044c\u0442\u0435\u0441\u044c \u0441 \u0441\u043e\u0432\u0440\u0435\u043c\u0435\u043d\u043d\u043e\u0439 \u043a\u043e\u043c\u043f\u0430\u043d\u0438\u0435\u0439","isPartOf":{"@id":"https:\/\/laroni-real-estate.com\/#website"},"datePublished":"2018-10-23T06:16:55+00:00","dateModified":"2021-02-28T15:41:30+00:00","description":"Vastus Ltd. hakk\u0131nda bilgileri bu sayfada bulabilirsiniz. \u00d6rn. Vastus hangi malzemelerle \u00e7al\u0131\u015f\u0131yor ve standartlar\u0131 neler?","breadcrumb":{"@id":"https:\/\/laroni-real-estate.com\/ru\/ueber-uns\/#breadcrumb"},"inLanguage":"tr-TR","potentialAction":[{"@type":"ReadAction","target":["https:\/\/laroni-real-estate.com\/ru\/ueber-uns\/"]}]},{"@type":"BreadcrumbList","@id":"https:\/\/laroni-real-estate.com\/ru\/ueber-uns\/#breadcrumb","itemListElement":[{"@type":"ListItem","position":1,"name":"Startseite","item":"https:\/\/laroni-real-estate.com\/no\/"},{"@type":"ListItem","position":2,"name":"\u041e \u041d\u0410\u0421"}]},{"@type":"WebSite","@id":"https:\/\/laroni-real-estate.com\/#website","url":"https:\/\/laroni-real-estate.com\/","name":"Vastus Ltd.","description":"","potentialAction":[{"@type":"SearchAction","target":{"@type":"EntryPoint","urlTemplate":"https:\/\/laroni-real-estate.com\/?s={search_term_string}"},"query-input":{"@type":"PropertyValueSpecification","valueRequired":true,"valueName":"search_term_string"}}],"inLanguage":"tr-TR"}]}},"_links":{"self":[{"href":"https:\/\/laroni-real-estate.com\/tr\/wp-json\/wp\/v2\/pages\/446","targetHints":{"allow":["GET"]}}],"collection":[{"href":"https:\/\/laroni-real-estate.com\/tr\/wp-json\/wp\/v2\/pages"}],"about":[{"href":"https:\/\/laroni-real-estate.com\/tr\/wp-json\/wp\/v2\/types\/page"}],"author":[{"embeddable":true,"href":"https:\/\/laroni-real-estate.com\/tr\/wp-json\/wp\/v2\/users\/1"}],"replies":[{"embeddable":true,"href":"https:\/\/laroni-real-estate.com\/tr\/wp-json\/wp\/v2\/comments?post=446"}],"version-history":[{"count":60,"href":"https:\/\/laroni-real-estate.com\/tr\/wp-json\/wp\/v2\/pages\/446\/revisions"}],"predecessor-version":[{"id":1431,"href":"https:\/\/laroni-real-estate.com\/tr\/wp-json\/wp\/v2\/pages\/446\/revisions\/1431"}],"wp:attachment":[{"href":"https:\/\/laroni-real-estate.com\/tr\/wp-json\/wp\/v2\/media?parent=446"}],"curies":[{"name":"wp","href":"https:\/\/api.w.org\/{rel}","templated":true}]}}