{"id":403,"date":"2018-10-22T16:59:38","date_gmt":"2018-10-22T14:59:38","guid":{"rendered":"http:\/\/www.vastus.ltd\/?page_id=403"},"modified":"2021-03-08T11:31:05","modified_gmt":"2021-03-08T10:31:05","slug":"leistungen","status":"publish","type":"page","link":"https:\/\/laroni-real-estate.com\/tr\/leistungen\/","title":{"rendered":"Hizmetlerimiz"},"content":{"rendered":"<p>[vc_row][vc_column][vc_column_text]<\/p>\n<h1>H\u0130ZMETLER\u0130M\u0130Z<\/h1>\n<p>[\/vc_column_text][vc_column_text]<\/p>\n<h2>DA\u0130RE VE KONUT \u0130N\u015eAATLARI<\/h2>\n<p>[\/vc_column_text][\/vc_column][\/vc_row][vc_row][vc_column width=&#8221;6\/12&#8243;][vc_column_text]<\/p>\n<p style=\"text-align: justify;\">Daire ve M\u00fcstakil ev in\u015faat\u0131 alan\u0131nda \u00e7e\u015fitli hizmetler sunuyoruz. Projelerimizin en ba\u015f\u0131ndan, son dokunu\u015funa kadar yan\u0131n\u0131zday\u0131z. \u00c7e\u015fitli boyutlardaki m\u00fcstakil evlerden, ayr\u0131 kat planlar\u0131na sahip apartmanlara kadar geni\u015f bir yelpazeye sahip bir portf\u00f6y\u00fcm\u00fcz var.<\/p>\n<p style=\"text-align: justify;\">M\u00fclk sahipleri i\u00e7in de cazip tekliflerimiz var: Arazilerinde in\u015faatlar yap\u0131yoruz ve kar\u015f\u0131l\u0131\u011f\u0131nda bir veya daha fazla daire al\u0131yorlar. Tekliflerimiz, kaba in\u015faattan bitmi\u015f \u00fcr\u00fcnlere kadar t\u00fcm yelpazeyi kapsamaktad\u0131r.[\/vc_column_text][\/vc_column][vc_column width=&#8221;1\/12&#8243;][\/vc_column][vc_column width=&#8221;5\/12&#8243;][vc_single_image image=&#8221;575&#8243; img_size=&#8221;full&#8221; alignment=&#8221;center&#8221; onclick=&#8221;link_image&#8221;][\/vc_column][\/vc_row][vc_row][vc_column width=&#8221;6\/12&#8243;][vc_single_image image=&#8221;576&#8243; img_size=&#8221;full&#8221; alignment=&#8221;center&#8221; onclick=&#8221;link_image&#8221;][\/vc_column][vc_column width=&#8221;1\/12&#8243;][\/vc_column][vc_column width=&#8221;5\/12&#8243;][vc_column_text]<\/p>\n<p style=\"text-align: justify;\">Bu hizmet \u00f6zellikle in\u015faat deneyimi veya gerekli finansal imkanlar\u0131 olmayan m\u00fc\u015fteriler i\u00e7in uygundur. Hi\u00e7bir masraf\u0131n\u0131z olmaz; biz in\u015fa ederiz, siz ta\u015f\u0131n\u0131rs\u0131n\u0131z! M\u00fclk\u00fcn b\u00fcy\u00fckl\u00fc\u011f\u00fcne ve konumuna ba\u011fl\u0131 olarak size bireysel bina projeleri ve de\u011fi\u015fim se\u00e7enekleri sunuyoruz. Bu imkanla hem finansal y\u00fckten hem de bir ev in\u015fa etmenin getirdi\u011fi stresten tasarruf edersiniz. Her \u015feyin sorunsuz \u00e7al\u0131\u015fmas\u0131n\u0131 sa\u011flamak i\u00e7in olabildi\u011fince \u015feffaf \u00e7al\u0131\u015f\u0131yoruz ve her geli\u015fmeyi m\u00fc\u015fterimizle payla\u015f\u0131yoruz. Bu, sizin i\u00e7in \u015fa\u015f\u0131rt\u0131c\u0131 bir ek maliyet anlam\u0131na gelmez. Sadece arkan\u0131za yaslan\u0131p projenin bitmesini beklemelisiniz.[\/vc_column_text][\/vc_column][\/vc_row][vc_row][vc_column][vc_empty_space height=&#8221;100px&#8221;][vc_column_text]<\/p>\n<h2>SATIN ALMA VE K\u0130RALAMA<\/h2>\n<p>[\/vc_column_text][\/vc_column][\/vc_row][vc_row][vc_column width=&#8221;6\/12&#8243;][vc_column_text]<\/p>\n<p style=\"text-align: justify;\">Hayat\u0131n\u0131z\u0131 de\u011fi\u015ftirmek mi istiyorsunuz? Manzara de\u011fi\u015fikli\u011fi mi istiyorsun? Neden do\u011frudan yeni bir m\u00fclk sat\u0131n alm\u0131yorsunuz? Ancak bir\u00e7ok ki\u015fi emlak piyasas\u0131na genel bir bak\u0131\u015ftan yoksundur. M\u00fclk\u00fcn\u00fcz\u00fcn ger\u00e7ek de\u011ferini bulman\u0131za yard\u0131mc\u0131 oluyoruz. M\u00fclk\u00fcn durumunun piyasa analizi ve de\u011ferlendirilmesi konusunda size destek oluyoruz. M\u00fclk fiyat\u0131n\u0131 sizin lehinize belirledikten sonra, sizin i\u00e7in bir sat\u0131\u015f stratejisi geli\u015ftiriyor ve m\u00fclk\u00fcn\u00fcz\u00fc m\u00fcmk\u00fcn olan en iyi fiyata sat\u0131yoruz. Pazarlama s\u00fcrecinde, farkl\u0131 para birimlerinde analog ve dijital ile ulusal ve uluslararas\u0131 platformlar kullan\u0131yoruz ve birlikte geni\u015f kapsaml\u0131 bir pazardan m\u00fcmk\u00fcn olan en y\u00fcksek verimi elde ediyoruz.[\/vc_column_text][\/vc_column][vc_column width=&#8221;1\/12&#8243;][\/vc_column][vc_column width=&#8221;5\/12&#8243;][vc_single_image image=&#8221;578&#8243; img_size=&#8221;full&#8221; alignment=&#8221;center&#8221; onclick=&#8221;link_image&#8221;][\/vc_column][\/vc_row][vc_row][vc_column width=&#8221;1\/2&#8243;][vc_single_image image=&#8221;579&#8243; img_size=&#8221;full&#8221; alignment=&#8221;center&#8221; onclick=&#8221;link_image&#8221;][\/vc_column][vc_column width=&#8221;1\/2&#8243;][vc_column_text]<\/p>\n<p style=\"text-align: justify;\">Tecr\u00fcbeli emlak uzmanlar\u0131m\u0131z, ki\u015fisel ihtiya\u00e7lar\u0131n\u0131za g\u00f6re emlak piyasas\u0131na g\u00f6z atar. \u015eehrin nabz\u0131n\u0131 tutan \u00e7ekici bir daire ya da \u015fehrin eteklerinde k\u0131rsal kesimde bir ev. M\u00fclklerde de\u011fil, istek ve \u00e7\u0131karlarda uzmanla\u015f\u0131yoruz. Ayr\u0131ca, sizin i\u00e7in m\u00fcmk\u00fcn olan en iyi sat\u0131n alma fiyat\u0131n\u0131 koval\u0131yoruz.[\/vc_column_text][\/vc_column][\/vc_row][vc_row full_width=&#8221;stretch_row_content_no_spaces&#8221;][vc_column][vc_empty_space height=&#8221;100px&#8221;]\n\t\t\t<!-- START Leistungen Eyecatcher REVOLUTION SLIDER 6.5.7 --><p class=\"rs-p-wp-fix\"><\/p>\n\t\t\t<rs-module-wrap id=\"rev_slider_13_1_wrapper\" data-source=\"gallery\" style=\"visibility:hidden;background:transparent;padding:0;\">\n\t\t\t\t<rs-module id=\"rev_slider_13_1\" style=\"\" data-version=\"6.5.7\">\n\t\t\t\t\t<rs-slides>\n\t\t\t\t\t\t<rs-slide style=\"position: absolute;\" data-key=\"rs-24\" data-title=\"Slide\" data-anim=\"ms:1000;r:0;\" data-in=\"o:0;\" data-out=\"a:false;\">\n\t\t\t\t\t\t\t<img loading=\"lazy\" decoding=\"async\" src=\"\/\/laroni-real-estate.com\/wp-content\/plugins\/revslider\/public\/assets\/assets\/dummy.png\" title=\"Vastus-Immobilie-Drohnenaufnahme-04-1920&#215;1280\" width=\"1920\" height=\"1079\" class=\"rev-slidebg tp-rs-img rs-lazyload\" data-lazyload=\"\/\/www.vastus.ltd\/wp-content\/uploads\/2020\/08\/Vastus-Immobilie-Drohnenaufnahme-04-1920x1280-1.jpg\" data-parallax=\"15\" data-no-retina>\n<!---->\t\t\t\t\t\t<\/rs-slide>\n\t\t\t\t\t<\/rs-slides>\n\t\t\t\t<\/rs-module>\n\t\t\t\t<script type=\"text\/javascript\">\n\t\t\t\t\tsetREVStartSize({c: 'rev_slider_13_1',rl:[1240,1024,778,480],el:[1280],gw:[1920],gh:[1280],type:'standard',justify:'',layout:'fullscreen',offsetContainer:'',offset:'',mh:\"0\"});if (window.RS_MODULES!==undefined && window.RS_MODULES.modules!==undefined && window.RS_MODULES.modules[\"revslider131\"]!==undefined) {window.RS_MODULES.modules[\"revslider131\"].once = false;window.revapi13 = undefined;if (window.RS_MODULES.checkMinimal!==undefined) window.RS_MODULES.checkMinimal()}\n\t\t\t\t<\/script>\n\t\t\t<\/rs-module-wrap>\n\t\t\t<!-- END REVOLUTION SLIDER -->\n[vc_empty_space height=&#8221;100px&#8221;][\/vc_column][\/vc_row][vc_row][vc_column][vc_column_text]<\/p>\n<h2>GAYR\u0130MENKUL K\u0130RALAMA<\/h2>\n<p>[\/vc_column_text][\/vc_column][\/vc_row][vc_row][vc_column width=&#8221;6\/12&#8243;][vc_column_text]<\/p>\n<p style=\"text-align: justify;\">Her ailenin bir daire, hatta bir ev almaya g\u00fcc\u00fc yetmez. Ancak \u015fehir ve do\u011fa ile uyumlu yeni, l\u00fcks, sa\u011flam, sa\u011fl\u0131kl\u0131 bir ev sahibi olmaman\u0131z i\u00e7in ge\u00e7erli bir sebep de\u011fil. Tamamlanan projelerimiz aras\u0131nda kiralama teklifleri de bulunmaktad\u0131r. Ama kiral\u0131k daireler de d\u00fczenliyoruz. Portf\u00f6y\u00fcm\u00fcz her b\u00fct\u00e7eye uygun ve her b\u00fcy\u00fckl\u00fckte makul fiyata m\u00fclkler i\u00e7ermektedir. E\u011fer sizin i\u00e7in do\u011fru m\u00fclke sahip de\u011filsek, onu sizin i\u00e7in buluruz. Gayrimenkul kiralamada ilk ve en \u00f6nemli prensibimiz adil kira endeksidir. Bu nedenle, ger\u00e7ekci ko\u015fullarda kira fiyatlar\u0131n\u0131 garanti ediyoruz.[\/vc_column_text][\/vc_column][vc_column width=&#8221;1\/12&#8243;][\/vc_column][vc_column width=&#8221;5\/12&#8243;][vc_single_image image=&#8221;582&#8243; img_size=&#8221;full&#8221; alignment=&#8221;center&#8221; onclick=&#8221;link_image&#8221;][\/vc_column][\/vc_row][vc_row][vc_column][vc_empty_space height=&#8221;100px&#8221;][\/vc_column][\/vc_row][vc_row][vc_column][vc_column_text]<\/p>\n<h2>RENOVASYON, TAD\u0130LAT VE D\u00d6N\u00dc\u015e\u00dcM \u0130\u015eLER\u0130<\/h2>\n<p>[\/vc_column_text][\/vc_column][\/vc_row][vc_row][vc_column width=&#8221;6\/12&#8243;][vc_column_text]<\/p>\n<p style=\"text-align: justify;\">Her ev an\u0131larla doludur. Bir\u00e7ok aile yeni bir eve ta\u015f\u0131nd\u0131klar\u0131nda bu an\u0131lar\u0131 geride b\u0131rakmak istemezler. Ancak bu, modernle\u015fmenin \u00f6n\u00fcnde bir engel olmamal\u0131. Uzman bir de\u011ferlendirmeden sonra, deneyimli ustalar\u0131m\u0131z, m\u00fcmk\u00fcn olan en iyi teknik ve tasar\u0131m olanaklar\u0131na g\u00f6re evinizi yenileyecektir.<\/p>\n<p style=\"text-align: justify;\">Basit tadilatlardan yeni tasarlanm\u0131\u015f i\u00e7 mekanlara kadar her t\u00fcrl\u00fc de\u011fi\u015fikli\u011fi, onar\u0131m\u0131 ve tadilat\u0131 kapsayan hizmetlerimiz bulunmakta. Bu hizmetler ayn\u0131 zamanda cephe \u00e7al\u0131\u015fmas\u0131 ve \u0131s\u0131 yal\u0131t\u0131m \u00f6nlemlerini de i\u00e7erir. M\u00fclk\u00fcn durumuna ba\u011fl\u0131 olarak, yenilenebilir enerji ve \u0131s\u0131 yal\u0131t\u0131m\u0131 i\u00e7in hangi \u00f6nlemlerin uygulanabilece\u011fi konusunda size tavsiyede bulunmaktan memnuniyet duyar\u0131z. Verimlilik ve estetik art\u0131k ayr\u0131 yollar\u0131na gitmiyor. G\u00f6zleriniz i\u00e7in g\u00fczel olan, c\u00fczdan\u0131n\u0131z i\u00e7in de uygun olabilir.<\/p>\n<p style=\"text-align: justify;\">Her yenilemenin maksimum kaliteye ula\u015fmas\u0131n\u0131 sa\u011flamak i\u00e7in yaln\u0131zca AB sertifikal\u0131 malzemeler kullan\u0131yoruz ve en y\u00fcksek i\u015f g\u00fcvenli\u011fi standartlar\u0131n\u0131 garanti ediyoruz.[\/vc_column_text][\/vc_column][vc_column width=&#8221;1\/12&#8243;][\/vc_column][vc_column width=&#8221;5\/12&#8243;][vc_single_image image=&#8221;584&#8243; img_size=&#8221;full&#8221; alignment=&#8221;center&#8221; onclick=&#8221;link_image&#8221;][vc_single_image image=&#8221;583&#8243; img_size=&#8221;full&#8221; alignment=&#8221;center&#8221; onclick=&#8221;link_image&#8221;][\/vc_column][\/vc_row][vc_row][vc_column][vc_empty_space height=&#8221;100px&#8221;][\/vc_column][\/vc_row][vc_row][vc_column width=&#8221;1\/6&#8243;][\/vc_column][vc_column width=&#8221;2\/3&#8243;]\n<div class=\"wpcf7 no-js\" id=\"wpcf7-f693-o1\" lang=\"de-DE\" dir=\"ltr\" data-wpcf7-id=\"693\">\n<div class=\"screen-reader-response\"><p role=\"status\" aria-live=\"polite\" aria-atomic=\"true\"><\/p> <ul><\/ul><\/div>\n<form action=\"\/tr\/wp-json\/wp\/v2\/pages\/403#wpcf7-f693-o1\" method=\"post\" class=\"wpcf7-form init\" aria-label=\"Contact form\" novalidate=\"novalidate\" data-status=\"init\">\n<fieldset class=\"hidden-fields-container\"><input type=\"hidden\" name=\"_wpcf7\" value=\"693\" \/><input type=\"hidden\" name=\"_wpcf7_version\" value=\"6.1.2\" \/><input type=\"hidden\" name=\"_wpcf7_locale\" value=\"de_DE\" \/><input type=\"hidden\" name=\"_wpcf7_unit_tag\" value=\"wpcf7-f693-o1\" \/><input type=\"hidden\" name=\"_wpcf7_container_post\" value=\"0\" \/><input type=\"hidden\" name=\"_wpcf7_posted_data_hash\" value=\"\" \/>\n<\/fieldset>\n<p><label><span class=\"wpcf7-form-control-wrap\" data-name=\"your-name\"><input size=\"40\" maxlength=\"400\" class=\"wpcf7-form-control wpcf7-text wpcf7-validates-as-required\" aria-required=\"true\" aria-invalid=\"false\" placeholder=\"Ad\u0131n\u0131z (Zorunlu alan)\" value=\"\" type=\"text\" name=\"your-name\" \/><\/span><\/label>\n<\/p>\n<p><label><span class=\"wpcf7-form-control-wrap\" data-name=\"telefon-mobil\"><input size=\"40\" maxlength=\"400\" class=\"wpcf7-form-control wpcf7-tel wpcf7-text wpcf7-validates-as-tel\" aria-invalid=\"false\" placeholder=\"Telefon\/ cep telefonu numaras\u0131\" value=\"\" type=\"tel\" name=\"telefon-mobil\" \/><\/span><\/label>\n<\/p>\n<p><label><span class=\"wpcf7-form-control-wrap\" data-name=\"your-email\"><input size=\"40\" maxlength=\"400\" class=\"wpcf7-form-control wpcf7-email wpcf7-validates-as-required wpcf7-text wpcf7-validates-as-email\" aria-required=\"true\" aria-invalid=\"false\" placeholder=\"E-posta (Zorunlu alan)\" value=\"\" type=\"email\" name=\"your-email\" \/><\/span><\/label>\n<\/p>\n<p><label><span class=\"wpcf7-form-control-wrap\" data-name=\"your-subject\"><input size=\"40\" maxlength=\"400\" class=\"wpcf7-form-control wpcf7-text\" aria-invalid=\"false\" placeholder=\"Konu\" value=\"\" type=\"text\" name=\"your-subject\" \/><\/span><\/label>\n<\/p>\n<p><label><span class=\"wpcf7-form-control-wrap\" data-name=\"your-message\"><textarea cols=\"40\" rows=\"10\" maxlength=\"2000\" class=\"wpcf7-form-control wpcf7-textarea\" aria-invalid=\"false\" placeholder=\"Mesaj\u0131n\u0131z\" name=\"your-message\"><\/textarea><\/span> <\/label>\n<\/p>\n<p><span class=\"wpcf7-form-control-wrap\" data-name=\"Datenschutz\"><span class=\"wpcf7-form-control wpcf7-acceptance\"><span class=\"wpcf7-list-item\"><label><input type=\"checkbox\" name=\"Datenschutz\" value=\"1\" aria-invalid=\"false\" \/><span class=\"wpcf7-list-item-label\">Veri koruma beyan\u0131n\u0131 okudum ve kabul ediyorum.<\/span><\/label><\/span><\/span><\/span>\n<\/p>\n<p><input class=\"wpcf7-form-control wpcf7-submit has-spinner\" type=\"submit\" value=\"G\u00f6nderin\" \/>\n<\/p><p style=\"display: none !important;\" class=\"akismet-fields-container\" data-prefix=\"_wpcf7_ak_\"><label>&#916;<textarea name=\"_wpcf7_ak_hp_textarea\" cols=\"45\" rows=\"8\" maxlength=\"100\"><\/textarea><\/label><input type=\"hidden\" id=\"ak_js_1\" name=\"_wpcf7_ak_js\" value=\"189\"\/><script>document.getElementById( \"ak_js_1\" ).setAttribute( \"value\", ( new Date() ).getTime() );<\/script><\/p><div class=\"wpcf7-response-output\" aria-hidden=\"true\"><\/div>\n<\/form>\n<\/div>\n[\/vc_column][vc_column width=&#8221;1\/6&#8243;][\/vc_column][\/vc_row][vc_row][vc_column][vc_column_text]<\/p>\n<p>[\/vc_column_text][\/vc_column][\/vc_row][vc_row][vc_column][vc_raw_js]JTNDc2NyaXB0JTIwdHlwZSUzRCUyMnRleHQlMkZqYXZhc2NyaXB0JTIyJTNFJTBBJTI4ZnVuY3Rpb24lMjhkJTJDJTIwc3JjJTJDJTIwYyUyOSUyMCU3QiUyMHZhciUyMHQlM0RkLnNjcmlwdHMlNUJkLnNjcmlwdHMubGVuZ3RoJTIwLSUyMDElNUQlMkNzJTNEZC5jcmVhdGVFbGVtZW50JTI4JTI3c2NyaXB0JTI3JTI5JTNCcy5pZCUzRCUyN2xhX3gyczZkZjhkJTI3JTNCcy5hc3luYyUzRHRydWUlM0JzLnNyYyUzRHNyYyUzQnMub25sb2FkJTNEcy5vbnJlYWR5c3RhdGVjaGFuZ2UlM0RmdW5jdGlvbiUyOCUyOSU3QnZhciUyMHJzJTNEdGhpcy5yZWFkeVN0YXRlJTNCaWYlMjhycyUyNiUyNiUyOHJzJTIxJTNEJTI3Y29tcGxldGUlMjclMjklMjYlMjYlMjhycyUyMSUzRCUyN2xvYWRlZCUyNyUyOSUyOSU3QnJldHVybiUzQiU3RGMlMjh0aGlzJTI5JTNCJTdEJTNCdC5wYXJlbnRFbGVtZW50Lmluc2VydEJlZm9yZSUyOHMlMkN0Lm5leHRTaWJsaW5nJTI5JTNCJTdEJTI5JTI4ZG9jdW1lbnQlMkMlMEElMjdodHRwcyUzQSUyRiUyRmJldHRvZ29hbC5sYWRlc2suY29tJTJGc2NyaXB0cyUyRnRyYWNrLmpzJTI3JTJDJTBBZnVuY3Rpb24lMjhlJTI5JTdCJTIwTGl2ZUFnZW50LmNyZWF0ZUJ1dHRvbiUyOCUyNzcyMG5qeXF3JTI3JTJDJTIwZSUyOSUzQiUyMCU3RCUyOSUzQiUwQSUzQyUyRnNjcmlwdCUzRQ==[\/vc_raw_js][\/vc_column][\/vc_row]<\/p>\n","protected":false},"excerpt":{"rendered":"<p>[vc_row][vc_column][vc_column_text] H\u0130ZMETLER\u0130M\u0130Z [\/vc_column_text][vc_column_text] DA\u0130RE VE KONUT \u0130N\u015eAATLARI [\/vc_column_text][\/vc_column][\/vc_row][vc_row][vc_column width=&#8221;6\/12&#8243;][vc_column_text] Daire ve M\u00fcstakil ev in\u015faat\u0131 alan\u0131nda \u00e7e\u015fitli hizmetler sunuyoruz. Projelerimizin en ba\u015f\u0131ndan, son dokunu\u015funa kadar yan\u0131n\u0131zday\u0131z. \u00c7e\u015fitli boyutlardaki m\u00fcstakil evlerden, ayr\u0131 kat planlar\u0131na sahip apartmanlara kadar geni\u015f bir yelpazeye sahip bir portf\u00f6y\u00fcm\u00fcz var. M\u00fclk sahipleri i\u00e7in de cazip tekliflerimiz var: Arazilerinde in\u015faatlar yap\u0131yoruz ve kar\u015f\u0131l\u0131\u011f\u0131nda bir&hellip;<\/p>\n","protected":false},"author":1,"featured_media":0,"parent":0,"menu_order":0,"comment_status":"closed","ping_status":"closed","template":"","meta":{"_joinchat":[],"footnotes":""},"class_list":["post-403","page","type-page","status-publish","hentry","description-off"],"translation":{"provider":"WPGlobus","version":"3.0.0","language":"tr","enabled_languages":["en","de","tr","sv","ru","ar","gr","no","fr","es"],"languages":{"en":{"title":true,"content":true,"excerpt":false},"de":{"title":true,"content":true,"excerpt":false},"tr":{"title":true,"content":true,"excerpt":false},"sv":{"title":true,"content":true,"excerpt":false},"ru":{"title":true,"content":true,"excerpt":false},"ar":{"title":true,"content":true,"excerpt":false},"gr":{"title":true,"content":true,"excerpt":false},"no":{"title":true,"content":true,"excerpt":false},"fr":{"title":false,"content":false,"excerpt":false},"es":{"title":false,"content":false,"excerpt":false}}},"yoast_head":"<!-- This site is optimized with the Yoast SEO plugin v26.0 - https:\/\/yoast.com\/wordpress\/plugins\/seo\/ -->\n<title>Emlak \u015firketi Vastus LTD. Hizmetleri.<\/title>\n<meta name=\"description\" content=\"Vastus LTD. yeni eviniz i\u00e7in size \u00e7e\u015fitli hizmetler sunar. Di\u011fer \u015feylerin yan\u0131 s\u0131ra apartman ve ev in\u015faat\u0131, tadilat ve \u00e7ok daha fazlas\u0131.\" \/>\n<meta name=\"robots\" content=\"index, follow, max-snippet:-1, max-image-preview:large, max-video-preview:-1\" \/>\n<link rel=\"canonical\" href=\"https:\/\/laroni-real-estate.com\/de\/leistungen\/\" \/>\n<meta property=\"og:locale\" content=\"tr_TR\" \/>\n<meta property=\"og:type\" content=\"article\" \/>\n<meta property=\"og:title\" content=\"Emlak \u015firketi Vastus LTD. Hizmetleri.\" \/>\n<meta property=\"og:description\" content=\"Vastus LTD. yeni eviniz i\u00e7in size \u00e7e\u015fitli hizmetler sunar. Di\u011fer \u015feylerin yan\u0131 s\u0131ra apartman ve ev in\u015faat\u0131, tadilat ve \u00e7ok daha fazlas\u0131.\" \/>\n<meta property=\"og:url\" content=\"https:\/\/laroni-real-estate.com\/de\/leistungen\/\" \/>\n<meta property=\"og:site_name\" content=\"Vastus Ltd.\" \/>\n<meta property=\"article:modified_time\" content=\"2021-03-08T10:31:05+00:00\" \/>\n<meta name=\"twitter:card\" content=\"summary_large_image\" \/>\n<meta name=\"twitter:label1\" content=\"Est. reading time\" \/>\n\t<meta name=\"twitter:data1\" content=\"3 minutes\" \/>\n<script type=\"application\/ld+json\" class=\"yoast-schema-graph\">{\"@context\":\"https:\/\/schema.org\",\"@graph\":[{\"@type\":\"WebPage\",\"@id\":\"https:\/\/laroni-real-estate.com\/de\/leistungen\/\",\"url\":\"https:\/\/laroni-real-estate.com\/de\/leistungen\/\",\"name\":\"Die Leistungen des Immobilienunternehmens Vastus LTD\",\"isPartOf\":{\"@id\":\"https:\/\/laroni-real-estate.com\/#website\"},\"datePublished\":\"2018-10-22T14:59:38+00:00\",\"dateModified\":\"2021-03-08T10:31:05+00:00\",\"description\":\"Vastus LTD. yeni eviniz i\u00e7in size \u00e7e\u015fitli hizmetler sunar. Di\u011fer \u015feylerin yan\u0131 s\u0131ra apartman ve ev in\u015faat\u0131, tadilat ve \u00e7ok daha fazlas\u0131.\",\"breadcrumb\":{\"@id\":\"https:\/\/laroni-real-estate.com\/de\/leistungen\/#breadcrumb\"},\"inLanguage\":\"tr-TR\",\"potentialAction\":[{\"@type\":\"ReadAction\",\"target\":[\"https:\/\/laroni-real-estate.com\/de\/leistungen\/\"]}]},{\"@type\":\"BreadcrumbList\",\"@id\":\"https:\/\/laroni-real-estate.com\/de\/leistungen\/#breadcrumb\",\"itemListElement\":[{\"@type\":\"ListItem\",\"position\":1,\"name\":\"Startseite\",\"item\":\"https:\/\/laroni-real-estate.com\/no\/\"},{\"@type\":\"ListItem\",\"position\":2,\"name\":\"Leistungen\"}]},{\"@type\":\"WebSite\",\"@id\":\"https:\/\/laroni-real-estate.com\/#website\",\"url\":\"https:\/\/laroni-real-estate.com\/\",\"name\":\"Vastus Ltd.\",\"description\":\"\",\"potentialAction\":[{\"@type\":\"SearchAction\",\"target\":{\"@type\":\"EntryPoint\",\"urlTemplate\":\"https:\/\/laroni-real-estate.com\/?s={search_term_string}\"},\"query-input\":{\"@type\":\"PropertyValueSpecification\",\"valueRequired\":true,\"valueName\":\"search_term_string\"}}],\"inLanguage\":\"tr-TR\"}]}<\/script>\n<!-- \/ Yoast SEO plugin. -->","yoast_head_json":{"title":"Emlak \u015firketi Vastus LTD. Hizmetleri.","description":"Vastus LTD. yeni eviniz i\u00e7in size \u00e7e\u015fitli hizmetler sunar. Di\u011fer \u015feylerin yan\u0131 s\u0131ra apartman ve ev in\u015faat\u0131, tadilat ve \u00e7ok daha fazlas\u0131.","robots":{"index":"index","follow":"follow","max-snippet":"max-snippet:-1","max-image-preview":"max-image-preview:large","max-video-preview":"max-video-preview:-1"},"canonical":"https:\/\/laroni-real-estate.com\/de\/leistungen\/","og_locale":"tr_TR","og_type":"article","og_title":"Emlak \u015firketi Vastus LTD. Hizmetleri.","og_description":"Vastus LTD. yeni eviniz i\u00e7in size \u00e7e\u015fitli hizmetler sunar. Di\u011fer \u015feylerin yan\u0131 s\u0131ra apartman ve ev in\u015faat\u0131, tadilat ve \u00e7ok daha fazlas\u0131.","og_url":"https:\/\/laroni-real-estate.com\/de\/leistungen\/","og_site_name":"Vastus Ltd.","article_modified_time":"2021-03-08T10:31:05+00:00","twitter_card":"summary_large_image","twitter_misc":{"Est. reading time":"3 minutes"},"schema":{"@context":"https:\/\/schema.org","@graph":[{"@type":"WebPage","@id":"https:\/\/laroni-real-estate.com\/de\/leistungen\/","url":"https:\/\/laroni-real-estate.com\/de\/leistungen\/","name":"Die Leistungen des Immobilienunternehmens Vastus LTD","isPartOf":{"@id":"https:\/\/laroni-real-estate.com\/#website"},"datePublished":"2018-10-22T14:59:38+00:00","dateModified":"2021-03-08T10:31:05+00:00","description":"Vastus LTD. yeni eviniz i\u00e7in size \u00e7e\u015fitli hizmetler sunar. Di\u011fer \u015feylerin yan\u0131 s\u0131ra apartman ve ev in\u015faat\u0131, tadilat ve \u00e7ok daha fazlas\u0131.","breadcrumb":{"@id":"https:\/\/laroni-real-estate.com\/de\/leistungen\/#breadcrumb"},"inLanguage":"tr-TR","potentialAction":[{"@type":"ReadAction","target":["https:\/\/laroni-real-estate.com\/de\/leistungen\/"]}]},{"@type":"BreadcrumbList","@id":"https:\/\/laroni-real-estate.com\/de\/leistungen\/#breadcrumb","itemListElement":[{"@type":"ListItem","position":1,"name":"Startseite","item":"https:\/\/laroni-real-estate.com\/no\/"},{"@type":"ListItem","position":2,"name":"Leistungen"}]},{"@type":"WebSite","@id":"https:\/\/laroni-real-estate.com\/#website","url":"https:\/\/laroni-real-estate.com\/","name":"Vastus Ltd.","description":"","potentialAction":[{"@type":"SearchAction","target":{"@type":"EntryPoint","urlTemplate":"https:\/\/laroni-real-estate.com\/?s={search_term_string}"},"query-input":{"@type":"PropertyValueSpecification","valueRequired":true,"valueName":"search_term_string"}}],"inLanguage":"tr-TR"}]}},"_links":{"self":[{"href":"https:\/\/laroni-real-estate.com\/tr\/wp-json\/wp\/v2\/pages\/403","targetHints":{"allow":["GET"]}}],"collection":[{"href":"https:\/\/laroni-real-estate.com\/tr\/wp-json\/wp\/v2\/pages"}],"about":[{"href":"https:\/\/laroni-real-estate.com\/tr\/wp-json\/wp\/v2\/types\/page"}],"author":[{"embeddable":true,"href":"https:\/\/laroni-real-estate.com\/tr\/wp-json\/wp\/v2\/users\/1"}],"replies":[{"embeddable":true,"href":"https:\/\/laroni-real-estate.com\/tr\/wp-json\/wp\/v2\/comments?post=403"}],"version-history":[{"count":94,"href":"https:\/\/laroni-real-estate.com\/tr\/wp-json\/wp\/v2\/pages\/403\/revisions"}],"predecessor-version":[{"id":1490,"href":"https:\/\/laroni-real-estate.com\/tr\/wp-json\/wp\/v2\/pages\/403\/revisions\/1490"}],"wp:attachment":[{"href":"https:\/\/laroni-real-estate.com\/tr\/wp-json\/wp\/v2\/media?parent=403"}],"curies":[{"name":"wp","href":"https:\/\/api.w.org\/{rel}","templated":true}]}}