{"id":1118,"date":"2021-02-17T11:49:00","date_gmt":"2021-02-17T10:49:00","guid":{"rendered":"https:\/\/www.vastus.ltd\/?page_id=1118"},"modified":"2021-03-10T13:04:31","modified_gmt":"2021-03-10T12:04:31","slug":"esentepe","status":"publish","type":"page","link":"https:\/\/laroni-real-estate.com\/tr\/esentepe\/","title":{"rendered":"Esentepe"},"content":{"rendered":"<p>[vc_row][vc_column][vc_column_text]<\/p>\n<h1>Esentepe<\/h1>\n<p>[\/vc_column_text][\/vc_column][\/vc_row][vc_row][vc_column width=&#8221;5\/12&#8243;][vc_column_text]Kuzey K\u0131br\u0131s\u2019\u0131n kuzey sahilinde yer alan bu k\u00fc\u00e7\u00fck k\u00f6y, Girne\u2019nin do\u011fu taraf\u0131nda bulunmaktad\u0131r ve Bizans d\u00f6nemine uzanan bir ge\u00e7mi\u015fi vard\u0131r. \u015eehir ya\u015fam\u0131ndan uzakla\u015f\u0131p Kuzey K\u0131br\u0131s\u2019\u0131n e\u015fsiz do\u011fal ya\u015fam\u0131n\u0131 tatmak istiyorsan\u0131z Esentepe sizin i\u00e7in harika bir se\u00e7enek. Bu kasaban\u0131n b\u00fcy\u00fcleyici do\u011fas\u0131n\u0131 merak ediyorsan\u0131z bunu ancak ke\u015ffederek \u00f6\u011frenebilirsiniz.[\/vc_column_text][\/vc_column][vc_column width=&#8221;1\/12&#8243;][\/vc_column][vc_column width=&#8221;6\/12&#8243;][vc_empty_space][vc_single_image image=&#8221;588&#8243; img_size=&#8221;full&#8221; alignment=&#8221;center&#8221; onclick=&#8221;link_image&#8221;][\/vc_column][\/vc_row][vc_row][vc_column][vc_column_text]Zaman burada huzur ve s\u00fckunet i\u00e7inde akarken biraz daha yava\u015f ge\u00e7ti\u011fini farkedeceksiniz. \u0130\u015f ve hayat\u0131n\u0131zdaki stresin bu huzurlu atmosferde omuzlar\u0131n\u0131zdan kalkarken rahatlad\u0131\u011f\u0131n\u0131z\u0131 hisseceksiniz. Kasaba merkezinde sabah kahvenizi yudumlarken veya ak\u015fam\u00fcst\u00fc bir bardak \u015farap i\u00e7erken g\u00fcndelik hayat\u0131n s\u0131k\u0131nt\u0131lar\u0131n\u0131 unutup arkada b\u0131rakacaks\u0131n\u0131z.[\/vc_column_text][\/vc_column][\/vc_row][vc_row][vc_column][vc_column_text]Esentepe sakinlerini genellikle 1974 y\u0131l\u0131ndan \u00f6nce Karadenizden g\u00f6\u00e7 eden bir n\u00fcfus olu\u015fturuyor. Bu kasaba y\u0131llar i\u00e7inde geli\u015ferek turist ve yerel kesime b\u00f6lgenin sakl\u0131 cevheri olarak bilinmeye ba\u015flad\u0131. Esentepe bir\u00e7ok ki\u015fi i\u00e7in yeni bir olanakken orada kal\u0131p cazibesine tutulan bir\u00e7ok ya\u015fayan\u0131 olmu\u015ftur.<\/p>\n<p>Esentepenin bu kadar ilgi g\u00f6rmesi, onun cezbedici taraf\u0131n\u0131 azaltm\u0131yor aksine yontulmam\u0131\u015f g\u00fczelli\u011fini y\u00fcceltiyor.[\/vc_column_text][\/vc_column][\/vc_row][vc_row][vc_column][vc_empty_space height=&#8221;100px&#8221;][\/vc_column][\/vc_row][vc_row][vc_column width=&#8221;1\/6&#8243;][\/vc_column][vc_column width=&#8221;2\/3&#8243;]\n<div class=\"wpcf7 no-js\" id=\"wpcf7-f693-o1\" lang=\"de-DE\" dir=\"ltr\" data-wpcf7-id=\"693\">\n<div class=\"screen-reader-response\"><p role=\"status\" aria-live=\"polite\" aria-atomic=\"true\"><\/p> <ul><\/ul><\/div>\n<form action=\"\/tr\/wp-json\/wp\/v2\/pages\/1118#wpcf7-f693-o1\" method=\"post\" class=\"wpcf7-form init\" aria-label=\"Contact form\" novalidate=\"novalidate\" data-status=\"init\">\n<fieldset class=\"hidden-fields-container\"><input type=\"hidden\" name=\"_wpcf7\" value=\"693\" \/><input type=\"hidden\" name=\"_wpcf7_version\" value=\"6.1.2\" \/><input type=\"hidden\" name=\"_wpcf7_locale\" value=\"de_DE\" \/><input type=\"hidden\" name=\"_wpcf7_unit_tag\" value=\"wpcf7-f693-o1\" \/><input type=\"hidden\" name=\"_wpcf7_container_post\" value=\"0\" \/><input type=\"hidden\" name=\"_wpcf7_posted_data_hash\" value=\"\" \/>\n<\/fieldset>\n<p><label><span class=\"wpcf7-form-control-wrap\" data-name=\"your-name\"><input size=\"40\" maxlength=\"400\" class=\"wpcf7-form-control wpcf7-text wpcf7-validates-as-required\" aria-required=\"true\" aria-invalid=\"false\" placeholder=\"Ad\u0131n\u0131z (Zorunlu alan)\" value=\"\" type=\"text\" name=\"your-name\" \/><\/span><\/label>\n<\/p>\n<p><label><span class=\"wpcf7-form-control-wrap\" data-name=\"telefon-mobil\"><input size=\"40\" maxlength=\"400\" class=\"wpcf7-form-control wpcf7-tel wpcf7-text wpcf7-validates-as-tel\" aria-invalid=\"false\" placeholder=\"Telefon\/ cep telefonu numaras\u0131\" value=\"\" type=\"tel\" name=\"telefon-mobil\" \/><\/span><\/label>\n<\/p>\n<p><label><span class=\"wpcf7-form-control-wrap\" data-name=\"your-email\"><input size=\"40\" maxlength=\"400\" class=\"wpcf7-form-control wpcf7-email wpcf7-validates-as-required wpcf7-text wpcf7-validates-as-email\" aria-required=\"true\" aria-invalid=\"false\" placeholder=\"E-posta (Zorunlu alan)\" value=\"\" type=\"email\" name=\"your-email\" \/><\/span><\/label>\n<\/p>\n<p><label><span class=\"wpcf7-form-control-wrap\" data-name=\"your-subject\"><input size=\"40\" maxlength=\"400\" class=\"wpcf7-form-control wpcf7-text\" aria-invalid=\"false\" placeholder=\"Konu\" value=\"\" type=\"text\" name=\"your-subject\" \/><\/span><\/label>\n<\/p>\n<p><label><span class=\"wpcf7-form-control-wrap\" data-name=\"your-message\"><textarea cols=\"40\" rows=\"10\" maxlength=\"2000\" class=\"wpcf7-form-control wpcf7-textarea\" aria-invalid=\"false\" placeholder=\"Mesaj\u0131n\u0131z\" name=\"your-message\"><\/textarea><\/span> <\/label>\n<\/p>\n<p><span class=\"wpcf7-form-control-wrap\" data-name=\"Datenschutz\"><span class=\"wpcf7-form-control wpcf7-acceptance\"><span class=\"wpcf7-list-item\"><label><input type=\"checkbox\" name=\"Datenschutz\" value=\"1\" aria-invalid=\"false\" \/><span class=\"wpcf7-list-item-label\">Veri koruma beyan\u0131n\u0131 okudum ve kabul ediyorum.<\/span><\/label><\/span><\/span><\/span>\n<\/p>\n<p><input class=\"wpcf7-form-control wpcf7-submit has-spinner\" type=\"submit\" value=\"G\u00f6nderin\" \/>\n<\/p><p style=\"display: none !important;\" class=\"akismet-fields-container\" data-prefix=\"_wpcf7_ak_\"><label>&#916;<textarea name=\"_wpcf7_ak_hp_textarea\" cols=\"45\" rows=\"8\" maxlength=\"100\"><\/textarea><\/label><input type=\"hidden\" id=\"ak_js_1\" name=\"_wpcf7_ak_js\" value=\"248\"\/><script>document.getElementById( \"ak_js_1\" ).setAttribute( \"value\", ( new Date() ).getTime() );<\/script><\/p><div class=\"wpcf7-response-output\" aria-hidden=\"true\"><\/div>\n<\/form>\n<\/div>\n[\/vc_column][vc_column width=&#8221;1\/6&#8243;][\/vc_column][\/vc_row]<\/p>\n","protected":false},"excerpt":{"rendered":"<p>[vc_row][vc_column][vc_column_text] Esentepe [\/vc_column_text][\/vc_column][\/vc_row][vc_row][vc_column width=&#8221;5\/12&#8243;][vc_column_text]Kuzey K\u0131br\u0131s\u2019\u0131n kuzey sahilinde yer alan bu k\u00fc\u00e7\u00fck k\u00f6y, Girne\u2019nin do\u011fu taraf\u0131nda bulunmaktad\u0131r ve Bizans d\u00f6nemine uzanan bir ge\u00e7mi\u015fi vard\u0131r. \u015eehir ya\u015fam\u0131ndan uzakla\u015f\u0131p Kuzey K\u0131br\u0131s\u2019\u0131n e\u015fsiz do\u011fal ya\u015fam\u0131n\u0131 tatmak istiyorsan\u0131z Esentepe sizin i\u00e7in harika bir se\u00e7enek. Bu kasaban\u0131n b\u00fcy\u00fcleyici do\u011fas\u0131n\u0131 merak ediyorsan\u0131z bunu ancak ke\u015ffederek \u00f6\u011frenebilirsiniz.[\/vc_column_text][\/vc_column][vc_column width=&#8221;1\/12&#8243;][\/vc_column][vc_column width=&#8221;6\/12&#8243;][vc_empty_space][vc_single_image image=&#8221;588&#8243; img_size=&#8221;full&#8221; alignment=&#8221;center&#8221; onclick=&#8221;link_image&#8221;][\/vc_column][\/vc_row][vc_row][vc_column][vc_column_text]Zaman&hellip;<\/p>\n","protected":false},"author":1,"featured_media":0,"parent":0,"menu_order":0,"comment_status":"closed","ping_status":"closed","template":"","meta":{"_joinchat":[],"footnotes":""},"class_list":["post-1118","page","type-page","status-publish","hentry","description-off"],"translation":{"provider":"WPGlobus","version":"3.0.0","language":"tr","enabled_languages":["en","de","tr","sv","ru","ar","gr","no","fr","es"],"languages":{"en":{"title":true,"content":true,"excerpt":false},"de":{"title":true,"content":true,"excerpt":false},"tr":{"title":true,"content":true,"excerpt":false},"sv":{"title":true,"content":true,"excerpt":false},"ru":{"title":true,"content":true,"excerpt":false},"ar":{"title":true,"content":true,"excerpt":false},"gr":{"title":true,"content":true,"excerpt":false},"no":{"title":true,"content":true,"excerpt":false},"fr":{"title":false,"content":false,"excerpt":false},"es":{"title":false,"content":false,"excerpt":false}}},"yoast_head":"<!-- This site is optimized with the Yoast SEO plugin v26.0 - https:\/\/yoast.com\/wordpress\/plugins\/seo\/ -->\n<title>K\u0131br\u0131s adas\u0131n\u0131n kuzeyindeki Girne \u015fehri<\/title>\n<meta name=\"description\" content=\"Girne \u015fehri, K\u0131br\u0131s adas\u0131n\u0131n kuzeyinde yer almaktad\u0131r. Beyaz kumsallar ve cazibe merkezleri nedeniyle turistler ona \u00e7ekiliyor.\" \/>\n<meta name=\"robots\" content=\"index, follow, max-snippet:-1, max-image-preview:large, max-video-preview:-1\" \/>\n<link rel=\"canonical\" href=\"https:\/\/laroni-real-estate.com\/esentepe\/\" \/>\n<meta property=\"og:locale\" content=\"tr_TR\" \/>\n<meta property=\"og:type\" content=\"article\" \/>\n<meta property=\"og:title\" content=\"K\u0131br\u0131s adas\u0131n\u0131n kuzeyindeki Girne \u015fehri\" \/>\n<meta property=\"og:description\" content=\"Girne \u015fehri, K\u0131br\u0131s adas\u0131n\u0131n kuzeyinde yer almaktad\u0131r. Beyaz kumsallar ve cazibe merkezleri nedeniyle turistler ona \u00e7ekiliyor.\" \/>\n<meta property=\"og:url\" content=\"https:\/\/laroni-real-estate.com\/esentepe\/\" \/>\n<meta property=\"og:site_name\" content=\"Vastus Ltd.\" \/>\n<meta property=\"article:modified_time\" content=\"2021-03-10T12:04:31+00:00\" \/>\n<meta name=\"twitter:card\" content=\"summary_large_image\" \/>\n<meta name=\"twitter:label1\" content=\"Est. reading time\" \/>\n\t<meta name=\"twitter:data1\" content=\"1 minute\" \/>\n<script type=\"application\/ld+json\" class=\"yoast-schema-graph\">{\"@context\":\"https:\/\/schema.org\",\"@graph\":[{\"@type\":\"WebPage\",\"@id\":\"https:\/\/laroni-real-estate.com\/esentepe\/\",\"url\":\"https:\/\/laroni-real-estate.com\/esentepe\/\",\"name\":\"Esentepe - the windy hill - is located at the north coast of northern cyprus\",\"isPartOf\":{\"@id\":\"https:\/\/laroni-real-estate.com\/#website\"},\"datePublished\":\"2021-02-17T10:49:00+00:00\",\"dateModified\":\"2021-03-10T12:04:31+00:00\",\"description\":\"Girne \u015fehri, K\u0131br\u0131s adas\u0131n\u0131n kuzeyinde yer almaktad\u0131r. Beyaz kumsallar ve cazibe merkezleri nedeniyle turistler ona \u00e7ekiliyor.\",\"breadcrumb\":{\"@id\":\"https:\/\/laroni-real-estate.com\/esentepe\/#breadcrumb\"},\"inLanguage\":\"tr-TR\",\"potentialAction\":[{\"@type\":\"ReadAction\",\"target\":[\"https:\/\/laroni-real-estate.com\/esentepe\/\"]}]},{\"@type\":\"BreadcrumbList\",\"@id\":\"https:\/\/laroni-real-estate.com\/esentepe\/#breadcrumb\",\"itemListElement\":[{\"@type\":\"ListItem\",\"position\":1,\"name\":\"Startseite\",\"item\":\"https:\/\/laroni-real-estate.com\/no\/\"},{\"@type\":\"ListItem\",\"position\":2,\"name\":\"Esentepe\"}]},{\"@type\":\"WebSite\",\"@id\":\"https:\/\/laroni-real-estate.com\/#website\",\"url\":\"https:\/\/laroni-real-estate.com\/\",\"name\":\"Vastus Ltd.\",\"description\":\"\",\"potentialAction\":[{\"@type\":\"SearchAction\",\"target\":{\"@type\":\"EntryPoint\",\"urlTemplate\":\"https:\/\/laroni-real-estate.com\/?s={search_term_string}\"},\"query-input\":{\"@type\":\"PropertyValueSpecification\",\"valueRequired\":true,\"valueName\":\"search_term_string\"}}],\"inLanguage\":\"tr-TR\"}]}<\/script>\n<!-- \/ Yoast SEO plugin. -->","yoast_head_json":{"title":"K\u0131br\u0131s adas\u0131n\u0131n kuzeyindeki Girne \u015fehri","description":"Girne \u015fehri, K\u0131br\u0131s adas\u0131n\u0131n kuzeyinde yer almaktad\u0131r. Beyaz kumsallar ve cazibe merkezleri nedeniyle turistler ona \u00e7ekiliyor.","robots":{"index":"index","follow":"follow","max-snippet":"max-snippet:-1","max-image-preview":"max-image-preview:large","max-video-preview":"max-video-preview:-1"},"canonical":"https:\/\/laroni-real-estate.com\/esentepe\/","og_locale":"tr_TR","og_type":"article","og_title":"K\u0131br\u0131s adas\u0131n\u0131n kuzeyindeki Girne \u015fehri","og_description":"Girne \u015fehri, K\u0131br\u0131s adas\u0131n\u0131n kuzeyinde yer almaktad\u0131r. Beyaz kumsallar ve cazibe merkezleri nedeniyle turistler ona \u00e7ekiliyor.","og_url":"https:\/\/laroni-real-estate.com\/esentepe\/","og_site_name":"Vastus Ltd.","article_modified_time":"2021-03-10T12:04:31+00:00","twitter_card":"summary_large_image","twitter_misc":{"Est. reading time":"1 minute"},"schema":{"@context":"https:\/\/schema.org","@graph":[{"@type":"WebPage","@id":"https:\/\/laroni-real-estate.com\/esentepe\/","url":"https:\/\/laroni-real-estate.com\/esentepe\/","name":"Esentepe - the windy hill - is located at the north coast of northern cyprus","isPartOf":{"@id":"https:\/\/laroni-real-estate.com\/#website"},"datePublished":"2021-02-17T10:49:00+00:00","dateModified":"2021-03-10T12:04:31+00:00","description":"Girne \u015fehri, K\u0131br\u0131s adas\u0131n\u0131n kuzeyinde yer almaktad\u0131r. Beyaz kumsallar ve cazibe merkezleri nedeniyle turistler ona \u00e7ekiliyor.","breadcrumb":{"@id":"https:\/\/laroni-real-estate.com\/esentepe\/#breadcrumb"},"inLanguage":"tr-TR","potentialAction":[{"@type":"ReadAction","target":["https:\/\/laroni-real-estate.com\/esentepe\/"]}]},{"@type":"BreadcrumbList","@id":"https:\/\/laroni-real-estate.com\/esentepe\/#breadcrumb","itemListElement":[{"@type":"ListItem","position":1,"name":"Startseite","item":"https:\/\/laroni-real-estate.com\/no\/"},{"@type":"ListItem","position":2,"name":"Esentepe"}]},{"@type":"WebSite","@id":"https:\/\/laroni-real-estate.com\/#website","url":"https:\/\/laroni-real-estate.com\/","name":"Vastus Ltd.","description":"","potentialAction":[{"@type":"SearchAction","target":{"@type":"EntryPoint","urlTemplate":"https:\/\/laroni-real-estate.com\/?s={search_term_string}"},"query-input":{"@type":"PropertyValueSpecification","valueRequired":true,"valueName":"search_term_string"}}],"inLanguage":"tr-TR"}]}},"_links":{"self":[{"href":"https:\/\/laroni-real-estate.com\/tr\/wp-json\/wp\/v2\/pages\/1118","targetHints":{"allow":["GET"]}}],"collection":[{"href":"https:\/\/laroni-real-estate.com\/tr\/wp-json\/wp\/v2\/pages"}],"about":[{"href":"https:\/\/laroni-real-estate.com\/tr\/wp-json\/wp\/v2\/types\/page"}],"author":[{"embeddable":true,"href":"https:\/\/laroni-real-estate.com\/tr\/wp-json\/wp\/v2\/users\/1"}],"replies":[{"embeddable":true,"href":"https:\/\/laroni-real-estate.com\/tr\/wp-json\/wp\/v2\/comments?post=1118"}],"version-history":[{"count":16,"href":"https:\/\/laroni-real-estate.com\/tr\/wp-json\/wp\/v2\/pages\/1118\/revisions"}],"predecessor-version":[{"id":1515,"href":"https:\/\/laroni-real-estate.com\/tr\/wp-json\/wp\/v2\/pages\/1118\/revisions\/1515"}],"wp:attachment":[{"href":"https:\/\/laroni-real-estate.com\/tr\/wp-json\/wp\/v2\/media?parent=1118"}],"curies":[{"name":"wp","href":"https:\/\/api.w.org\/{rel}","templated":true}]}}