{"id":446,"date":"2018-10-23T08:16:55","date_gmt":"2018-10-23T06:16:55","guid":{"rendered":"http:\/\/www.vastus.ltd\/?page_id=446"},"modified":"2021-02-28T16:41:30","modified_gmt":"2021-02-28T15:41:30","slug":"ueber-uns","status":"publish","type":"page","link":"https:\/\/laroni-real-estate.com\/sv\/ueber-uns\/","title":{"rendered":"OM OSS"},"content":{"rendered":"<p>[vc_row][vc_column][vc_empty_space height=&#8221;150px&#8221;][\/vc_column][\/vc_row][vc_row][vc_column][vc_column_text]<\/p>\n<h1>Om oss<\/h1>\n<p>[\/vc_column_text][\/vc_column][\/vc_row][vc_row][vc_column][vc_column_text]Vi &#8211; Vastus LTD, har erbjudit v\u00e5ra tj\u00e4nster i Tyskland i m\u00e5nga \u00e5r. Vi har alltid varit mycket noggranna med att se till att v\u00e5rt arbete utf\u00f6rs enligt h\u00f6gsta energi- och h\u00e4lsostandarder. V\u00e5rt motto \u201dVi bygger ditt hem\u201d kr\u00e4ver detta.<\/p>\n<p>Din familjs s\u00e4kerhet kommer f\u00f6rst! F\u00f6r att uppfylla detta anv\u00e4nder vi endast material av h\u00f6gsta kvalitet. P\u00e5 insidan och utsidan av huset, oavsett om det \u00e4r metall eller tr\u00e4, v\u00e4rmeisolering och brandskydd, tak, golv och v\u00e4ggmaterial &#8211; alla omr\u00e5den uppfyller de h\u00f6gsta kraven. Husen \u00e4r byggda enligt de mest exakta, statiska och arkitektoniska ber\u00e4kningarna.[\/vc_column_text][\/vc_column][\/vc_row][vc_row][vc_column][vc_empty_space height=&#8221;100px&#8221;][\/vc_column][\/vc_row][vc_row][vc_column]\n\t\t\t<!-- START Villa zu vermieten SW2 REVOLUTION SLIDER 6.5.7 --><p class=\"rs-p-wp-fix\"><\/p>\n\t\t\t<rs-module-wrap id=\"rev_slider_37_1_wrapper\" data-source=\"gallery\" style=\"visibility:hidden;background:transparent;padding:0;\">\n\t\t\t\t<rs-module id=\"rev_slider_37_1\" style=\"\" data-version=\"6.5.7\">\n\t\t\t\t\t<rs-slides>\n\t\t\t\t\t\t<rs-slide style=\"position: absolute;\" data-key=\"rs-47\" data-title=\"Slide\" data-anim=\"ms:1000;r:0;\" data-in=\"o:0;\" data-out=\"a:false;\">\n\t\t\t\t\t\t\t<img loading=\"lazy\" decoding=\"async\" src=\"\/\/laroni-real-estate.com\/wp-content\/plugins\/revslider\/public\/assets\/assets\/dummy.png\" title=\"Vastus-Immobilie-Drohnenaufnahme-03-1920&#215;1280\" width=\"1920\" height=\"1079\" class=\"rev-slidebg tp-rs-img rs-lazyload\" data-lazyload=\"\/\/www.vastus.ltd\/wp-content\/uploads\/2020\/08\/Vastus-Immobilie-Drohnenaufnahme-03-1920x1280-1.jpg\" data-parallax=\"15\" data-no-retina>\n<!--\n\t\t\t\t\t\t\t--><h2\n\t\t\t\t\t\t\t\tid=\"slider-37-slide-47-layer-2\" \n\t\t\t\t\t\t\t\tclass=\"rs-layer\"\n\t\t\t\t\t\t\t\tdata-type=\"text\"\n\t\t\t\t\t\t\t\tdata-color=\"#000000\"\n\t\t\t\t\t\t\t\tdata-rsp_ch=\"on\"\n\t\t\t\t\t\t\t\tdata-xy=\"x:c;y:330px;\"\n\t\t\t\t\t\t\t\tdata-text=\"w:normal;s:64;l:96;fw:500;\"\n\t\t\t\t\t\t\t\tdata-basealign=\"slide\"\n\t\t\t\t\t\t\t\tdata-padding=\"t:20;r:20;b:20;l:20;\"\n\t\t\t\t\t\t\t\tdata-frame_1=\"st:400;sp:600;\"\n\t\t\t\t\t\t\t\tdata-frame_999=\"o:0;st:w;\"\n\t\t\t\t\t\t\t\tstyle=\"z-index:9;background-color:rgba(255,255,255,0.55);font-family:'Roboto';text-transform:uppercase;\"\n\t\t\t\t\t\t\t>KONTAKTA OSS F\u00d6R MER INFORMATION! \n\t\t\t\t\t\t\t<\/h2><!--\n-->\t\t\t\t\t\t<\/rs-slide>\n\t\t\t\t\t<\/rs-slides>\n\t\t\t\t<\/rs-module>\n\t\t\t\t<script type=\"text\/javascript\">\n\t\t\t\t\tsetREVStartSize({c: 'rev_slider_37_1',rl:[1240,1024,778,480],el:[1280],gw:[1920],gh:[1280],type:'standard',justify:'',layout:'fullscreen',offsetContainer:'',offset:'',mh:\"0\"});if (window.RS_MODULES!==undefined && window.RS_MODULES.modules!==undefined && window.RS_MODULES.modules[\"revslider371\"]!==undefined) {window.RS_MODULES.modules[\"revslider371\"].once = false;window.revapi37 = undefined;if (window.RS_MODULES.checkMinimal!==undefined) window.RS_MODULES.checkMinimal()}\n\t\t\t\t<\/script>\n\t\t\t<\/rs-module-wrap>\n\t\t\t<!-- END REVOLUTION SLIDER -->\n[\/vc_column][\/vc_row][vc_row][vc_column][vc_empty_space height=&#8221;150px&#8221;][\/vc_column][\/vc_row][vc_row][vc_column][vc_column_text]<\/p>\n<h3>VI BEVISAR DETTA GENOM ATT NOGGRANT ALLTID M\u00d6TA ALLA DEADLINES.<\/h3>\n<p>[\/vc_column_text][vc_column_text]Hos oss finns det inga dolda kostnader. Den f\u00f6rutbest\u00e4mda budgeten kommer inte att justeras under byggprocessen. Allt som vi har kommit \u00f6verens om i f\u00f6rv\u00e4g kommer vi att beh\u00e5lla. Vi anv\u00e4nder endast byggmaterial som inte utg\u00f6r n\u00e5gon h\u00e4lsorisk.<\/p>\n<p>V\u00e5rt kompetenta team av experter ger dig g\u00e4rna r\u00e5d om h\u00e4lsosamma och naturliga byggmaterial. Ett lugnt liv \u00e4r bara m\u00f6jligt i ett lugnt hem. Och detta b\u00f6rjar under byggfasen. Medan du och din familj v\u00e4ntar p\u00e5 ditt nya hem, tar vi hand om alla byr\u00e5kratiska skyldigheter och skyldigheter. Allt du beh\u00f6ver g\u00f6ra \u00e4r att plocka upp nycklarna och k\u00e4nna dig som hemma.<\/p>\n<p>N\u00e4r det \u00e4r ett frist\u00e5ende hus eller ett fastighetsbyte. Vi erbjuder ett alternativ f\u00f6r varje \u00f6nskan och varje budget. Med enskilda projekt ger vi din fantasi obegr\u00e4nsad frihet. Samtidigt st\u00f6der vi modern stadsutveckling och anpassar v\u00e5ra fastigheter till staden och dess omgivningar.[\/vc_column_text][\/vc_column][\/vc_row][vc_row][vc_column][vc_empty_space height=&#8221;150px&#8221;][\/vc_column][\/vc_row][vc_row][vc_column width=&#8221;1\/6&#8243;][\/vc_column][vc_column width=&#8221;2\/3&#8243;]\n<div class=\"wpcf7 no-js\" id=\"wpcf7-f829-o1\" lang=\"de-DE\" dir=\"ltr\" data-wpcf7-id=\"829\">\n<div class=\"screen-reader-response\"><p role=\"status\" aria-live=\"polite\" aria-atomic=\"true\"><\/p> <ul><\/ul><\/div>\n<form action=\"\/sv\/wp-json\/wp\/v2\/pages\/446#wpcf7-f829-o1\" method=\"post\" class=\"wpcf7-form init\" aria-label=\"Contact form\" novalidate=\"novalidate\" data-status=\"init\">\n<fieldset class=\"hidden-fields-container\"><input type=\"hidden\" name=\"_wpcf7\" value=\"829\" \/><input type=\"hidden\" name=\"_wpcf7_version\" value=\"6.1.2\" \/><input type=\"hidden\" name=\"_wpcf7_locale\" value=\"de_DE\" \/><input type=\"hidden\" name=\"_wpcf7_unit_tag\" value=\"wpcf7-f829-o1\" \/><input type=\"hidden\" name=\"_wpcf7_container_post\" value=\"0\" \/><input type=\"hidden\" name=\"_wpcf7_posted_data_hash\" value=\"\" \/>\n<\/fieldset>\n<p><label><span class=\"wpcf7-form-control-wrap\" data-name=\"your-name\"><input size=\"40\" maxlength=\"400\" class=\"wpcf7-form-control wpcf7-text wpcf7-validates-as-required\" aria-required=\"true\" aria-invalid=\"false\" placeholder=\"Ditt namn (Obligatoriskt f\u00e4lt)\" value=\"\" type=\"text\" name=\"your-name\" \/><\/span><\/label>\n<\/p>\n<p><label><span class=\"wpcf7-form-control-wrap\" data-name=\"telefon-mobil\"><input size=\"40\" maxlength=\"400\" class=\"wpcf7-form-control wpcf7-tel wpcf7-text wpcf7-validates-as-tel\" aria-invalid=\"false\" placeholder=\"Telefonnummer\" value=\"\" type=\"tel\" name=\"telefon-mobil\" \/><\/span><\/label>\n<\/p>\n<p><label><span class=\"wpcf7-form-control-wrap\" data-name=\"your-email\"><input size=\"40\" maxlength=\"400\" class=\"wpcf7-form-control wpcf7-email wpcf7-validates-as-required wpcf7-text wpcf7-validates-as-email\" aria-required=\"true\" aria-invalid=\"false\" placeholder=\"Din e-postadress (obligatoriskt f\u00e4lt)\" value=\"\" type=\"email\" name=\"your-email\" \/><\/span><\/label>\n<\/p>\n<p><label><span class=\"wpcf7-form-control-wrap\" data-name=\"your-subject\"><input size=\"40\" maxlength=\"400\" class=\"wpcf7-form-control wpcf7-text\" aria-invalid=\"false\" placeholder=\"\u00c4mne\" value=\"\" type=\"text\" name=\"your-subject\" \/><\/span><\/label>\n<\/p>\n<p><label><span class=\"wpcf7-form-control-wrap\" data-name=\"your-message\"><textarea cols=\"40\" rows=\"10\" maxlength=\"2000\" class=\"wpcf7-form-control wpcf7-textarea\" aria-invalid=\"false\" placeholder=\"Meddelande\" name=\"your-message\"><\/textarea><\/span> <\/label>\n<\/p>\n<p><span class=\"wpcf7-form-control-wrap\" data-name=\"Datenschutz\"><span class=\"wpcf7-form-control wpcf7-acceptance\"><span class=\"wpcf7-list-item\"><label><input type=\"checkbox\" name=\"Datenschutz\" value=\"1\" aria-invalid=\"false\" \/><span class=\"wpcf7-list-item-label\">Jag har l\u00e4st och accepterat sekretesspolicyn.<\/span><\/label><\/span><\/span><\/span>\n<\/p>\n<p><input class=\"wpcf7-form-control wpcf7-submit has-spinner\" type=\"submit\" value=\"Skicka\" \/>\n<\/p><p style=\"display: none !important;\" class=\"akismet-fields-container\" data-prefix=\"_wpcf7_ak_\"><label>&#916;<textarea name=\"_wpcf7_ak_hp_textarea\" cols=\"45\" rows=\"8\" maxlength=\"100\"><\/textarea><\/label><input type=\"hidden\" id=\"ak_js_1\" name=\"_wpcf7_ak_js\" value=\"243\"\/><script>document.getElementById( \"ak_js_1\" ).setAttribute( \"value\", ( new Date() ).getTime() );<\/script><\/p><div class=\"wpcf7-response-output\" aria-hidden=\"true\"><\/div>\n<\/form>\n<\/div>\n[\/vc_column][vc_column width=&#8221;1\/6&#8243;][\/vc_column][\/vc_row]<\/p>\n","protected":false},"excerpt":{"rendered":"<p>[vc_row][vc_column][vc_empty_space height=&#8221;150px&#8221;][\/vc_column][\/vc_row][vc_row][vc_column][vc_column_text] Om oss [\/vc_column_text][\/vc_column][\/vc_row][vc_row][vc_column][vc_column_text]Vi &#8211; Vastus LTD, har erbjudit v\u00e5ra tj\u00e4nster i Tyskland i m\u00e5nga \u00e5r. Vi har alltid varit mycket noggranna med att se till att v\u00e5rt arbete utf\u00f6rs enligt h\u00f6gsta energi- och h\u00e4lsostandarder. V\u00e5rt motto \u201dVi bygger ditt hem\u201d kr\u00e4ver detta. Din familjs s\u00e4kerhet kommer f\u00f6rst! F\u00f6r att uppfylla detta anv\u00e4nder vi&hellip;<\/p>\n","protected":false},"author":1,"featured_media":0,"parent":0,"menu_order":0,"comment_status":"closed","ping_status":"closed","template":"","meta":{"_joinchat":[],"footnotes":""},"class_list":["post-446","page","type-page","status-publish","hentry","description-off"],"translation":{"provider":"WPGlobus","version":"3.0.0","language":"sv","enabled_languages":["en","de","tr","sv","ru","ar","gr","no","fr","es"],"languages":{"en":{"title":true,"content":true,"excerpt":false},"de":{"title":true,"content":true,"excerpt":false},"tr":{"title":true,"content":true,"excerpt":false},"sv":{"title":true,"content":true,"excerpt":false},"ru":{"title":true,"content":true,"excerpt":false},"ar":{"title":true,"content":true,"excerpt":false},"gr":{"title":true,"content":true,"excerpt":false},"no":{"title":true,"content":true,"excerpt":false},"fr":{"title":false,"content":false,"excerpt":false},"es":{"title":false,"content":false,"excerpt":false}}},"yoast_head":"<!-- This site is optimized with the Yoast SEO plugin v26.0 - https:\/\/yoast.com\/wordpress\/plugins\/seo\/ -->\n<title>Om oss - Vastus LTD - L\u00e4r k\u00e4nna det moderna f\u00f6retaget<\/title>\n<meta name=\"description\" content=\"P\u00e5 den h\u00e4r sidan hittar du information om Vastus LTD. Till exempel vilka material Vastus arbetar med och vad standarderna \u00e4r.\" \/>\n<meta name=\"robots\" content=\"index, follow, max-snippet:-1, max-image-preview:large, max-video-preview:-1\" \/>\n<link rel=\"canonical\" href=\"https:\/\/laroni-real-estate.com\/ru\/ueber-uns\/\" \/>\n<meta property=\"og:locale\" content=\"sv_SE\" \/>\n<meta property=\"og:type\" content=\"article\" \/>\n<meta property=\"og:title\" content=\"Om oss - Vastus LTD - L\u00e4r k\u00e4nna det moderna f\u00f6retaget\" \/>\n<meta property=\"og:description\" content=\"P\u00e5 den h\u00e4r sidan hittar du information om Vastus LTD. Till exempel vilka material Vastus arbetar med och vad standarderna \u00e4r.\" \/>\n<meta property=\"og:url\" content=\"https:\/\/laroni-real-estate.com\/ru\/ueber-uns\/\" \/>\n<meta property=\"og:site_name\" content=\"Vastus Ltd.\" \/>\n<meta property=\"article:modified_time\" content=\"2021-02-28T15:41:30+00:00\" \/>\n<meta name=\"twitter:card\" content=\"summary_large_image\" \/>\n<meta name=\"twitter:label1\" content=\"Est. reading time\" \/>\n\t<meta name=\"twitter:data1\" content=\"2 minutes\" \/>\n<script type=\"application\/ld+json\" class=\"yoast-schema-graph\">{\"@context\":\"https:\/\/schema.org\",\"@graph\":[{\"@type\":\"WebPage\",\"@id\":\"https:\/\/laroni-real-estate.com\/ru\/ueber-uns\/\",\"url\":\"https:\/\/laroni-real-estate.com\/ru\/ueber-uns\/\",\"name\":\"\u041e \u043d\u0430\u0441 - Vastus LTD - \u041f\u043e\u0437\u043d\u0430\u043a\u043e\u043c\u044c\u0442\u0435\u0441\u044c \u0441 \u0441\u043e\u0432\u0440\u0435\u043c\u0435\u043d\u043d\u043e\u0439 \u043a\u043e\u043c\u043f\u0430\u043d\u0438\u0435\u0439\",\"isPartOf\":{\"@id\":\"https:\/\/laroni-real-estate.com\/#website\"},\"datePublished\":\"2018-10-23T06:16:55+00:00\",\"dateModified\":\"2021-02-28T15:41:30+00:00\",\"description\":\"P\u00e5 den h\u00e4r sidan hittar du information om Vastus LTD. Till exempel vilka material Vastus arbetar med och vad standarderna \u00e4r.\",\"breadcrumb\":{\"@id\":\"https:\/\/laroni-real-estate.com\/ru\/ueber-uns\/#breadcrumb\"},\"inLanguage\":\"sv-SE\",\"potentialAction\":[{\"@type\":\"ReadAction\",\"target\":[\"https:\/\/laroni-real-estate.com\/ru\/ueber-uns\/\"]}]},{\"@type\":\"BreadcrumbList\",\"@id\":\"https:\/\/laroni-real-estate.com\/ru\/ueber-uns\/#breadcrumb\",\"itemListElement\":[{\"@type\":\"ListItem\",\"position\":1,\"name\":\"Startseite\",\"item\":\"https:\/\/laroni-real-estate.com\/no\/\"},{\"@type\":\"ListItem\",\"position\":2,\"name\":\"\u041e \u041d\u0410\u0421\"}]},{\"@type\":\"WebSite\",\"@id\":\"https:\/\/laroni-real-estate.com\/#website\",\"url\":\"https:\/\/laroni-real-estate.com\/\",\"name\":\"Vastus Ltd.\",\"description\":\"\",\"potentialAction\":[{\"@type\":\"SearchAction\",\"target\":{\"@type\":\"EntryPoint\",\"urlTemplate\":\"https:\/\/laroni-real-estate.com\/?s={search_term_string}\"},\"query-input\":{\"@type\":\"PropertyValueSpecification\",\"valueRequired\":true,\"valueName\":\"search_term_string\"}}],\"inLanguage\":\"sv-SE\"}]}<\/script>\n<!-- \/ Yoast SEO plugin. -->","yoast_head_json":{"title":"Om oss - Vastus LTD - L\u00e4r k\u00e4nna det moderna f\u00f6retaget","description":"P\u00e5 den h\u00e4r sidan hittar du information om Vastus LTD. Till exempel vilka material Vastus arbetar med och vad standarderna \u00e4r.","robots":{"index":"index","follow":"follow","max-snippet":"max-snippet:-1","max-image-preview":"max-image-preview:large","max-video-preview":"max-video-preview:-1"},"canonical":"https:\/\/laroni-real-estate.com\/ru\/ueber-uns\/","og_locale":"sv_SE","og_type":"article","og_title":"Om oss - Vastus LTD - L\u00e4r k\u00e4nna det moderna f\u00f6retaget","og_description":"P\u00e5 den h\u00e4r sidan hittar du information om Vastus LTD. Till exempel vilka material Vastus arbetar med och vad standarderna \u00e4r.","og_url":"https:\/\/laroni-real-estate.com\/ru\/ueber-uns\/","og_site_name":"Vastus Ltd.","article_modified_time":"2021-02-28T15:41:30+00:00","twitter_card":"summary_large_image","twitter_misc":{"Est. reading time":"2 minutes"},"schema":{"@context":"https:\/\/schema.org","@graph":[{"@type":"WebPage","@id":"https:\/\/laroni-real-estate.com\/ru\/ueber-uns\/","url":"https:\/\/laroni-real-estate.com\/ru\/ueber-uns\/","name":"\u041e \u043d\u0430\u0441 - Vastus LTD - \u041f\u043e\u0437\u043d\u0430\u043a\u043e\u043c\u044c\u0442\u0435\u0441\u044c \u0441 \u0441\u043e\u0432\u0440\u0435\u043c\u0435\u043d\u043d\u043e\u0439 \u043a\u043e\u043c\u043f\u0430\u043d\u0438\u0435\u0439","isPartOf":{"@id":"https:\/\/laroni-real-estate.com\/#website"},"datePublished":"2018-10-23T06:16:55+00:00","dateModified":"2021-02-28T15:41:30+00:00","description":"P\u00e5 den h\u00e4r sidan hittar du information om Vastus LTD. Till exempel vilka material Vastus arbetar med och vad standarderna \u00e4r.","breadcrumb":{"@id":"https:\/\/laroni-real-estate.com\/ru\/ueber-uns\/#breadcrumb"},"inLanguage":"sv-SE","potentialAction":[{"@type":"ReadAction","target":["https:\/\/laroni-real-estate.com\/ru\/ueber-uns\/"]}]},{"@type":"BreadcrumbList","@id":"https:\/\/laroni-real-estate.com\/ru\/ueber-uns\/#breadcrumb","itemListElement":[{"@type":"ListItem","position":1,"name":"Startseite","item":"https:\/\/laroni-real-estate.com\/no\/"},{"@type":"ListItem","position":2,"name":"\u041e \u041d\u0410\u0421"}]},{"@type":"WebSite","@id":"https:\/\/laroni-real-estate.com\/#website","url":"https:\/\/laroni-real-estate.com\/","name":"Vastus Ltd.","description":"","potentialAction":[{"@type":"SearchAction","target":{"@type":"EntryPoint","urlTemplate":"https:\/\/laroni-real-estate.com\/?s={search_term_string}"},"query-input":{"@type":"PropertyValueSpecification","valueRequired":true,"valueName":"search_term_string"}}],"inLanguage":"sv-SE"}]}},"_links":{"self":[{"href":"https:\/\/laroni-real-estate.com\/sv\/wp-json\/wp\/v2\/pages\/446","targetHints":{"allow":["GET"]}}],"collection":[{"href":"https:\/\/laroni-real-estate.com\/sv\/wp-json\/wp\/v2\/pages"}],"about":[{"href":"https:\/\/laroni-real-estate.com\/sv\/wp-json\/wp\/v2\/types\/page"}],"author":[{"embeddable":true,"href":"https:\/\/laroni-real-estate.com\/sv\/wp-json\/wp\/v2\/users\/1"}],"replies":[{"embeddable":true,"href":"https:\/\/laroni-real-estate.com\/sv\/wp-json\/wp\/v2\/comments?post=446"}],"version-history":[{"count":60,"href":"https:\/\/laroni-real-estate.com\/sv\/wp-json\/wp\/v2\/pages\/446\/revisions"}],"predecessor-version":[{"id":1431,"href":"https:\/\/laroni-real-estate.com\/sv\/wp-json\/wp\/v2\/pages\/446\/revisions\/1431"}],"wp:attachment":[{"href":"https:\/\/laroni-real-estate.com\/sv\/wp-json\/wp\/v2\/media?parent=446"}],"curies":[{"name":"wp","href":"https:\/\/api.w.org\/{rel}","templated":true}]}}