{"id":403,"date":"2018-10-22T16:59:38","date_gmt":"2018-10-22T14:59:38","guid":{"rendered":"http:\/\/www.vastus.ltd\/?page_id=403"},"modified":"2021-03-08T11:31:05","modified_gmt":"2021-03-08T10:31:05","slug":"leistungen","status":"publish","type":"page","link":"https:\/\/laroni-real-estate.com\/sv\/leistungen\/","title":{"rendered":"V\u00c5RA F\u00d6RDELAR"},"content":{"rendered":"<p>[vc_row][vc_column][vc_column_text]<\/p>\n<h1>V\u00c5RA F\u00d6RDELAR<\/h1>\n<p>[\/vc_column_text][vc_column_text]<\/p>\n<h2><strong>L\u00c4GENHET- OCH HUSBYGGE<\/strong><\/h2>\n<p>[\/vc_column_text][\/vc_column][\/vc_row][vc_row][vc_column width=&#8221;6\/12&#8243;][vc_column_text]<\/p>\n<p style=\"text-align: justify;\">Vi erbjuder olika tj\u00e4nster inom platt- och husbyggande. Vi \u00e4r vid din sida fr\u00e5n b\u00f6rjan till slutprocessen av v\u00e5rt projekt. Fr\u00e5n enfamiljshus i olika dimensioner till flerbostadshus med individuella planritningar har vi en bred diversifierad portf\u00f6lj.<\/p>\n<p style=\"text-align: justify;\">Vi har attraktiva erbjudanden f\u00f6r fastighets\u00e4gare: Vi bygger p\u00e5 deras mark och i geng\u00e4ld f\u00e5r de en eller flera l\u00e4genheter. V\u00e5ra erbjudanden t\u00e4cker hela spektrumet fr\u00e5n den grova konstruktionen till det f\u00e4rdiga hemmet.<\/p>\n<p>[\/vc_column_text][\/vc_column][vc_column width=&#8221;1\/12&#8243;][\/vc_column][vc_column width=&#8221;5\/12&#8243;][vc_single_image image=&#8221;575&#8243; img_size=&#8221;full&#8221; alignment=&#8221;center&#8221; onclick=&#8221;link_image&#8221;][\/vc_column][\/vc_row][vc_row][vc_column width=&#8221;6\/12&#8243;][vc_single_image image=&#8221;576&#8243; img_size=&#8221;full&#8221; alignment=&#8221;center&#8221; onclick=&#8221;link_image&#8221;][\/vc_column][vc_column width=&#8221;1\/12&#8243;][\/vc_column][vc_column width=&#8221;5\/12&#8243;][vc_column_text]<\/p>\n<p style=\"text-align: justify;\">Denna tj\u00e4nst \u00e4r s\u00e4rskilt l\u00e4mplig f\u00f6r kunder utan byggupplevelse. Vi bygger, du flyttar in! Beroende p\u00e5 fastighetens storlek och plats erbjuder vi dig individuella byggprojekt och hyresalternativ. Med detta sparar du inte bara den extra ekonomiska anstr\u00e4ngningen utan ocks\u00e5 den stress som byggandet av ett hus inneb\u00e4r. F\u00f6r att s\u00e4kerst\u00e4lla att allt g\u00e5r smidigt arbetar vi s\u00e5 \u00f6ppet som m\u00f6jligt och delar varje utveckling med v\u00e5r klient. Detta inneb\u00e4r inga \u00f6verraskande merkostnader f\u00f6r dig. Du beh\u00f6ver bara luta dig tillbaka och v\u00e4nta p\u00e5 slutf\u00f6randet av projektet.[\/vc_column_text][\/vc_column][\/vc_row][vc_row][vc_column][vc_empty_space height=&#8221;100px&#8221;][vc_column_text]<\/p>\n<h2>K\u00d6P OCH F\u00d6RS\u00c4LJNING<\/h2>\n<p>[\/vc_column_text][\/vc_column][\/vc_row][vc_row][vc_column width=&#8221;6\/12&#8243;][vc_column_text]<\/p>\n<p style=\"text-align: justify;\">Vill du f\u00f6r\u00e4ndra ditt liv? Vill du ha en f\u00f6r\u00e4ndring av landskapet? Varf\u00f6r inte k\u00f6pa en ny fastighet direkt! M\u00e5nga saknar en \u00f6verblick \u00f6ver fastighetsmarknaden. Vi kan hj\u00e4lpa dig att hitta det verkliga v\u00e4rdet p\u00e5 din fastighet. Vi hj\u00e4lper dig med marknadsanalyser och utv\u00e4rdering av din fastighetssituation. N\u00e4r fastighetspriset fastst\u00e4lls, till din f\u00f6rdel, kommer vi att utveckla en f\u00f6rs\u00e4ljningsstrategi f\u00f6r dig och med dig f\u00f6r att s\u00e4lja din fastighet till b\u00e4sta m\u00f6jliga pris. Under marknadsf\u00f6ringsprocessen anv\u00e4nder vi b\u00e5de analoga och digitala plattformar inriktade p\u00e5 nationella och internationella marknader i olika valutor. Tillsammans uppn\u00e5r vi h\u00f6gsta m\u00f6jliga avkastning.<\/p>\n<p>[\/vc_column_text][\/vc_column][vc_column width=&#8221;1\/12&#8243;][\/vc_column][vc_column width=&#8221;5\/12&#8243;][vc_single_image image=&#8221;578&#8243; img_size=&#8221;full&#8221; alignment=&#8221;center&#8221; onclick=&#8221;link_image&#8221;][\/vc_column][\/vc_row][vc_row][vc_column width=&#8221;1\/2&#8243;][vc_single_image image=&#8221;579&#8243; img_size=&#8221;full&#8221; alignment=&#8221;center&#8221; onclick=&#8221;link_image&#8221;][\/vc_column][vc_column width=&#8221;1\/2&#8243;][vc_column_text]<\/p>\n<p style=\"text-align: justify;\">V\u00e5ra erfarna fastighetsexperter s\u00f6ker p\u00e5 fastighetsmarknaden utifr\u00e5n dina personliga \u00f6nskem\u00e5l och behov. En attraktiv l\u00e4genhet vid stadens puls, eller ett hus p\u00e5 landsbygden. Vi \u00e4r inte bara specialiserade p\u00e5 hem utan ocks\u00e5 p\u00e5 v\u00e5ra kunders \u00f6nskem\u00e5l och intressen. Dessutom str\u00e4var vi alltid efter att erbjuda b\u00e4sta m\u00f6jliga ink\u00f6pspris f\u00f6r dig.[\/vc_column_text][\/vc_column][\/vc_row][vc_row][vc_column][vc_empty_space height=&#8221;100px&#8221;]\n\t\t\t<!-- START Leistungen Eyecatcher REVOLUTION SLIDER 6.5.7 --><p class=\"rs-p-wp-fix\"><\/p>\n\t\t\t<rs-module-wrap id=\"rev_slider_13_1_wrapper\" data-source=\"gallery\" style=\"visibility:hidden;background:transparent;padding:0;\">\n\t\t\t\t<rs-module id=\"rev_slider_13_1\" style=\"\" data-version=\"6.5.7\">\n\t\t\t\t\t<rs-slides>\n\t\t\t\t\t\t<rs-slide style=\"position: absolute;\" data-key=\"rs-24\" data-title=\"Slide\" data-anim=\"ms:1000;r:0;\" data-in=\"o:0;\" data-out=\"a:false;\">\n\t\t\t\t\t\t\t<img loading=\"lazy\" decoding=\"async\" src=\"\/\/laroni-real-estate.com\/wp-content\/plugins\/revslider\/public\/assets\/assets\/dummy.png\" title=\"Vastus-Immobilie-Drohnenaufnahme-04-1920&#215;1280\" width=\"1920\" height=\"1079\" class=\"rev-slidebg tp-rs-img rs-lazyload\" data-lazyload=\"\/\/www.vastus.ltd\/wp-content\/uploads\/2020\/08\/Vastus-Immobilie-Drohnenaufnahme-04-1920x1280-1.jpg\" data-parallax=\"15\" data-no-retina>\n<!---->\t\t\t\t\t\t<\/rs-slide>\n\t\t\t\t\t<\/rs-slides>\n\t\t\t\t<\/rs-module>\n\t\t\t\t<script type=\"text\/javascript\">\n\t\t\t\t\tsetREVStartSize({c: 'rev_slider_13_1',rl:[1240,1024,778,480],el:[1280],gw:[1920],gh:[1280],type:'standard',justify:'',layout:'fullscreen',offsetContainer:'',offset:'',mh:\"0\"});if (window.RS_MODULES!==undefined && window.RS_MODULES.modules!==undefined && window.RS_MODULES.modules[\"revslider131\"]!==undefined) {window.RS_MODULES.modules[\"revslider131\"].once = false;window.revapi13 = undefined;if (window.RS_MODULES.checkMinimal!==undefined) window.RS_MODULES.checkMinimal()}\n\t\t\t\t<\/script>\n\t\t\t<\/rs-module-wrap>\n\t\t\t<!-- END REVOLUTION SLIDER -->\n[vc_empty_space height=&#8221;100px&#8221;][\/vc_column][\/vc_row][vc_row][vc_column][vc_column_text]<\/p>\n<h2><strong>FASTIGHETSUTHYRNING<\/strong><\/h2>\n<p>[\/vc_column_text][\/vc_column][\/vc_row][vc_row][vc_column width=&#8221;6\/12&#8243;][vc_column_text]<\/p>\n<p style=\"text-align: justify;\">Varje familj har inte r\u00e5d att k\u00f6pa en l\u00e4genhet eller ett hus. Det \u00e4r dock ingen anledning att klara sig utan ett nytt, lyxigt, solid och fridfullt hem i harmoni med staden eller naturen. Bland v\u00e5ra slutf\u00f6rda projekt finns ocks\u00e5 hyresobjekt. V\u00e5r portf\u00f6lj inneh\u00e5ller fastigheter och l\u00e4genheter f\u00f6r varje budget och i alla storlekar. Om vi \u200b\u200binte omedelbart har r\u00e4tt egendom f\u00f6r dig, hj\u00e4lper vi dig att hitta den! V\u00e5r f\u00f6rsta och viktigaste princip f\u00f6r fastighetsuthyrning \u00e4r en r\u00e4ttvis hyra. Av denna anledning garanterar vi: ingen avkastning, ingen r\u00e4ntor och hyrespriser p\u00e5 realistiska villkor.[\/vc_column_text][\/vc_column][vc_column width=&#8221;1\/12&#8243;][\/vc_column][vc_column width=&#8221;5\/12&#8243;][vc_single_image image=&#8221;582&#8243; img_size=&#8221;full&#8221; alignment=&#8221;center&#8221; onclick=&#8221;link_image&#8221;][\/vc_column][\/vc_row][vc_row][vc_column][vc_empty_space height=&#8221;100px&#8221;][\/vc_column][\/vc_row][vc_row][vc_column][vc_column_text]<\/p>\n<h2><strong>RENOVERING, UPPRUSTNING OCH OMBYGGNAD<\/strong><\/h2>\n<p>[\/vc_column_text][\/vc_column][\/vc_row][vc_row][vc_column width=&#8221;6\/12&#8243;][vc_column_text]<\/p>\n<p style=\"text-align: justify;\">Hemmet \u00e4r fullt av minnen. Detta \u00e4r dock inte ett hinder f\u00f6r modernisering. Efter en expertbed\u00f6mning kommer v\u00e5ra specialiserade hantverkare att renovera ditt hem enligt b\u00e4sta m\u00f6jliga tekniska och designm\u00f6jligheter f\u00f6r att ditt hus ska k\u00e4nnas som ett hem, s\u00e5 nya minnen kan skapas.<\/p>\n<p style=\"text-align: justify;\">Fr\u00e5n enkla renoveringar till nydesignade interi\u00f6rer, vi t\u00e4cker alla typer av f\u00f6r\u00e4ndringar, reparationer och renoveringar. Detta inkluderar \u00e4ven fasadarbete och v\u00e4rmeisolerings\u00e5tg\u00e4rder. Beroende p\u00e5 fastighetens skick, kan vi g\u00e4rna ge dig r\u00e5d om vilka \u00e5tg\u00e4rder som g\u00e4ller f\u00f6r f\u00f6rnybar energi och v\u00e4rmeisolering. Effektivitet och estetik g\u00e5r inte l\u00e4ngre separat. Det som \u00e4r vackert f\u00f6r dina \u00f6gon kan ocks\u00e5 vara bra f\u00f6r din pl\u00e5nbok.<\/p>\n<p style=\"text-align: justify;\">F\u00f6r att s\u00e4kerst\u00e4lla att varje renovering uppn\u00e5r maximal kvalitet anv\u00e4nder vi endast EU-certifierade material och garanterar h\u00f6gsta standard f\u00f6r arbetss\u00e4kerhet.[\/vc_column_text][\/vc_column][vc_column width=&#8221;1\/12&#8243;][\/vc_column][vc_column width=&#8221;5\/12&#8243;][vc_single_image image=&#8221;584&#8243; img_size=&#8221;full&#8221; alignment=&#8221;center&#8221; onclick=&#8221;link_image&#8221;][vc_single_image image=&#8221;583&#8243; img_size=&#8221;full&#8221; alignment=&#8221;center&#8221; onclick=&#8221;link_image&#8221;][\/vc_column][\/vc_row][vc_row][vc_column][vc_empty_space height=&#8221;100px&#8221;][\/vc_column][\/vc_row][vc_row][vc_column width=&#8221;1\/6&#8243;][\/vc_column][vc_column width=&#8221;2\/3&#8243;]\n<div class=\"wpcf7 no-js\" id=\"wpcf7-f829-o1\" lang=\"de-DE\" dir=\"ltr\" data-wpcf7-id=\"829\">\n<div class=\"screen-reader-response\"><p role=\"status\" aria-live=\"polite\" aria-atomic=\"true\"><\/p> <ul><\/ul><\/div>\n<form action=\"\/sv\/wp-json\/wp\/v2\/pages\/403#wpcf7-f829-o1\" method=\"post\" class=\"wpcf7-form init\" aria-label=\"Contact form\" novalidate=\"novalidate\" data-status=\"init\">\n<fieldset class=\"hidden-fields-container\"><input type=\"hidden\" name=\"_wpcf7\" value=\"829\" \/><input type=\"hidden\" name=\"_wpcf7_version\" value=\"6.1.2\" \/><input type=\"hidden\" name=\"_wpcf7_locale\" value=\"de_DE\" \/><input type=\"hidden\" name=\"_wpcf7_unit_tag\" value=\"wpcf7-f829-o1\" \/><input type=\"hidden\" name=\"_wpcf7_container_post\" value=\"0\" \/><input type=\"hidden\" name=\"_wpcf7_posted_data_hash\" value=\"\" \/>\n<\/fieldset>\n<p><label><span class=\"wpcf7-form-control-wrap\" data-name=\"your-name\"><input size=\"40\" maxlength=\"400\" class=\"wpcf7-form-control wpcf7-text wpcf7-validates-as-required\" aria-required=\"true\" aria-invalid=\"false\" placeholder=\"Ditt namn (Obligatoriskt f\u00e4lt)\" value=\"\" type=\"text\" name=\"your-name\" \/><\/span><\/label>\n<\/p>\n<p><label><span class=\"wpcf7-form-control-wrap\" data-name=\"telefon-mobil\"><input size=\"40\" maxlength=\"400\" class=\"wpcf7-form-control wpcf7-tel wpcf7-text wpcf7-validates-as-tel\" aria-invalid=\"false\" placeholder=\"Telefonnummer\" value=\"\" type=\"tel\" name=\"telefon-mobil\" \/><\/span><\/label>\n<\/p>\n<p><label><span class=\"wpcf7-form-control-wrap\" data-name=\"your-email\"><input size=\"40\" maxlength=\"400\" class=\"wpcf7-form-control wpcf7-email wpcf7-validates-as-required wpcf7-text wpcf7-validates-as-email\" aria-required=\"true\" aria-invalid=\"false\" placeholder=\"Din e-postadress (obligatoriskt f\u00e4lt)\" value=\"\" type=\"email\" name=\"your-email\" \/><\/span><\/label>\n<\/p>\n<p><label><span class=\"wpcf7-form-control-wrap\" data-name=\"your-subject\"><input size=\"40\" maxlength=\"400\" class=\"wpcf7-form-control wpcf7-text\" aria-invalid=\"false\" placeholder=\"\u00c4mne\" value=\"\" type=\"text\" name=\"your-subject\" \/><\/span><\/label>\n<\/p>\n<p><label><span class=\"wpcf7-form-control-wrap\" data-name=\"your-message\"><textarea cols=\"40\" rows=\"10\" maxlength=\"2000\" class=\"wpcf7-form-control wpcf7-textarea\" aria-invalid=\"false\" placeholder=\"Meddelande\" name=\"your-message\"><\/textarea><\/span> <\/label>\n<\/p>\n<p><span class=\"wpcf7-form-control-wrap\" data-name=\"Datenschutz\"><span class=\"wpcf7-form-control wpcf7-acceptance\"><span class=\"wpcf7-list-item\"><label><input type=\"checkbox\" name=\"Datenschutz\" value=\"1\" aria-invalid=\"false\" \/><span class=\"wpcf7-list-item-label\">Jag har l\u00e4st och accepterat sekretesspolicyn.<\/span><\/label><\/span><\/span><\/span>\n<\/p>\n<p><input class=\"wpcf7-form-control wpcf7-submit has-spinner\" type=\"submit\" value=\"Skicka\" \/>\n<\/p><p style=\"display: none !important;\" class=\"akismet-fields-container\" data-prefix=\"_wpcf7_ak_\"><label>&#916;<textarea name=\"_wpcf7_ak_hp_textarea\" cols=\"45\" rows=\"8\" maxlength=\"100\"><\/textarea><\/label><input type=\"hidden\" id=\"ak_js_1\" name=\"_wpcf7_ak_js\" value=\"122\"\/><script>document.getElementById( \"ak_js_1\" ).setAttribute( \"value\", ( new Date() ).getTime() );<\/script><\/p><div class=\"wpcf7-response-output\" aria-hidden=\"true\"><\/div>\n<\/form>\n<\/div>\n[\/vc_column][vc_column width=&#8221;1\/6&#8243;][\/vc_column][\/vc_row]<\/p>\n","protected":false},"excerpt":{"rendered":"<p>[vc_row][vc_column][vc_column_text] V\u00c5RA F\u00d6RDELAR [\/vc_column_text][vc_column_text] L\u00c4GENHET- OCH HUSBYGGE [\/vc_column_text][\/vc_column][\/vc_row][vc_row][vc_column width=&#8221;6\/12&#8243;][vc_column_text] Vi erbjuder olika tj\u00e4nster inom platt- och husbyggande. Vi \u00e4r vid din sida fr\u00e5n b\u00f6rjan till slutprocessen av v\u00e5rt projekt. Fr\u00e5n enfamiljshus i olika dimensioner till flerbostadshus med individuella planritningar har vi en bred diversifierad portf\u00f6lj. Vi har attraktiva erbjudanden f\u00f6r fastighets\u00e4gare: Vi bygger p\u00e5 deras&hellip;<\/p>\n","protected":false},"author":1,"featured_media":0,"parent":0,"menu_order":0,"comment_status":"closed","ping_status":"closed","template":"","meta":{"_joinchat":[],"footnotes":""},"class_list":["post-403","page","type-page","status-publish","hentry","description-off"],"translation":{"provider":"WPGlobus","version":"3.0.0","language":"sv","enabled_languages":["en","de","tr","sv","ru","ar","gr","no","fr","es"],"languages":{"en":{"title":true,"content":true,"excerpt":false},"de":{"title":true,"content":true,"excerpt":false},"tr":{"title":true,"content":true,"excerpt":false},"sv":{"title":true,"content":true,"excerpt":false},"ru":{"title":true,"content":true,"excerpt":false},"ar":{"title":true,"content":true,"excerpt":false},"gr":{"title":true,"content":true,"excerpt":false},"no":{"title":true,"content":true,"excerpt":false},"fr":{"title":false,"content":false,"excerpt":false},"es":{"title":false,"content":false,"excerpt":false}}},"yoast_head":"<!-- This site is optimized with the Yoast SEO plugin v26.0 - https:\/\/yoast.com\/wordpress\/plugins\/seo\/ -->\n<title>Tj\u00e4nsterna fr\u00e5n fastighetsbolaget Vastus LTD<\/title>\n<meta name=\"description\" content=\"Vastus LTD. erbjuder dig olika tj\u00e4nster f\u00f6r ditt nya hem. Bland annat l\u00e4genhets- och husbyggande, renoveringar och mycket mer.\" \/>\n<meta name=\"robots\" content=\"index, follow, max-snippet:-1, max-image-preview:large, max-video-preview:-1\" \/>\n<link rel=\"canonical\" href=\"https:\/\/laroni-real-estate.com\/de\/leistungen\/\" \/>\n<meta property=\"og:locale\" content=\"sv_SE\" \/>\n<meta property=\"og:type\" content=\"article\" \/>\n<meta property=\"og:title\" content=\"Tj\u00e4nsterna fr\u00e5n fastighetsbolaget Vastus LTD\" \/>\n<meta property=\"og:description\" content=\"Vastus LTD. erbjuder dig olika tj\u00e4nster f\u00f6r ditt nya hem. Bland annat l\u00e4genhets- och husbyggande, renoveringar och mycket mer.\" \/>\n<meta property=\"og:url\" content=\"https:\/\/laroni-real-estate.com\/de\/leistungen\/\" \/>\n<meta property=\"og:site_name\" content=\"Vastus Ltd.\" \/>\n<meta property=\"article:modified_time\" content=\"2021-03-08T10:31:05+00:00\" \/>\n<meta name=\"twitter:card\" content=\"summary_large_image\" \/>\n<meta name=\"twitter:label1\" content=\"Est. reading time\" \/>\n\t<meta name=\"twitter:data1\" content=\"3 minutes\" \/>\n<script type=\"application\/ld+json\" class=\"yoast-schema-graph\">{\"@context\":\"https:\/\/schema.org\",\"@graph\":[{\"@type\":\"WebPage\",\"@id\":\"https:\/\/laroni-real-estate.com\/de\/leistungen\/\",\"url\":\"https:\/\/laroni-real-estate.com\/de\/leistungen\/\",\"name\":\"Die Leistungen des Immobilienunternehmens Vastus LTD\",\"isPartOf\":{\"@id\":\"https:\/\/laroni-real-estate.com\/#website\"},\"datePublished\":\"2018-10-22T14:59:38+00:00\",\"dateModified\":\"2021-03-08T10:31:05+00:00\",\"description\":\"Vastus LTD. erbjuder dig olika tj\u00e4nster f\u00f6r ditt nya hem. Bland annat l\u00e4genhets- och husbyggande, renoveringar och mycket mer.\",\"breadcrumb\":{\"@id\":\"https:\/\/laroni-real-estate.com\/de\/leistungen\/#breadcrumb\"},\"inLanguage\":\"sv-SE\",\"potentialAction\":[{\"@type\":\"ReadAction\",\"target\":[\"https:\/\/laroni-real-estate.com\/de\/leistungen\/\"]}]},{\"@type\":\"BreadcrumbList\",\"@id\":\"https:\/\/laroni-real-estate.com\/de\/leistungen\/#breadcrumb\",\"itemListElement\":[{\"@type\":\"ListItem\",\"position\":1,\"name\":\"Startseite\",\"item\":\"https:\/\/laroni-real-estate.com\/no\/\"},{\"@type\":\"ListItem\",\"position\":2,\"name\":\"Leistungen\"}]},{\"@type\":\"WebSite\",\"@id\":\"https:\/\/laroni-real-estate.com\/#website\",\"url\":\"https:\/\/laroni-real-estate.com\/\",\"name\":\"Vastus Ltd.\",\"description\":\"\",\"potentialAction\":[{\"@type\":\"SearchAction\",\"target\":{\"@type\":\"EntryPoint\",\"urlTemplate\":\"https:\/\/laroni-real-estate.com\/?s={search_term_string}\"},\"query-input\":{\"@type\":\"PropertyValueSpecification\",\"valueRequired\":true,\"valueName\":\"search_term_string\"}}],\"inLanguage\":\"sv-SE\"}]}<\/script>\n<!-- \/ Yoast SEO plugin. -->","yoast_head_json":{"title":"Tj\u00e4nsterna fr\u00e5n fastighetsbolaget Vastus LTD","description":"Vastus LTD. erbjuder dig olika tj\u00e4nster f\u00f6r ditt nya hem. Bland annat l\u00e4genhets- och husbyggande, renoveringar och mycket mer.","robots":{"index":"index","follow":"follow","max-snippet":"max-snippet:-1","max-image-preview":"max-image-preview:large","max-video-preview":"max-video-preview:-1"},"canonical":"https:\/\/laroni-real-estate.com\/de\/leistungen\/","og_locale":"sv_SE","og_type":"article","og_title":"Tj\u00e4nsterna fr\u00e5n fastighetsbolaget Vastus LTD","og_description":"Vastus LTD. erbjuder dig olika tj\u00e4nster f\u00f6r ditt nya hem. Bland annat l\u00e4genhets- och husbyggande, renoveringar och mycket mer.","og_url":"https:\/\/laroni-real-estate.com\/de\/leistungen\/","og_site_name":"Vastus Ltd.","article_modified_time":"2021-03-08T10:31:05+00:00","twitter_card":"summary_large_image","twitter_misc":{"Est. reading time":"3 minutes"},"schema":{"@context":"https:\/\/schema.org","@graph":[{"@type":"WebPage","@id":"https:\/\/laroni-real-estate.com\/de\/leistungen\/","url":"https:\/\/laroni-real-estate.com\/de\/leistungen\/","name":"Die Leistungen des Immobilienunternehmens Vastus LTD","isPartOf":{"@id":"https:\/\/laroni-real-estate.com\/#website"},"datePublished":"2018-10-22T14:59:38+00:00","dateModified":"2021-03-08T10:31:05+00:00","description":"Vastus LTD. erbjuder dig olika tj\u00e4nster f\u00f6r ditt nya hem. Bland annat l\u00e4genhets- och husbyggande, renoveringar och mycket mer.","breadcrumb":{"@id":"https:\/\/laroni-real-estate.com\/de\/leistungen\/#breadcrumb"},"inLanguage":"sv-SE","potentialAction":[{"@type":"ReadAction","target":["https:\/\/laroni-real-estate.com\/de\/leistungen\/"]}]},{"@type":"BreadcrumbList","@id":"https:\/\/laroni-real-estate.com\/de\/leistungen\/#breadcrumb","itemListElement":[{"@type":"ListItem","position":1,"name":"Startseite","item":"https:\/\/laroni-real-estate.com\/no\/"},{"@type":"ListItem","position":2,"name":"Leistungen"}]},{"@type":"WebSite","@id":"https:\/\/laroni-real-estate.com\/#website","url":"https:\/\/laroni-real-estate.com\/","name":"Vastus Ltd.","description":"","potentialAction":[{"@type":"SearchAction","target":{"@type":"EntryPoint","urlTemplate":"https:\/\/laroni-real-estate.com\/?s={search_term_string}"},"query-input":{"@type":"PropertyValueSpecification","valueRequired":true,"valueName":"search_term_string"}}],"inLanguage":"sv-SE"}]}},"_links":{"self":[{"href":"https:\/\/laroni-real-estate.com\/sv\/wp-json\/wp\/v2\/pages\/403","targetHints":{"allow":["GET"]}}],"collection":[{"href":"https:\/\/laroni-real-estate.com\/sv\/wp-json\/wp\/v2\/pages"}],"about":[{"href":"https:\/\/laroni-real-estate.com\/sv\/wp-json\/wp\/v2\/types\/page"}],"author":[{"embeddable":true,"href":"https:\/\/laroni-real-estate.com\/sv\/wp-json\/wp\/v2\/users\/1"}],"replies":[{"embeddable":true,"href":"https:\/\/laroni-real-estate.com\/sv\/wp-json\/wp\/v2\/comments?post=403"}],"version-history":[{"count":94,"href":"https:\/\/laroni-real-estate.com\/sv\/wp-json\/wp\/v2\/pages\/403\/revisions"}],"predecessor-version":[{"id":1490,"href":"https:\/\/laroni-real-estate.com\/sv\/wp-json\/wp\/v2\/pages\/403\/revisions\/1490"}],"wp:attachment":[{"href":"https:\/\/laroni-real-estate.com\/sv\/wp-json\/wp\/v2\/media?parent=403"}],"curies":[{"name":"wp","href":"https:\/\/api.w.org\/{rel}","templated":true}]}}