{"id":1118,"date":"2021-02-17T11:49:00","date_gmt":"2021-02-17T10:49:00","guid":{"rendered":"https:\/\/www.vastus.ltd\/?page_id=1118"},"modified":"2021-03-10T13:04:31","modified_gmt":"2021-03-10T12:04:31","slug":"esentepe","status":"publish","type":"page","link":"https:\/\/laroni-real-estate.com\/sv\/esentepe\/","title":{"rendered":"Esentepe"},"content":{"rendered":"<p>[vc_row][vc_column][vc_column_text]<\/p>\n<h1>Esentepe<\/h1>\n<p>[\/vc_column_text][\/vc_column][\/vc_row][vc_row][vc_column width=&#8221;5\/12&#8243;][vc_column_text]Esentepe betyder &#8220;the Windy Hill&#8221;. Denna lilla byn ligger p\u00e5 norra Cyperns norra kust, \u00f6ster om Kyrenia och g\u00e5r tillbaka till den bysantinska perioden. Om du vill l\u00e4ra k\u00e4nna \u00f6n och dess s\u00e4regna natur och fly fr\u00e5n stadslivet, \u00e4r Esentepe ett enast\u00e5ende tillf\u00e4lle. Byn har en charm som inte kan beskrivas med ord utan m\u00e5ste upplevas.[\/vc_column_text][\/vc_column][vc_column width=&#8221;1\/12&#8243;][\/vc_column][vc_column width=&#8221;6\/12&#8243;][vc_single_image image=&#8221;588&#8243; img_size=&#8221;full&#8221; alignment=&#8221;center&#8221; onclick=&#8221;link_image&#8221;][\/vc_column][\/vc_row][vc_row][vc_column][vc_column_text]Tiden verkar g\u00e5 lite l\u00e5ngsammare p\u00e5 denna vackra plats n\u00e4r man \u00e4r omgiven av stillhet och ro. I denna lugna atmosf\u00e4r, kan du koppla av och k\u00e4nna stressen lyfta fr\u00e5n dina axlar. N\u00e4r man njuter av en kopp kaffe i centrum av Esentepe eller tar ett glas vin p\u00e5 kv\u00e4llen, gl\u00f6mmer man snabbt den v\u00e4rldsliga rutinen av vardagslivet.[\/vc_column_text][\/vc_column][\/vc_row][vc_row][vc_column][vc_column_text]Inv\u00e5narna i Esentepe \u00e4r fr\u00e4mst turkiska medborgare, som emigrerade fr\u00e5n Svarta havets omr\u00e5de till norra Cypern f\u00f6re 1974. Byn har utvecklats under de senaste \u00e5ren och har blivit k\u00e4nd hos b\u00e5de turister och lokalbefolkningen som en hemlig p\u00e4rla i omr\u00e5det. Esentepe har v\u00e4lkomnat m\u00e5nga nya ansikten, som kom p\u00e5 semester men blev k\u00e4ra i orten och stannade kvar.[\/vc_column_text][vc_column_text]\u00c4ven om Esentepe har blivit popul\u00e4r, f\u00f6rs\u00e4mrar detta inte den genuina milj\u00f6n utan tv\u00e4rtom, f\u00f6rst\u00e4rks dess rustika charm.[\/vc_column_text][\/vc_column][\/vc_row][vc_row][vc_column][vc_empty_space height=&#8221;100px&#8221;][\/vc_column][\/vc_row][vc_row][vc_column width=&#8221;1\/6&#8243;][\/vc_column][vc_column width=&#8221;2\/3&#8243;]\n<div class=\"wpcf7 no-js\" id=\"wpcf7-f829-o1\" lang=\"de-DE\" dir=\"ltr\" data-wpcf7-id=\"829\">\n<div class=\"screen-reader-response\"><p role=\"status\" aria-live=\"polite\" aria-atomic=\"true\"><\/p> <ul><\/ul><\/div>\n<form action=\"\/sv\/wp-json\/wp\/v2\/pages\/1118#wpcf7-f829-o1\" method=\"post\" class=\"wpcf7-form init\" aria-label=\"Contact form\" novalidate=\"novalidate\" data-status=\"init\">\n<fieldset class=\"hidden-fields-container\"><input type=\"hidden\" name=\"_wpcf7\" value=\"829\" \/><input type=\"hidden\" name=\"_wpcf7_version\" value=\"6.1.2\" \/><input type=\"hidden\" name=\"_wpcf7_locale\" value=\"de_DE\" \/><input type=\"hidden\" name=\"_wpcf7_unit_tag\" value=\"wpcf7-f829-o1\" \/><input type=\"hidden\" name=\"_wpcf7_container_post\" value=\"0\" \/><input type=\"hidden\" name=\"_wpcf7_posted_data_hash\" value=\"\" \/>\n<\/fieldset>\n<p><label><span class=\"wpcf7-form-control-wrap\" data-name=\"your-name\"><input size=\"40\" maxlength=\"400\" class=\"wpcf7-form-control wpcf7-text wpcf7-validates-as-required\" aria-required=\"true\" aria-invalid=\"false\" placeholder=\"Ditt namn (Obligatoriskt f\u00e4lt)\" value=\"\" type=\"text\" name=\"your-name\" \/><\/span><\/label>\n<\/p>\n<p><label><span class=\"wpcf7-form-control-wrap\" data-name=\"telefon-mobil\"><input size=\"40\" maxlength=\"400\" class=\"wpcf7-form-control wpcf7-tel wpcf7-text wpcf7-validates-as-tel\" aria-invalid=\"false\" placeholder=\"Telefonnummer\" value=\"\" type=\"tel\" name=\"telefon-mobil\" \/><\/span><\/label>\n<\/p>\n<p><label><span class=\"wpcf7-form-control-wrap\" data-name=\"your-email\"><input size=\"40\" maxlength=\"400\" class=\"wpcf7-form-control wpcf7-email wpcf7-validates-as-required wpcf7-text wpcf7-validates-as-email\" aria-required=\"true\" aria-invalid=\"false\" placeholder=\"Din e-postadress (obligatoriskt f\u00e4lt)\" value=\"\" type=\"email\" name=\"your-email\" \/><\/span><\/label>\n<\/p>\n<p><label><span class=\"wpcf7-form-control-wrap\" data-name=\"your-subject\"><input size=\"40\" maxlength=\"400\" class=\"wpcf7-form-control wpcf7-text\" aria-invalid=\"false\" placeholder=\"\u00c4mne\" value=\"\" type=\"text\" name=\"your-subject\" \/><\/span><\/label>\n<\/p>\n<p><label><span class=\"wpcf7-form-control-wrap\" data-name=\"your-message\"><textarea cols=\"40\" rows=\"10\" maxlength=\"2000\" class=\"wpcf7-form-control wpcf7-textarea\" aria-invalid=\"false\" placeholder=\"Meddelande\" name=\"your-message\"><\/textarea><\/span> <\/label>\n<\/p>\n<p><span class=\"wpcf7-form-control-wrap\" data-name=\"Datenschutz\"><span class=\"wpcf7-form-control wpcf7-acceptance\"><span class=\"wpcf7-list-item\"><label><input type=\"checkbox\" name=\"Datenschutz\" value=\"1\" aria-invalid=\"false\" \/><span class=\"wpcf7-list-item-label\">Jag har l\u00e4st och accepterat sekretesspolicyn.<\/span><\/label><\/span><\/span><\/span>\n<\/p>\n<p><input class=\"wpcf7-form-control wpcf7-submit has-spinner\" type=\"submit\" value=\"Skicka\" \/>\n<\/p><p style=\"display: none !important;\" class=\"akismet-fields-container\" data-prefix=\"_wpcf7_ak_\"><label>&#916;<textarea name=\"_wpcf7_ak_hp_textarea\" cols=\"45\" rows=\"8\" maxlength=\"100\"><\/textarea><\/label><input type=\"hidden\" id=\"ak_js_1\" name=\"_wpcf7_ak_js\" value=\"26\"\/><script>document.getElementById( \"ak_js_1\" ).setAttribute( \"value\", ( new Date() ).getTime() );<\/script><\/p><div class=\"wpcf7-response-output\" aria-hidden=\"true\"><\/div>\n<\/form>\n<\/div>\n[\/vc_column][vc_column width=&#8221;1\/6&#8243;][\/vc_column][\/vc_row]<\/p>\n","protected":false},"excerpt":{"rendered":"<p>[vc_row][vc_column][vc_column_text] Esentepe [\/vc_column_text][\/vc_column][\/vc_row][vc_row][vc_column width=&#8221;5\/12&#8243;][vc_column_text]Esentepe betyder &#8220;the Windy Hill&#8221;. Denna lilla byn ligger p\u00e5 norra Cyperns norra kust, \u00f6ster om Kyrenia och g\u00e5r tillbaka till den bysantinska perioden. Om du vill l\u00e4ra k\u00e4nna \u00f6n och dess s\u00e4regna natur och fly fr\u00e5n stadslivet, \u00e4r Esentepe ett enast\u00e5ende tillf\u00e4lle. Byn har en charm som inte kan beskrivas med&hellip;<\/p>\n","protected":false},"author":1,"featured_media":0,"parent":0,"menu_order":0,"comment_status":"closed","ping_status":"closed","template":"","meta":{"_joinchat":[],"footnotes":""},"class_list":["post-1118","page","type-page","status-publish","hentry","description-off"],"translation":{"provider":"WPGlobus","version":"3.0.0","language":"sv","enabled_languages":["en","de","tr","sv","ru","ar","gr","no","fr","es"],"languages":{"en":{"title":true,"content":true,"excerpt":false},"de":{"title":true,"content":true,"excerpt":false},"tr":{"title":true,"content":true,"excerpt":false},"sv":{"title":true,"content":true,"excerpt":false},"ru":{"title":true,"content":true,"excerpt":false},"ar":{"title":true,"content":true,"excerpt":false},"gr":{"title":true,"content":true,"excerpt":false},"no":{"title":true,"content":true,"excerpt":false},"fr":{"title":false,"content":false,"excerpt":false},"es":{"title":false,"content":false,"excerpt":false}}},"yoast_head":"<!-- This site is optimized with the Yoast SEO plugin v26.0 - https:\/\/yoast.com\/wordpress\/plugins\/seo\/ -->\n<title>Staden Kyrenia ligger i norra delen av \u00f6n Cypern.<\/title>\n<meta name=\"description\" content=\"Kyrenia ligger i norra Cypern och lockar turister fr\u00e4mst p\u00e5 grund av de vita str\u00e4nderna men ocks\u00e5 p\u00e5 grund av attraktionerna.\" \/>\n<meta name=\"robots\" content=\"index, follow, max-snippet:-1, max-image-preview:large, max-video-preview:-1\" \/>\n<link rel=\"canonical\" href=\"https:\/\/laroni-real-estate.com\/esentepe\/\" \/>\n<meta property=\"og:locale\" content=\"sv_SE\" \/>\n<meta property=\"og:type\" content=\"article\" \/>\n<meta property=\"og:title\" content=\"Staden Kyrenia ligger i norra delen av \u00f6n Cypern.\" \/>\n<meta property=\"og:description\" content=\"Kyrenia ligger i norra Cypern och lockar turister fr\u00e4mst p\u00e5 grund av de vita str\u00e4nderna men ocks\u00e5 p\u00e5 grund av attraktionerna.\" \/>\n<meta property=\"og:url\" content=\"https:\/\/laroni-real-estate.com\/esentepe\/\" \/>\n<meta property=\"og:site_name\" content=\"Vastus Ltd.\" \/>\n<meta property=\"article:modified_time\" content=\"2021-03-10T12:04:31+00:00\" \/>\n<meta name=\"twitter:card\" content=\"summary_large_image\" \/>\n<meta name=\"twitter:label1\" content=\"Est. reading time\" \/>\n\t<meta name=\"twitter:data1\" content=\"1 minute\" \/>\n<script type=\"application\/ld+json\" class=\"yoast-schema-graph\">{\"@context\":\"https:\/\/schema.org\",\"@graph\":[{\"@type\":\"WebPage\",\"@id\":\"https:\/\/laroni-real-estate.com\/esentepe\/\",\"url\":\"https:\/\/laroni-real-estate.com\/esentepe\/\",\"name\":\"Esentepe - the windy hill - is located at the north coast of northern cyprus\",\"isPartOf\":{\"@id\":\"https:\/\/laroni-real-estate.com\/#website\"},\"datePublished\":\"2021-02-17T10:49:00+00:00\",\"dateModified\":\"2021-03-10T12:04:31+00:00\",\"description\":\"Kyrenia ligger i norra Cypern och lockar turister fr\u00e4mst p\u00e5 grund av de vita str\u00e4nderna men ocks\u00e5 p\u00e5 grund av attraktionerna.\",\"breadcrumb\":{\"@id\":\"https:\/\/laroni-real-estate.com\/esentepe\/#breadcrumb\"},\"inLanguage\":\"sv-SE\",\"potentialAction\":[{\"@type\":\"ReadAction\",\"target\":[\"https:\/\/laroni-real-estate.com\/esentepe\/\"]}]},{\"@type\":\"BreadcrumbList\",\"@id\":\"https:\/\/laroni-real-estate.com\/esentepe\/#breadcrumb\",\"itemListElement\":[{\"@type\":\"ListItem\",\"position\":1,\"name\":\"Startseite\",\"item\":\"https:\/\/laroni-real-estate.com\/no\/\"},{\"@type\":\"ListItem\",\"position\":2,\"name\":\"Esentepe\"}]},{\"@type\":\"WebSite\",\"@id\":\"https:\/\/laroni-real-estate.com\/#website\",\"url\":\"https:\/\/laroni-real-estate.com\/\",\"name\":\"Vastus Ltd.\",\"description\":\"\",\"potentialAction\":[{\"@type\":\"SearchAction\",\"target\":{\"@type\":\"EntryPoint\",\"urlTemplate\":\"https:\/\/laroni-real-estate.com\/?s={search_term_string}\"},\"query-input\":{\"@type\":\"PropertyValueSpecification\",\"valueRequired\":true,\"valueName\":\"search_term_string\"}}],\"inLanguage\":\"sv-SE\"}]}<\/script>\n<!-- \/ Yoast SEO plugin. -->","yoast_head_json":{"title":"Staden Kyrenia ligger i norra delen av \u00f6n Cypern.","description":"Kyrenia ligger i norra Cypern och lockar turister fr\u00e4mst p\u00e5 grund av de vita str\u00e4nderna men ocks\u00e5 p\u00e5 grund av attraktionerna.","robots":{"index":"index","follow":"follow","max-snippet":"max-snippet:-1","max-image-preview":"max-image-preview:large","max-video-preview":"max-video-preview:-1"},"canonical":"https:\/\/laroni-real-estate.com\/esentepe\/","og_locale":"sv_SE","og_type":"article","og_title":"Staden Kyrenia ligger i norra delen av \u00f6n Cypern.","og_description":"Kyrenia ligger i norra Cypern och lockar turister fr\u00e4mst p\u00e5 grund av de vita str\u00e4nderna men ocks\u00e5 p\u00e5 grund av attraktionerna.","og_url":"https:\/\/laroni-real-estate.com\/esentepe\/","og_site_name":"Vastus Ltd.","article_modified_time":"2021-03-10T12:04:31+00:00","twitter_card":"summary_large_image","twitter_misc":{"Est. reading time":"1 minute"},"schema":{"@context":"https:\/\/schema.org","@graph":[{"@type":"WebPage","@id":"https:\/\/laroni-real-estate.com\/esentepe\/","url":"https:\/\/laroni-real-estate.com\/esentepe\/","name":"Esentepe - the windy hill - is located at the north coast of northern cyprus","isPartOf":{"@id":"https:\/\/laroni-real-estate.com\/#website"},"datePublished":"2021-02-17T10:49:00+00:00","dateModified":"2021-03-10T12:04:31+00:00","description":"Kyrenia ligger i norra Cypern och lockar turister fr\u00e4mst p\u00e5 grund av de vita str\u00e4nderna men ocks\u00e5 p\u00e5 grund av attraktionerna.","breadcrumb":{"@id":"https:\/\/laroni-real-estate.com\/esentepe\/#breadcrumb"},"inLanguage":"sv-SE","potentialAction":[{"@type":"ReadAction","target":["https:\/\/laroni-real-estate.com\/esentepe\/"]}]},{"@type":"BreadcrumbList","@id":"https:\/\/laroni-real-estate.com\/esentepe\/#breadcrumb","itemListElement":[{"@type":"ListItem","position":1,"name":"Startseite","item":"https:\/\/laroni-real-estate.com\/no\/"},{"@type":"ListItem","position":2,"name":"Esentepe"}]},{"@type":"WebSite","@id":"https:\/\/laroni-real-estate.com\/#website","url":"https:\/\/laroni-real-estate.com\/","name":"Vastus Ltd.","description":"","potentialAction":[{"@type":"SearchAction","target":{"@type":"EntryPoint","urlTemplate":"https:\/\/laroni-real-estate.com\/?s={search_term_string}"},"query-input":{"@type":"PropertyValueSpecification","valueRequired":true,"valueName":"search_term_string"}}],"inLanguage":"sv-SE"}]}},"_links":{"self":[{"href":"https:\/\/laroni-real-estate.com\/sv\/wp-json\/wp\/v2\/pages\/1118","targetHints":{"allow":["GET"]}}],"collection":[{"href":"https:\/\/laroni-real-estate.com\/sv\/wp-json\/wp\/v2\/pages"}],"about":[{"href":"https:\/\/laroni-real-estate.com\/sv\/wp-json\/wp\/v2\/types\/page"}],"author":[{"embeddable":true,"href":"https:\/\/laroni-real-estate.com\/sv\/wp-json\/wp\/v2\/users\/1"}],"replies":[{"embeddable":true,"href":"https:\/\/laroni-real-estate.com\/sv\/wp-json\/wp\/v2\/comments?post=1118"}],"version-history":[{"count":16,"href":"https:\/\/laroni-real-estate.com\/sv\/wp-json\/wp\/v2\/pages\/1118\/revisions"}],"predecessor-version":[{"id":1515,"href":"https:\/\/laroni-real-estate.com\/sv\/wp-json\/wp\/v2\/pages\/1118\/revisions\/1515"}],"wp:attachment":[{"href":"https:\/\/laroni-real-estate.com\/sv\/wp-json\/wp\/v2\/media?parent=1118"}],"curies":[{"name":"wp","href":"https:\/\/api.w.org\/{rel}","templated":true}]}}