{"id":644,"date":"2020-10-04T09:39:03","date_gmt":"2020-10-04T07:39:03","guid":{"rendered":"https:\/\/www.vastus.ltd\/?page_id=644"},"modified":"2021-02-26T09:50:00","modified_gmt":"2021-02-26T08:50:00","slug":"kyrenia","status":"publish","type":"page","link":"https:\/\/laroni-real-estate.com\/no\/kyrenia\/","title":{"rendered":"Kyrenia"},"content":{"rendered":"<p>[vc_row][vc_column][vc_column_text]<\/p>\n<h1>Kyrenia<\/h1>\n<p>[\/vc_column_text][vc_column_text]<\/p>\n<h2>Om Kyrenia<\/h2>\n<p>[\/vc_column_text][\/vc_column][\/vc_row][vc_row][vc_column width=&#8221;6\/12&#8243;][vc_column_text]Kyrenia ligger nord p\u00e5 \u00f8ya Kypros og har omtrent 33 000 innbyggere. Turister kommer hovedsakelig for en strandferie, men tiltrekkes ogs\u00e5 av den historiske gamlebyen og havnen.<\/p>\n<p>Om sommeren er det nesten alltid varmt og t\u00f8rt p\u00e5 grunn av det subtropiske klimaet. Den h\u00f8yeste gjennomsnittstemperaturen er 33 grader i juli. Men det er ogs\u00e5 veldig mildt om vinteren, med en gjennomsnittstemperatur p\u00e5 15 grader i januar.[\/vc_column_text][\/vc_column][vc_column width=&#8221;1\/12&#8243;][\/vc_column][vc_column width=&#8221;5\/12&#8243;][vc_empty_space][vc_single_image image=&#8221;663&#8243; img_size=&#8221;full&#8221; alignment=&#8221;center&#8221; onclick=&#8221;link_image&#8221;][\/vc_column][\/vc_row][vc_row][vc_column width=&#8221;6\/12&#8243;][vc_single_image image=&#8221;662&#8243; img_size=&#8221;full&#8221; alignment=&#8221;center&#8221; onclick=&#8221;link_image&#8221;][\/vc_column][vc_column width=&#8221;1\/12&#8243;][\/vc_column][vc_column width=&#8221;5\/12&#8243;][vc_column_text]Kyrenia er et av f\u00e5 turistomr\u00e5der p\u00e5 nordkysten av Kypros, men blir stadig mer popul\u00e6rt blant turister. Hvite strender lover en uforglemmelig ferie, og havet er et paradis for dykkere. P\u00e5 grunn av turistene har det utviklet seg et livlig natteliv. Bortsett fra mange nattklubber, tiltrekker konserter ogs\u00e5 bes\u00f8kende igjen og igjen.[\/vc_column_text][\/vc_column][\/vc_row][vc_row][vc_column][vc_empty_space height=&#8221;100px&#8221;][vc_column_text]<\/p>\n<h2>KYRENIA SLOTTE<\/h2>\n<p>[\/vc_column_text][\/vc_column][\/vc_row][vc_row][vc_column width=&#8221;6\/12&#8243;][vc_column_text]Mange bes\u00f8kende nyter ogs\u00e5 byens kulturelle landmerker. Disse inkluderer Kyrenia Castle, St. George&#8217;s Chapel og havnen.<\/p>\n<p>Festningen ble allerede bygget p\u00e5 700-tallet og utvidet p\u00e5 900- og 1100-tallet. Venetianerne opprettholdt sin n\u00e5v\u00e6rende prestisje og utvidet den under konflikten med osmannene. Etter at britene brukte murene som et fengsel, har festningen v\u00e6rt en turistattraksjon siden 1960-tallet og huser flere museer. I Shipwreck-museet kan du beundre vraket til et skip som sank rundt 300 f.Kr.[\/vc_column_text][\/vc_column][vc_column width=&#8221;1\/12&#8243;][\/vc_column][vc_column width=&#8221;5\/12&#8243;][vc_empty_space height=&#8221;50px&#8221;][vc_single_image image=&#8221;657&#8243; img_size=&#8221;full&#8221; alignment=&#8221;center&#8221; onclick=&#8221;link_image&#8221;][\/vc_column][\/vc_row][vc_row][vc_column width=&#8221;6\/12&#8243;][vc_empty_space][vc_single_image image=&#8221;658&#8243; img_size=&#8221;full&#8221; alignment=&#8221;center&#8221; onclick=&#8221;link_image&#8221;][\/vc_column][vc_column width=&#8221;1\/12&#8243;][\/vc_column][vc_column width=&#8221;5\/12&#8243;][vc_empty_space height=&#8221;70px&#8221;][vc_column_text]Inne i det svingete komplekset er det det bysantinske kapellet St. George. Den ble bygget p\u00e5 1100-tallet. I b\u00f8nnerommet til kirken er det flere korintiske s\u00f8yler.[\/vc_column_text][\/vc_column][\/vc_row][vc_row][vc_column][vc_empty_space height=&#8221;100px&#8221;]\n\t\t\t<!-- START Leistungen Eyecatcher REVOLUTION SLIDER 6.5.7 --><p class=\"rs-p-wp-fix\"><\/p>\n\t\t\t<rs-module-wrap id=\"rev_slider_13_1_wrapper\" data-source=\"gallery\" style=\"visibility:hidden;background:transparent;padding:0;\">\n\t\t\t\t<rs-module id=\"rev_slider_13_1\" style=\"\" data-version=\"6.5.7\">\n\t\t\t\t\t<rs-slides>\n\t\t\t\t\t\t<rs-slide style=\"position: absolute;\" data-key=\"rs-24\" data-title=\"Slide\" data-anim=\"ms:1000;r:0;\" data-in=\"o:0;\" data-out=\"a:false;\">\n\t\t\t\t\t\t\t<img loading=\"lazy\" decoding=\"async\" src=\"\/\/laroni-real-estate.com\/wp-content\/plugins\/revslider\/public\/assets\/assets\/dummy.png\" title=\"Vastus-Immobilie-Drohnenaufnahme-04-1920&#215;1280\" width=\"1920\" height=\"1079\" class=\"rev-slidebg tp-rs-img rs-lazyload\" data-lazyload=\"\/\/www.vastus.ltd\/wp-content\/uploads\/2020\/08\/Vastus-Immobilie-Drohnenaufnahme-04-1920x1280-1.jpg\" data-parallax=\"15\" data-no-retina>\n<!---->\t\t\t\t\t\t<\/rs-slide>\n\t\t\t\t\t<\/rs-slides>\n\t\t\t\t<\/rs-module>\n\t\t\t\t<script type=\"text\/javascript\">\n\t\t\t\t\tsetREVStartSize({c: 'rev_slider_13_1',rl:[1240,1024,778,480],el:[1280],gw:[1920],gh:[1280],type:'standard',justify:'',layout:'fullscreen',offsetContainer:'',offset:'',mh:\"0\"});if (window.RS_MODULES!==undefined && window.RS_MODULES.modules!==undefined && window.RS_MODULES.modules[\"revslider131\"]!==undefined) {window.RS_MODULES.modules[\"revslider131\"].once = false;window.revapi13 = undefined;if (window.RS_MODULES.checkMinimal!==undefined) window.RS_MODULES.checkMinimal()}\n\t\t\t\t<\/script>\n\t\t\t<\/rs-module-wrap>\n\t\t\t<!-- END REVOLUTION SLIDER -->\n[vc_empty_space height=&#8221;100px&#8221;][\/vc_column][\/vc_row][vc_row][vc_column][vc_column_text]<\/p>\n<h2>HAVNEN<\/h2>\n<p>[\/vc_column_text][\/vc_column][\/vc_row][vc_row][vc_column width=&#8221;6\/12&#8243;][vc_column_text]Havnen i Kyrenia er det ogs\u00e5 verdt \u00e5 se. P\u00e5 kaien er det kafeer, barer, bistroer og restauranter tett i tett &#8211; med noen f\u00e5 butikker i mellom. Fiskerne laster fremdeles fangsten der &#8211; rett ved siden av yachtene som setter seil der.<\/p>\n<p>Den halvcirkelformede havnen er omgitt av to mektige demninger. P\u00e5 den vestlige siden er det et lite og hyggelig fyrhus som er verdt \u00e5 se.[\/vc_column_text][\/vc_column][vc_column width=&#8221;1\/12&#8243;][\/vc_column][vc_column width=&#8221;5\/12&#8243;][vc_single_image image=&#8221;659&#8243; img_size=&#8221;full&#8221; alignment=&#8221;center&#8221; onclick=&#8221;link_image&#8221;][\/vc_column][\/vc_row][vc_row][vc_column][vc_empty_space height=&#8221;100px&#8221;][\/vc_column][\/vc_row][vc_row][vc_column][vc_column_text]<\/p>\n<h2>RUINER AV SALAMIS<\/h2>\n<p>[\/vc_column_text][\/vc_column][\/vc_row][vc_row][vc_column width=&#8221;6\/12&#8243;][vc_column_text]\u00d8st for byen ligger ruinene av Salamis direkte ved sj\u00f8en. De vitner om kraften til den en gang rikeste og st\u00f8rste byen p\u00e5 Kypros. Du kan beundre de imponerende restene av et amfi &#8211; det besto av 50 seterader og hadde plass til 15 000 bes\u00f8kende &#8211; forskjellige basilikaer, et latrinekompleks, s\u00f8yler og mosaikker.[\/vc_column_text][\/vc_column][vc_column width=&#8221;1\/12&#8243;][\/vc_column][vc_column width=&#8221;5\/12&#8243;][vc_single_image image=&#8221;660&#8243; img_size=&#8221;full&#8221; alignment=&#8221;center&#8221; onclick=&#8221;link_image&#8221;][\/vc_column][\/vc_row][vc_row][vc_column][vc_empty_space height=&#8221;100px&#8221;][\/vc_column][\/vc_row][vc_row][vc_column width=&#8221;1\/6&#8243;][\/vc_column][vc_column width=&#8221;2\/3&#8243;]\n<div class=\"wpcf7 no-js\" id=\"wpcf7-f794-o1\" lang=\"de-DE\" dir=\"ltr\" data-wpcf7-id=\"794\">\n<div class=\"screen-reader-response\"><p role=\"status\" aria-live=\"polite\" aria-atomic=\"true\"><\/p> <ul><\/ul><\/div>\n<form action=\"\/no\/wp-json\/wp\/v2\/pages\/644#wpcf7-f794-o1\" method=\"post\" class=\"wpcf7-form init\" aria-label=\"Contact form\" novalidate=\"novalidate\" data-status=\"init\">\n<fieldset class=\"hidden-fields-container\"><input type=\"hidden\" name=\"_wpcf7\" value=\"794\" \/><input type=\"hidden\" name=\"_wpcf7_version\" value=\"6.1.2\" \/><input type=\"hidden\" name=\"_wpcf7_locale\" value=\"de_DE\" \/><input type=\"hidden\" name=\"_wpcf7_unit_tag\" value=\"wpcf7-f794-o1\" \/><input type=\"hidden\" name=\"_wpcf7_container_post\" value=\"0\" \/><input type=\"hidden\" name=\"_wpcf7_posted_data_hash\" value=\"\" \/>\n<\/fieldset>\n<p><label><span class=\"wpcf7-form-control-wrap\" data-name=\"your-name\"><input size=\"40\" maxlength=\"400\" class=\"wpcf7-form-control wpcf7-text wpcf7-validates-as-required\" aria-required=\"true\" aria-invalid=\"false\" placeholder=\"For- og etternavn (obligatorisk felt)\" value=\"\" type=\"text\" name=\"your-name\" \/><\/span><\/label>\n<\/p>\n<p><label><span class=\"wpcf7-form-control-wrap\" data-name=\"telefon-mobil\"><input size=\"40\" maxlength=\"400\" class=\"wpcf7-form-control wpcf7-tel wpcf7-text wpcf7-validates-as-tel\" aria-invalid=\"false\" placeholder=\"Telefon\/mobilnummer\" value=\"\" type=\"tel\" name=\"telefon-mobil\" \/><\/span><\/label>\n<\/p>\n<p><label><span class=\"wpcf7-form-control-wrap\" data-name=\"your-email\"><input size=\"40\" maxlength=\"400\" class=\"wpcf7-form-control wpcf7-email wpcf7-validates-as-required wpcf7-text wpcf7-validates-as-email\" aria-required=\"true\" aria-invalid=\"false\" placeholder=\"E-post (obligatorisk felt)\" value=\"\" type=\"email\" name=\"your-email\" \/><\/span><\/label>\n<\/p>\n<p><label><span class=\"wpcf7-form-control-wrap\" data-name=\"your-subject\"><input size=\"40\" maxlength=\"400\" class=\"wpcf7-form-control wpcf7-text\" aria-invalid=\"false\" placeholder=\"Emne\" value=\"\" type=\"text\" name=\"your-subject\" \/><\/span><\/label>\n<\/p>\n<p><label><span class=\"wpcf7-form-control-wrap\" data-name=\"your-message\"><textarea cols=\"40\" rows=\"10\" maxlength=\"2000\" class=\"wpcf7-form-control wpcf7-textarea\" aria-invalid=\"false\" placeholder=\"beskjed\" name=\"your-message\"><\/textarea><\/span> <\/label>\n<\/p>\n<p><span class=\"wpcf7-form-control-wrap\" data-name=\"Datenschutz\"><span class=\"wpcf7-form-control wpcf7-acceptance\"><span class=\"wpcf7-list-item\"><label><input type=\"checkbox\" name=\"Datenschutz\" value=\"1\" aria-invalid=\"false\" \/><span class=\"wpcf7-list-item-label\">Jeg har lest og godtar databeskyttelsesforskriftene.<\/span><\/label><\/span><\/span><\/span>\n<\/p>\n<p><input class=\"wpcf7-form-control wpcf7-submit has-spinner\" type=\"submit\" value=\"Send\" \/>\n<\/p><p style=\"display: none !important;\" class=\"akismet-fields-container\" data-prefix=\"_wpcf7_ak_\"><label>&#916;<textarea name=\"_wpcf7_ak_hp_textarea\" cols=\"45\" rows=\"8\" maxlength=\"100\"><\/textarea><\/label><input type=\"hidden\" id=\"ak_js_1\" name=\"_wpcf7_ak_js\" value=\"51\"\/><script>document.getElementById( \"ak_js_1\" ).setAttribute( \"value\", ( new Date() ).getTime() );<\/script><\/p><div class=\"wpcf7-response-output\" aria-hidden=\"true\"><\/div>\n<\/form>\n<\/div>\n[\/vc_column][vc_column width=&#8221;1\/6&#8243;][\/vc_column][\/vc_row]<\/p>\n","protected":false},"excerpt":{"rendered":"<p>[vc_row][vc_column][vc_column_text] Kyrenia [\/vc_column_text][vc_column_text] Om Kyrenia [\/vc_column_text][\/vc_column][\/vc_row][vc_row][vc_column width=&#8221;6\/12&#8243;][vc_column_text]Kyrenia ligger nord p\u00e5 \u00f8ya Kypros og har omtrent 33 000 innbyggere. Turister kommer hovedsakelig for en strandferie, men tiltrekkes ogs\u00e5 av den historiske gamlebyen og havnen. Om sommeren er det nesten alltid varmt og t\u00f8rt p\u00e5 grunn av det subtropiske klimaet. Den h\u00f8yeste gjennomsnittstemperaturen er 33 grader i&hellip;<\/p>\n","protected":false},"author":1,"featured_media":0,"parent":0,"menu_order":0,"comment_status":"closed","ping_status":"closed","template":"","meta":{"_joinchat":[],"footnotes":""},"class_list":["post-644","page","type-page","status-publish","hentry","description-off"],"translation":{"provider":"WPGlobus","version":"3.0.0","language":"no","enabled_languages":["en","de","tr","sv","ru","ar","gr","no","fr","es"],"languages":{"en":{"title":true,"content":true,"excerpt":false},"de":{"title":true,"content":true,"excerpt":false},"tr":{"title":true,"content":true,"excerpt":false},"sv":{"title":true,"content":true,"excerpt":false},"ru":{"title":true,"content":true,"excerpt":false},"ar":{"title":true,"content":true,"excerpt":false},"gr":{"title":true,"content":true,"excerpt":false},"no":{"title":true,"content":true,"excerpt":false},"fr":{"title":false,"content":false,"excerpt":false},"es":{"title":false,"content":false,"excerpt":false}}},"yoast_head":"<!-- This site is optimized with the Yoast SEO plugin v26.0 - https:\/\/yoast.com\/wordpress\/plugins\/seo\/ -->\n<title>Byen Kyrenia ligger i den nordlige delen av \u00f8ya Kypros<\/title>\n<meta name=\"description\" content=\"Kyrenia ligger nord p\u00e5 Kypros og tiltrekker seg turister hovedsakelig p\u00e5 grunn av de hvite strendene, men ogs\u00e5 p\u00e5 grunn av attraksjonene.\" \/>\n<meta name=\"robots\" content=\"index, follow, max-snippet:-1, max-image-preview:large, max-video-preview:-1\" \/>\n<link rel=\"canonical\" href=\"https:\/\/laroni-real-estate.com\/kyrenia\/\" \/>\n<meta property=\"og:locale\" content=\"nb_NO\" \/>\n<meta property=\"og:type\" content=\"article\" \/>\n<meta property=\"og:title\" content=\"Byen Kyrenia ligger i den nordlige delen av \u00f8ya Kypros\" \/>\n<meta property=\"og:description\" content=\"Kyrenia ligger nord p\u00e5 Kypros og tiltrekker seg turister hovedsakelig p\u00e5 grunn av de hvite strendene, men ogs\u00e5 p\u00e5 grunn av attraksjonene.\" \/>\n<meta property=\"og:url\" content=\"https:\/\/laroni-real-estate.com\/kyrenia\/\" \/>\n<meta property=\"og:site_name\" content=\"Vastus Ltd.\" \/>\n<meta property=\"article:modified_time\" content=\"2021-02-26T08:50:00+00:00\" \/>\n<meta name=\"twitter:card\" content=\"summary_large_image\" \/>\n<meta name=\"twitter:label1\" content=\"Est. reading time\" \/>\n\t<meta name=\"twitter:data1\" content=\"2 minutes\" \/>\n<script type=\"application\/ld+json\" class=\"yoast-schema-graph\">{\"@context\":\"https:\/\/schema.org\",\"@graph\":[{\"@type\":\"WebPage\",\"@id\":\"https:\/\/laroni-real-estate.com\/kyrenia\/\",\"url\":\"https:\/\/laroni-real-estate.com\/kyrenia\/\",\"name\":\"The city Kyrenia in the northern part of the island of Cyprus.\",\"isPartOf\":{\"@id\":\"https:\/\/laroni-real-estate.com\/#website\"},\"datePublished\":\"2020-10-04T07:39:03+00:00\",\"dateModified\":\"2021-02-26T08:50:00+00:00\",\"description\":\"Kyrenia ligger nord p\u00e5 Kypros og tiltrekker seg turister hovedsakelig p\u00e5 grunn av de hvite strendene, men ogs\u00e5 p\u00e5 grunn av attraksjonene.\",\"breadcrumb\":{\"@id\":\"https:\/\/laroni-real-estate.com\/kyrenia\/#breadcrumb\"},\"inLanguage\":\"nb-NO\",\"potentialAction\":[{\"@type\":\"ReadAction\",\"target\":[\"https:\/\/laroni-real-estate.com\/kyrenia\/\"]}]},{\"@type\":\"BreadcrumbList\",\"@id\":\"https:\/\/laroni-real-estate.com\/kyrenia\/#breadcrumb\",\"itemListElement\":[{\"@type\":\"ListItem\",\"position\":1,\"name\":\"Startseite\",\"item\":\"https:\/\/laroni-real-estate.com\/no\/\"},{\"@type\":\"ListItem\",\"position\":2,\"name\":\"Kyrenia\"}]},{\"@type\":\"WebSite\",\"@id\":\"https:\/\/laroni-real-estate.com\/#website\",\"url\":\"https:\/\/laroni-real-estate.com\/\",\"name\":\"Vastus Ltd.\",\"description\":\"\",\"potentialAction\":[{\"@type\":\"SearchAction\",\"target\":{\"@type\":\"EntryPoint\",\"urlTemplate\":\"https:\/\/laroni-real-estate.com\/?s={search_term_string}\"},\"query-input\":{\"@type\":\"PropertyValueSpecification\",\"valueRequired\":true,\"valueName\":\"search_term_string\"}}],\"inLanguage\":\"nb-NO\"}]}<\/script>\n<!-- \/ Yoast SEO plugin. -->","yoast_head_json":{"title":"Byen Kyrenia ligger i den nordlige delen av \u00f8ya Kypros","description":"Kyrenia ligger nord p\u00e5 Kypros og tiltrekker seg turister hovedsakelig p\u00e5 grunn av de hvite strendene, men ogs\u00e5 p\u00e5 grunn av attraksjonene.","robots":{"index":"index","follow":"follow","max-snippet":"max-snippet:-1","max-image-preview":"max-image-preview:large","max-video-preview":"max-video-preview:-1"},"canonical":"https:\/\/laroni-real-estate.com\/kyrenia\/","og_locale":"nb_NO","og_type":"article","og_title":"Byen Kyrenia ligger i den nordlige delen av \u00f8ya Kypros","og_description":"Kyrenia ligger nord p\u00e5 Kypros og tiltrekker seg turister hovedsakelig p\u00e5 grunn av de hvite strendene, men ogs\u00e5 p\u00e5 grunn av attraksjonene.","og_url":"https:\/\/laroni-real-estate.com\/kyrenia\/","og_site_name":"Vastus Ltd.","article_modified_time":"2021-02-26T08:50:00+00:00","twitter_card":"summary_large_image","twitter_misc":{"Est. reading time":"2 minutes"},"schema":{"@context":"https:\/\/schema.org","@graph":[{"@type":"WebPage","@id":"https:\/\/laroni-real-estate.com\/kyrenia\/","url":"https:\/\/laroni-real-estate.com\/kyrenia\/","name":"The city Kyrenia in the northern part of the island of Cyprus.","isPartOf":{"@id":"https:\/\/laroni-real-estate.com\/#website"},"datePublished":"2020-10-04T07:39:03+00:00","dateModified":"2021-02-26T08:50:00+00:00","description":"Kyrenia ligger nord p\u00e5 Kypros og tiltrekker seg turister hovedsakelig p\u00e5 grunn av de hvite strendene, men ogs\u00e5 p\u00e5 grunn av attraksjonene.","breadcrumb":{"@id":"https:\/\/laroni-real-estate.com\/kyrenia\/#breadcrumb"},"inLanguage":"nb-NO","potentialAction":[{"@type":"ReadAction","target":["https:\/\/laroni-real-estate.com\/kyrenia\/"]}]},{"@type":"BreadcrumbList","@id":"https:\/\/laroni-real-estate.com\/kyrenia\/#breadcrumb","itemListElement":[{"@type":"ListItem","position":1,"name":"Startseite","item":"https:\/\/laroni-real-estate.com\/no\/"},{"@type":"ListItem","position":2,"name":"Kyrenia"}]},{"@type":"WebSite","@id":"https:\/\/laroni-real-estate.com\/#website","url":"https:\/\/laroni-real-estate.com\/","name":"Vastus Ltd.","description":"","potentialAction":[{"@type":"SearchAction","target":{"@type":"EntryPoint","urlTemplate":"https:\/\/laroni-real-estate.com\/?s={search_term_string}"},"query-input":{"@type":"PropertyValueSpecification","valueRequired":true,"valueName":"search_term_string"}}],"inLanguage":"nb-NO"}]}},"_links":{"self":[{"href":"https:\/\/laroni-real-estate.com\/no\/wp-json\/wp\/v2\/pages\/644","targetHints":{"allow":["GET"]}}],"collection":[{"href":"https:\/\/laroni-real-estate.com\/no\/wp-json\/wp\/v2\/pages"}],"about":[{"href":"https:\/\/laroni-real-estate.com\/no\/wp-json\/wp\/v2\/types\/page"}],"author":[{"embeddable":true,"href":"https:\/\/laroni-real-estate.com\/no\/wp-json\/wp\/v2\/users\/1"}],"replies":[{"embeddable":true,"href":"https:\/\/laroni-real-estate.com\/no\/wp-json\/wp\/v2\/comments?post=644"}],"version-history":[{"count":75,"href":"https:\/\/laroni-real-estate.com\/no\/wp-json\/wp\/v2\/pages\/644\/revisions"}],"predecessor-version":[{"id":1396,"href":"https:\/\/laroni-real-estate.com\/no\/wp-json\/wp\/v2\/pages\/644\/revisions\/1396"}],"wp:attachment":[{"href":"https:\/\/laroni-real-estate.com\/no\/wp-json\/wp\/v2\/media?parent=644"}],"curies":[{"name":"wp","href":"https:\/\/api.w.org\/{rel}","templated":true}]}}