{"id":403,"date":"2018-10-22T16:59:38","date_gmt":"2018-10-22T14:59:38","guid":{"rendered":"http:\/\/www.vastus.ltd\/?page_id=403"},"modified":"2021-03-08T11:31:05","modified_gmt":"2021-03-08T10:31:05","slug":"leistungen","status":"publish","type":"page","link":"https:\/\/laroni-real-estate.com\/no\/leistungen\/","title":{"rendered":"V\u00c5RE FORDELER"},"content":{"rendered":"<p>[vc_row][vc_column][vc_column_text]<\/p>\n<h1><strong>V\u00c5RE FORDELER<\/strong><\/h1>\n<p>[\/vc_column_text][vc_column_text]<\/p>\n<h2><strong>LEILIGHET- OG HUSBYGNING<\/strong><\/h2>\n<p>[\/vc_column_text][\/vc_column][\/vc_row][vc_row][vc_column width=&#8221;6\/12&#8243;][vc_column_text]<\/p>\n<p style=\"text-align: justify;\">Vi tilbyr ulike tjenester innen leilighet og husbygging. Vi er ved din side fra starten til siste finpuss i prosjektet v\u00e5rt. Fra eneboliger i forskjellige dimensjoner til byg\u00e5rder med individuelle planl\u00f8sninger, har vi en bredt diversifisert portef\u00f8lje.<\/p>\n<p style=\"text-align: justify;\">Vi har attraktive tilbud for eiendomseiere: Vi bygger p\u00e5 deres tomt, og til gjengjeld f\u00e5r man en eller flere leiligheter. V\u00e5re tilbud dekker hele spekteret fra den grove konstruksjonen til det ferdige objektet.[\/vc_column_text][\/vc_column][vc_column width=&#8221;1\/12&#8243;][\/vc_column][vc_column width=&#8221;5\/12&#8243;][vc_single_image image=&#8221;575&#8243; img_size=&#8221;full&#8221; alignment=&#8221;center&#8221; onclick=&#8221;link_image&#8221;][\/vc_column][\/vc_row][vc_row][vc_column width=&#8221;6\/12&#8243;][vc_single_image image=&#8221;576&#8243; img_size=&#8221;full&#8221; alignment=&#8221;center&#8221; onclick=&#8221;link_image&#8221;][\/vc_column][vc_column width=&#8221;1\/12&#8243;][\/vc_column][vc_column width=&#8221;5\/12&#8243;][vc_column_text]<\/p>\n<p style=\"text-align: justify;\">Denne tjenesten er spesielt egnet for kunder uten bygningserfaring eller uten n\u00f8dvendige \u00f8konomiske midler. Du har ingen kostnader; vi bygger, du flytter inn! Avhengig av st\u00f8rrelsen og plasseringen av eiendommen, tilbyr vi deg individuelle byggeprosjekter og utvekslingsalternativer. Med dette tilbudet sparer du ikke bare den \u00f8konomiske innsatsen, men ogs\u00e5 stresset som det \u00e5 bygge et hus inneb\u00e6rer. For \u00e5 sikre at alt g\u00e5r som det skal, jobber vi s\u00e5 transparent som mulig og deler enhver utvikling med klienten v\u00e5r. Dette betyr ingen overraskende merkostnader for dem. Du trenger bare \u00e5 lene deg tilbake og vente p\u00e5 slutten av prosjektet.[\/vc_column_text][\/vc_column][\/vc_row][vc_row][vc_column][vc_empty_space height=&#8221;100px&#8221;][vc_column_text]<\/p>\n<h2><strong>KJ\u00d8P OG SALG<\/strong><\/h2>\n<p>[\/vc_column_text][\/vc_column][\/vc_row][vc_row][vc_column width=&#8221;6\/12&#8243;][vc_column_text]<\/p>\n<p style=\"text-align: justify;\">Vil du endre livet ditt? Vil du ha et skiftende landskap? Hvorfor ikke kj\u00f8pe en ny eiendom direkte? Men mange mangler oversikt over eiendomsmarkedet. Vi hjelper deg med \u00e5 finne den sanne verdien av eiendommen din. Vi st\u00f8tter deg med markedsanalyse og evaluering av eiendomssituasjonen. Etter at vi har bestemt eiendomsprisen til din fordel, utvikler vi en salgsstrategi for deg og selger eiendommen din til en best mulig pris. I l\u00f8pet av markedsf\u00f8ringsprosessen bruker vi analoge og digitale s\u00e5 vel som nasjonale og internasjonale plattformer i forskjellige valutaer. Sammen oppn\u00e5r vi h\u00f8yest mulig avkastning fra et vidtg\u00e5ende marked.[\/vc_column_text][\/vc_column][vc_column width=&#8221;1\/12&#8243;][\/vc_column][vc_column width=&#8221;5\/12&#8243;][vc_single_image image=&#8221;578&#8243; img_size=&#8221;full&#8221; alignment=&#8221;center&#8221; onclick=&#8221;link_image&#8221;][\/vc_column][\/vc_row][vc_row][vc_column width=&#8221;1\/2&#8243;][vc_single_image image=&#8221;579&#8243; img_size=&#8221;full&#8221; alignment=&#8221;center&#8221; onclick=&#8221;link_image&#8221;][\/vc_column][vc_column width=&#8221;1\/2&#8243;][vc_column_text]<\/p>\n<p style=\"text-align: justify;\">V\u00e5re erfarne eiendomseksperter s\u00f8ker gjennom eiendomsmarkedet i henhold til dine personlige behov. En attraktiv leilighet i pulsen av byen eller heller et hus i utkanten av byen p\u00e5 landsbygda. Vi spesialiserer oss ikke p\u00e5 eiendommer, men p\u00e5 \u00f8nsker og interesser. Dessuten oppn\u00e5r vi best mulig kj\u00f8pspris for deg.[\/vc_column_text][\/vc_column][\/vc_row][vc_row][vc_column][vc_empty_space height=&#8221;100px&#8221;]\n\t\t\t<!-- START Leistungen Eyecatcher REVOLUTION SLIDER 6.5.7 --><p class=\"rs-p-wp-fix\"><\/p>\n\t\t\t<rs-module-wrap id=\"rev_slider_13_1_wrapper\" data-source=\"gallery\" style=\"visibility:hidden;background:transparent;padding:0;\">\n\t\t\t\t<rs-module id=\"rev_slider_13_1\" style=\"\" data-version=\"6.5.7\">\n\t\t\t\t\t<rs-slides>\n\t\t\t\t\t\t<rs-slide style=\"position: absolute;\" data-key=\"rs-24\" data-title=\"Slide\" data-anim=\"ms:1000;r:0;\" data-in=\"o:0;\" data-out=\"a:false;\">\n\t\t\t\t\t\t\t<img loading=\"lazy\" decoding=\"async\" src=\"\/\/laroni-real-estate.com\/wp-content\/plugins\/revslider\/public\/assets\/assets\/dummy.png\" title=\"Vastus-Immobilie-Drohnenaufnahme-04-1920&#215;1280\" width=\"1920\" height=\"1079\" class=\"rev-slidebg tp-rs-img rs-lazyload\" data-lazyload=\"\/\/www.vastus.ltd\/wp-content\/uploads\/2020\/08\/Vastus-Immobilie-Drohnenaufnahme-04-1920x1280-1.jpg\" data-parallax=\"15\" data-no-retina>\n<!---->\t\t\t\t\t\t<\/rs-slide>\n\t\t\t\t\t<\/rs-slides>\n\t\t\t\t<\/rs-module>\n\t\t\t\t<script type=\"text\/javascript\">\n\t\t\t\t\tsetREVStartSize({c: 'rev_slider_13_1',rl:[1240,1024,778,480],el:[1280],gw:[1920],gh:[1280],type:'standard',justify:'',layout:'fullscreen',offsetContainer:'',offset:'',mh:\"0\"});if (window.RS_MODULES!==undefined && window.RS_MODULES.modules!==undefined && window.RS_MODULES.modules[\"revslider131\"]!==undefined) {window.RS_MODULES.modules[\"revslider131\"].once = false;window.revapi13 = undefined;if (window.RS_MODULES.checkMinimal!==undefined) window.RS_MODULES.checkMinimal()}\n\t\t\t\t<\/script>\n\t\t\t<\/rs-module-wrap>\n\t\t\t<!-- END REVOLUTION SLIDER -->\n[vc_empty_space height=&#8221;100px&#8221;][\/vc_column][\/vc_row][vc_row][vc_column][vc_column_text]<\/p>\n<h2><strong>LEIE AV EIENDOM<\/strong><\/h2>\n<p>[\/vc_column_text][\/vc_column][\/vc_row][vc_row][vc_column width=&#8221;6\/12&#8243;][vc_column_text]<\/p>\n<p style=\"text-align: justify;\">Ikke alle familier har r\u00e5d til \u00e5 kj\u00f8pe en leilighet eller til og med et hus. Men det er ingen grunn til \u00e5 ikke leie et nytt, luksuri\u00f8st, solid, sunt hjem i harmoni med byen eller naturen. Blant v\u00e5re ferdige prosjekter er det ogs\u00e5 leietilbud. Men vi ordner ogs\u00e5 utleieleiligheter. Portef\u00f8ljen v\u00e5r inneholder eiendommer for hvert budsjett og i alle st\u00f8rrelser til rimelige priser. Og hvis vi ikke har den rette eiendommen for deg, finner vi den for deg. V\u00e5rt f\u00f8rste og viktigste prinsipp for eiendomsleie er rettferdig leieindeks. Av den grunn garanterer vi: ingen avkastning, ingen renter og leiepriser til realistiske forhold.[\/vc_column_text][\/vc_column][vc_column width=&#8221;1\/12&#8243;][\/vc_column][vc_column width=&#8221;5\/12&#8243;][vc_single_image image=&#8221;582&#8243; img_size=&#8221;full&#8221; alignment=&#8221;center&#8221; onclick=&#8221;link_image&#8221;][\/vc_column][\/vc_row][vc_row][vc_column][vc_empty_space height=&#8221;100px&#8221;][\/vc_column][\/vc_row][vc_row][vc_column][vc_column_text]<\/p>\n<h2><strong>RENOVASJON, OPPUSSING OG KONVERTERINGSARBEID<\/strong><\/h2>\n<p>[\/vc_column_text][\/vc_column][\/vc_row][vc_row][vc_column width=&#8221;6\/12&#8243;][vc_column_text]<\/p>\n<p style=\"text-align: justify;\">Hjemmet er fullt av minner. Mange familier vil ikke legge igjen minnene n\u00e5r de flytter. Men det skal ikke v\u00e6re til hinder for modernisering. Etter en ekspertvurdering vil v\u00e5re spesialiserte h\u00e5ndverkere pusse opp hjemmet ditt i henhold til de best mulige tekniske og designmuligheter.<\/p>\n<p style=\"text-align: justify;\">Fra enkle renoveringer til nydesignede interi\u00f8rer dekker vi alle typer endringer, reparasjoner og renoveringer. Dette inkluderer ogs\u00e5 fasadearbeid og varmeisolasjonstiltak. Avhengig av eiendommens tilstand, vil vi gjerne gi deg r\u00e5d om hvilke tiltak som gjelder for fornybar energi og varmeisolasjon. Effektivitet og estetikk g\u00e5r ikke lenger hver for seg. Det som er vakkert, kan ogs\u00e5 v\u00e6re bra for lommeboken.<\/p>\n<p style=\"text-align: justify;\">For \u00e5 sikre at enhver renovering oppn\u00e5r maksimal kvalitet, bruker vi bare EU-sertifiserte materialer og garanterer de h\u00f8yeste standarder for arbeidssikkerhet.[\/vc_column_text][\/vc_column][vc_column width=&#8221;1\/12&#8243;][\/vc_column][vc_column width=&#8221;5\/12&#8243;][vc_single_image image=&#8221;584&#8243; img_size=&#8221;full&#8221; alignment=&#8221;center&#8221; onclick=&#8221;link_image&#8221;][vc_single_image image=&#8221;583&#8243; img_size=&#8221;full&#8221; alignment=&#8221;center&#8221; onclick=&#8221;link_image&#8221;][\/vc_column][\/vc_row][vc_row][vc_column][vc_empty_space height=&#8221;100px&#8221;][\/vc_column][\/vc_row][vc_row][vc_column width=&#8221;1\/6&#8243;][\/vc_column][vc_column width=&#8221;2\/3&#8243;]\n<div class=\"wpcf7 no-js\" id=\"wpcf7-f794-o1\" lang=\"de-DE\" dir=\"ltr\" data-wpcf7-id=\"794\">\n<div class=\"screen-reader-response\"><p role=\"status\" aria-live=\"polite\" aria-atomic=\"true\"><\/p> <ul><\/ul><\/div>\n<form action=\"\/no\/wp-json\/wp\/v2\/pages\/403#wpcf7-f794-o1\" method=\"post\" class=\"wpcf7-form init\" aria-label=\"Contact form\" novalidate=\"novalidate\" data-status=\"init\">\n<fieldset class=\"hidden-fields-container\"><input type=\"hidden\" name=\"_wpcf7\" value=\"794\" \/><input type=\"hidden\" name=\"_wpcf7_version\" value=\"6.1.2\" \/><input type=\"hidden\" name=\"_wpcf7_locale\" value=\"de_DE\" \/><input type=\"hidden\" name=\"_wpcf7_unit_tag\" value=\"wpcf7-f794-o1\" \/><input type=\"hidden\" name=\"_wpcf7_container_post\" value=\"0\" \/><input type=\"hidden\" name=\"_wpcf7_posted_data_hash\" value=\"\" \/>\n<\/fieldset>\n<p><label><span class=\"wpcf7-form-control-wrap\" data-name=\"your-name\"><input size=\"40\" maxlength=\"400\" class=\"wpcf7-form-control wpcf7-text wpcf7-validates-as-required\" aria-required=\"true\" aria-invalid=\"false\" placeholder=\"For- og etternavn (obligatorisk felt)\" value=\"\" type=\"text\" name=\"your-name\" \/><\/span><\/label>\n<\/p>\n<p><label><span class=\"wpcf7-form-control-wrap\" data-name=\"telefon-mobil\"><input size=\"40\" maxlength=\"400\" class=\"wpcf7-form-control wpcf7-tel wpcf7-text wpcf7-validates-as-tel\" aria-invalid=\"false\" placeholder=\"Telefon\/mobilnummer\" value=\"\" type=\"tel\" name=\"telefon-mobil\" \/><\/span><\/label>\n<\/p>\n<p><label><span class=\"wpcf7-form-control-wrap\" data-name=\"your-email\"><input size=\"40\" maxlength=\"400\" class=\"wpcf7-form-control wpcf7-email wpcf7-validates-as-required wpcf7-text wpcf7-validates-as-email\" aria-required=\"true\" aria-invalid=\"false\" placeholder=\"E-post (obligatorisk felt)\" value=\"\" type=\"email\" name=\"your-email\" \/><\/span><\/label>\n<\/p>\n<p><label><span class=\"wpcf7-form-control-wrap\" data-name=\"your-subject\"><input size=\"40\" maxlength=\"400\" class=\"wpcf7-form-control wpcf7-text\" aria-invalid=\"false\" placeholder=\"Emne\" value=\"\" type=\"text\" name=\"your-subject\" \/><\/span><\/label>\n<\/p>\n<p><label><span class=\"wpcf7-form-control-wrap\" data-name=\"your-message\"><textarea cols=\"40\" rows=\"10\" maxlength=\"2000\" class=\"wpcf7-form-control wpcf7-textarea\" aria-invalid=\"false\" placeholder=\"beskjed\" name=\"your-message\"><\/textarea><\/span> <\/label>\n<\/p>\n<p><span class=\"wpcf7-form-control-wrap\" data-name=\"Datenschutz\"><span class=\"wpcf7-form-control wpcf7-acceptance\"><span class=\"wpcf7-list-item\"><label><input type=\"checkbox\" name=\"Datenschutz\" value=\"1\" aria-invalid=\"false\" \/><span class=\"wpcf7-list-item-label\">Jeg har lest og godtar databeskyttelsesforskriftene.<\/span><\/label><\/span><\/span><\/span>\n<\/p>\n<p><input class=\"wpcf7-form-control wpcf7-submit has-spinner\" type=\"submit\" value=\"Send\" \/>\n<\/p><p style=\"display: none !important;\" class=\"akismet-fields-container\" data-prefix=\"_wpcf7_ak_\"><label>&#916;<textarea name=\"_wpcf7_ak_hp_textarea\" cols=\"45\" rows=\"8\" maxlength=\"100\"><\/textarea><\/label><input type=\"hidden\" id=\"ak_js_1\" name=\"_wpcf7_ak_js\" value=\"201\"\/><script>document.getElementById( \"ak_js_1\" ).setAttribute( \"value\", ( new Date() ).getTime() );<\/script><\/p><div class=\"wpcf7-response-output\" aria-hidden=\"true\"><\/div>\n<\/form>\n<\/div>\n[\/vc_column][vc_column width=&#8221;1\/6&#8243;][\/vc_column][\/vc_row]<\/p>\n","protected":false},"excerpt":{"rendered":"<p>[vc_row][vc_column][vc_column_text] V\u00c5RE FORDELER [\/vc_column_text][vc_column_text] LEILIGHET- OG HUSBYGNING [\/vc_column_text][\/vc_column][\/vc_row][vc_row][vc_column width=&#8221;6\/12&#8243;][vc_column_text] Vi tilbyr ulike tjenester innen leilighet og husbygging. Vi er ved din side fra starten til siste finpuss i prosjektet v\u00e5rt. Fra eneboliger i forskjellige dimensjoner til byg\u00e5rder med individuelle planl\u00f8sninger, har vi en bredt diversifisert portef\u00f8lje. Vi har attraktive tilbud for eiendomseiere: Vi bygger p\u00e5&hellip;<\/p>\n","protected":false},"author":1,"featured_media":0,"parent":0,"menu_order":0,"comment_status":"closed","ping_status":"closed","template":"","meta":{"_joinchat":[],"footnotes":""},"class_list":["post-403","page","type-page","status-publish","hentry","description-off"],"translation":{"provider":"WPGlobus","version":"3.0.0","language":"no","enabled_languages":["en","de","tr","sv","ru","ar","gr","no","fr","es"],"languages":{"en":{"title":true,"content":true,"excerpt":false},"de":{"title":true,"content":true,"excerpt":false},"tr":{"title":true,"content":true,"excerpt":false},"sv":{"title":true,"content":true,"excerpt":false},"ru":{"title":true,"content":true,"excerpt":false},"ar":{"title":true,"content":true,"excerpt":false},"gr":{"title":true,"content":true,"excerpt":false},"no":{"title":true,"content":true,"excerpt":false},"fr":{"title":false,"content":false,"excerpt":false},"es":{"title":false,"content":false,"excerpt":false}}},"yoast_head":"<!-- This site is optimized with the Yoast SEO plugin v26.0 - https:\/\/yoast.com\/wordpress\/plugins\/seo\/ -->\n<title>Tjenestene til eiendomsselskapet Vastus LTD<\/title>\n<meta name=\"description\" content=\"Vastus LTD. tilbyr deg forskjellige tjenester for ditt nye hjem. Blant annet leilighet- og husbygging, oppussing og mye mer.\" \/>\n<meta name=\"robots\" content=\"index, follow, max-snippet:-1, max-image-preview:large, max-video-preview:-1\" \/>\n<link rel=\"canonical\" href=\"https:\/\/laroni-real-estate.com\/de\/leistungen\/\" \/>\n<meta property=\"og:locale\" content=\"nb_NO\" \/>\n<meta property=\"og:type\" content=\"article\" \/>\n<meta property=\"og:title\" content=\"Tjenestene til eiendomsselskapet Vastus LTD\" \/>\n<meta property=\"og:description\" content=\"Vastus LTD. tilbyr deg forskjellige tjenester for ditt nye hjem. Blant annet leilighet- og husbygging, oppussing og mye mer.\" \/>\n<meta property=\"og:url\" content=\"https:\/\/laroni-real-estate.com\/de\/leistungen\/\" \/>\n<meta property=\"og:site_name\" content=\"Vastus Ltd.\" \/>\n<meta property=\"article:modified_time\" content=\"2021-03-08T10:31:05+00:00\" \/>\n<meta name=\"twitter:card\" content=\"summary_large_image\" \/>\n<meta name=\"twitter:label1\" content=\"Est. reading time\" \/>\n\t<meta name=\"twitter:data1\" content=\"3 minutes\" \/>\n<script type=\"application\/ld+json\" class=\"yoast-schema-graph\">{\"@context\":\"https:\/\/schema.org\",\"@graph\":[{\"@type\":\"WebPage\",\"@id\":\"https:\/\/laroni-real-estate.com\/de\/leistungen\/\",\"url\":\"https:\/\/laroni-real-estate.com\/de\/leistungen\/\",\"name\":\"Die Leistungen des Immobilienunternehmens Vastus LTD\",\"isPartOf\":{\"@id\":\"https:\/\/laroni-real-estate.com\/#website\"},\"datePublished\":\"2018-10-22T14:59:38+00:00\",\"dateModified\":\"2021-03-08T10:31:05+00:00\",\"description\":\"Vastus LTD. tilbyr deg forskjellige tjenester for ditt nye hjem. Blant annet leilighet- og husbygging, oppussing og mye mer.\",\"breadcrumb\":{\"@id\":\"https:\/\/laroni-real-estate.com\/de\/leistungen\/#breadcrumb\"},\"inLanguage\":\"nb-NO\",\"potentialAction\":[{\"@type\":\"ReadAction\",\"target\":[\"https:\/\/laroni-real-estate.com\/de\/leistungen\/\"]}]},{\"@type\":\"BreadcrumbList\",\"@id\":\"https:\/\/laroni-real-estate.com\/de\/leistungen\/#breadcrumb\",\"itemListElement\":[{\"@type\":\"ListItem\",\"position\":1,\"name\":\"Startseite\",\"item\":\"https:\/\/laroni-real-estate.com\/no\/\"},{\"@type\":\"ListItem\",\"position\":2,\"name\":\"Leistungen\"}]},{\"@type\":\"WebSite\",\"@id\":\"https:\/\/laroni-real-estate.com\/#website\",\"url\":\"https:\/\/laroni-real-estate.com\/\",\"name\":\"Vastus Ltd.\",\"description\":\"\",\"potentialAction\":[{\"@type\":\"SearchAction\",\"target\":{\"@type\":\"EntryPoint\",\"urlTemplate\":\"https:\/\/laroni-real-estate.com\/?s={search_term_string}\"},\"query-input\":{\"@type\":\"PropertyValueSpecification\",\"valueRequired\":true,\"valueName\":\"search_term_string\"}}],\"inLanguage\":\"nb-NO\"}]}<\/script>\n<!-- \/ Yoast SEO plugin. -->","yoast_head_json":{"title":"Tjenestene til eiendomsselskapet Vastus LTD","description":"Vastus LTD. tilbyr deg forskjellige tjenester for ditt nye hjem. Blant annet leilighet- og husbygging, oppussing og mye mer.","robots":{"index":"index","follow":"follow","max-snippet":"max-snippet:-1","max-image-preview":"max-image-preview:large","max-video-preview":"max-video-preview:-1"},"canonical":"https:\/\/laroni-real-estate.com\/de\/leistungen\/","og_locale":"nb_NO","og_type":"article","og_title":"Tjenestene til eiendomsselskapet Vastus LTD","og_description":"Vastus LTD. tilbyr deg forskjellige tjenester for ditt nye hjem. Blant annet leilighet- og husbygging, oppussing og mye mer.","og_url":"https:\/\/laroni-real-estate.com\/de\/leistungen\/","og_site_name":"Vastus Ltd.","article_modified_time":"2021-03-08T10:31:05+00:00","twitter_card":"summary_large_image","twitter_misc":{"Est. reading time":"3 minutes"},"schema":{"@context":"https:\/\/schema.org","@graph":[{"@type":"WebPage","@id":"https:\/\/laroni-real-estate.com\/de\/leistungen\/","url":"https:\/\/laroni-real-estate.com\/de\/leistungen\/","name":"Die Leistungen des Immobilienunternehmens Vastus LTD","isPartOf":{"@id":"https:\/\/laroni-real-estate.com\/#website"},"datePublished":"2018-10-22T14:59:38+00:00","dateModified":"2021-03-08T10:31:05+00:00","description":"Vastus LTD. tilbyr deg forskjellige tjenester for ditt nye hjem. Blant annet leilighet- og husbygging, oppussing og mye mer.","breadcrumb":{"@id":"https:\/\/laroni-real-estate.com\/de\/leistungen\/#breadcrumb"},"inLanguage":"nb-NO","potentialAction":[{"@type":"ReadAction","target":["https:\/\/laroni-real-estate.com\/de\/leistungen\/"]}]},{"@type":"BreadcrumbList","@id":"https:\/\/laroni-real-estate.com\/de\/leistungen\/#breadcrumb","itemListElement":[{"@type":"ListItem","position":1,"name":"Startseite","item":"https:\/\/laroni-real-estate.com\/no\/"},{"@type":"ListItem","position":2,"name":"Leistungen"}]},{"@type":"WebSite","@id":"https:\/\/laroni-real-estate.com\/#website","url":"https:\/\/laroni-real-estate.com\/","name":"Vastus Ltd.","description":"","potentialAction":[{"@type":"SearchAction","target":{"@type":"EntryPoint","urlTemplate":"https:\/\/laroni-real-estate.com\/?s={search_term_string}"},"query-input":{"@type":"PropertyValueSpecification","valueRequired":true,"valueName":"search_term_string"}}],"inLanguage":"nb-NO"}]}},"_links":{"self":[{"href":"https:\/\/laroni-real-estate.com\/no\/wp-json\/wp\/v2\/pages\/403","targetHints":{"allow":["GET"]}}],"collection":[{"href":"https:\/\/laroni-real-estate.com\/no\/wp-json\/wp\/v2\/pages"}],"about":[{"href":"https:\/\/laroni-real-estate.com\/no\/wp-json\/wp\/v2\/types\/page"}],"author":[{"embeddable":true,"href":"https:\/\/laroni-real-estate.com\/no\/wp-json\/wp\/v2\/users\/1"}],"replies":[{"embeddable":true,"href":"https:\/\/laroni-real-estate.com\/no\/wp-json\/wp\/v2\/comments?post=403"}],"version-history":[{"count":94,"href":"https:\/\/laroni-real-estate.com\/no\/wp-json\/wp\/v2\/pages\/403\/revisions"}],"predecessor-version":[{"id":1490,"href":"https:\/\/laroni-real-estate.com\/no\/wp-json\/wp\/v2\/pages\/403\/revisions\/1490"}],"wp:attachment":[{"href":"https:\/\/laroni-real-estate.com\/no\/wp-json\/wp\/v2\/media?parent=403"}],"curies":[{"name":"wp","href":"https:\/\/api.w.org\/{rel}","templated":true}]}}