{"id":366,"date":"2018-09-26T10:22:19","date_gmt":"2018-09-26T08:22:19","guid":{"rendered":"http:\/\/www.vastus.ltd\/?page_id=366"},"modified":"2023-01-23T21:55:29","modified_gmt":"2023-01-23T20:55:29","slug":"impressum","status":"publish","type":"page","link":"https:\/\/laroni-real-estate.com\/no\/impressum\/","title":{"rendered":"Juridisk merknad"},"content":{"rendered":"<p>[vc_row][vc_column][vc_column_text]<strong>Laroni Real Estate Ltd.<\/strong><br \/>\nDr. Faz\u0131l K\u00fc\u00e7\u00fck Caddesi No. 10<br \/>\nLaroni Tower<br \/>\nApartman\u0131<br \/>\nKyrenia<br \/>\nNorthcyprus<\/p>\n<p><strong>E-post<\/strong>: <a href=\"mailto:info@laroni-real-estate.com\">info@laroni-real-estate.com<\/a>[\/vc_column_text][\/vc_column][\/vc_row]<\/p>\n","protected":false},"excerpt":{"rendered":"<p>[vc_row][vc_column][vc_column_text]Laroni Real Estate Ltd. Dr. Faz\u0131l K\u00fc\u00e7\u00fck Caddesi No. 10 Laroni Tower Apartman\u0131 Kyrenia Northcyprus E-post: info@laroni-real-estate.com[\/vc_column_text][\/vc_column][\/vc_row]<\/p>\n","protected":false},"author":1,"featured_media":0,"parent":0,"menu_order":0,"comment_status":"closed","ping_status":"closed","template":"","meta":{"_joinchat":[],"footnotes":""},"class_list":["post-366","page","type-page","status-publish","hentry","description-off"],"translation":{"provider":"WPGlobus","version":"3.0.0","language":"no","enabled_languages":["en","de","tr","sv","ru","ar","gr","no","fr","es"],"languages":{"en":{"title":true,"content":true,"excerpt":false},"de":{"title":true,"content":true,"excerpt":false},"tr":{"title":true,"content":true,"excerpt":false},"sv":{"title":true,"content":true,"excerpt":false},"ru":{"title":true,"content":true,"excerpt":false},"ar":{"title":true,"content":true,"excerpt":false},"gr":{"title":true,"content":true,"excerpt":false},"no":{"title":true,"content":true,"excerpt":false},"fr":{"title":false,"content":false,"excerpt":false},"es":{"title":false,"content":false,"excerpt":false}}},"yoast_head":"<!-- This site is optimized with the Yoast SEO plugin v26.0 - https:\/\/yoast.com\/wordpress\/plugins\/seo\/ -->\n<title>Avtrykk av Vastus LTD<\/title>\n<meta name=\"description\" content=\"Du finner all n\u00f8dvendig informasjon, for eksempel adresse og telefonnummer, fra den juridiske merknaden p\u00e5 Vastus LTD-selskapets nettsted.\" \/>\n<meta name=\"robots\" content=\"index, follow, max-snippet:-1, max-image-preview:large, max-video-preview:-1\" \/>\n<link rel=\"canonical\" href=\"https:\/\/laroni-real-estate.com\/de\/impressum\/\" \/>\n<meta property=\"og:locale\" content=\"nb_NO\" \/>\n<meta property=\"og:type\" content=\"article\" \/>\n<meta property=\"og:title\" content=\"Avtrykk av Vastus LTD\" \/>\n<meta property=\"og:description\" content=\"Du finner all n\u00f8dvendig informasjon, for eksempel adresse og telefonnummer, fra den juridiske merknaden p\u00e5 Vastus LTD-selskapets nettsted.\" \/>\n<meta property=\"og:url\" content=\"https:\/\/laroni-real-estate.com\/de\/impressum\/\" \/>\n<meta property=\"og:site_name\" content=\"Vastus Ltd.\" \/>\n<meta property=\"article:modified_time\" content=\"2023-01-23T20:55:29+00:00\" \/>\n<meta name=\"twitter:card\" content=\"summary_large_image\" \/>\n<meta name=\"twitter:label1\" content=\"Est. reading time\" \/>\n\t<meta name=\"twitter:data1\" content=\"1 minute\" \/>\n<script type=\"application\/ld+json\" class=\"yoast-schema-graph\">{\"@context\":\"https:\/\/schema.org\",\"@graph\":[{\"@type\":\"WebPage\",\"@id\":\"https:\/\/laroni-real-estate.com\/de\/impressum\/\",\"url\":\"https:\/\/laroni-real-estate.com\/de\/impressum\/\",\"name\":\"Impressum der Vastus LTD\",\"isPartOf\":{\"@id\":\"https:\/\/laroni-real-estate.com\/#website\"},\"datePublished\":\"2018-09-26T08:22:19+00:00\",\"dateModified\":\"2023-01-23T20:55:29+00:00\",\"description\":\"Du finner all n\u00f8dvendig informasjon, for eksempel adresse og telefonnummer, fra den juridiske merknaden p\u00e5 Vastus LTD-selskapets nettsted.\",\"breadcrumb\":{\"@id\":\"https:\/\/laroni-real-estate.com\/de\/impressum\/#breadcrumb\"},\"inLanguage\":\"nb-NO\",\"potentialAction\":[{\"@type\":\"ReadAction\",\"target\":[\"https:\/\/laroni-real-estate.com\/de\/impressum\/\"]}]},{\"@type\":\"BreadcrumbList\",\"@id\":\"https:\/\/laroni-real-estate.com\/de\/impressum\/#breadcrumb\",\"itemListElement\":[{\"@type\":\"ListItem\",\"position\":1,\"name\":\"Startseite\",\"item\":\"https:\/\/laroni-real-estate.com\/no\/\"},{\"@type\":\"ListItem\",\"position\":2,\"name\":\"Impressum\"}]},{\"@type\":\"WebSite\",\"@id\":\"https:\/\/laroni-real-estate.com\/#website\",\"url\":\"https:\/\/laroni-real-estate.com\/\",\"name\":\"Vastus Ltd.\",\"description\":\"\",\"potentialAction\":[{\"@type\":\"SearchAction\",\"target\":{\"@type\":\"EntryPoint\",\"urlTemplate\":\"https:\/\/laroni-real-estate.com\/?s={search_term_string}\"},\"query-input\":{\"@type\":\"PropertyValueSpecification\",\"valueRequired\":true,\"valueName\":\"search_term_string\"}}],\"inLanguage\":\"nb-NO\"}]}<\/script>\n<!-- \/ Yoast SEO plugin. -->","yoast_head_json":{"title":"Avtrykk av Vastus LTD","description":"Du finner all n\u00f8dvendig informasjon, for eksempel adresse og telefonnummer, fra den juridiske merknaden p\u00e5 Vastus LTD-selskapets nettsted.","robots":{"index":"index","follow":"follow","max-snippet":"max-snippet:-1","max-image-preview":"max-image-preview:large","max-video-preview":"max-video-preview:-1"},"canonical":"https:\/\/laroni-real-estate.com\/de\/impressum\/","og_locale":"nb_NO","og_type":"article","og_title":"Avtrykk av Vastus LTD","og_description":"Du finner all n\u00f8dvendig informasjon, for eksempel adresse og telefonnummer, fra den juridiske merknaden p\u00e5 Vastus LTD-selskapets nettsted.","og_url":"https:\/\/laroni-real-estate.com\/de\/impressum\/","og_site_name":"Vastus Ltd.","article_modified_time":"2023-01-23T20:55:29+00:00","twitter_card":"summary_large_image","twitter_misc":{"Est. reading time":"1 minute"},"schema":{"@context":"https:\/\/schema.org","@graph":[{"@type":"WebPage","@id":"https:\/\/laroni-real-estate.com\/de\/impressum\/","url":"https:\/\/laroni-real-estate.com\/de\/impressum\/","name":"Impressum der Vastus LTD","isPartOf":{"@id":"https:\/\/laroni-real-estate.com\/#website"},"datePublished":"2018-09-26T08:22:19+00:00","dateModified":"2023-01-23T20:55:29+00:00","description":"Du finner all n\u00f8dvendig informasjon, for eksempel adresse og telefonnummer, fra den juridiske merknaden p\u00e5 Vastus LTD-selskapets nettsted.","breadcrumb":{"@id":"https:\/\/laroni-real-estate.com\/de\/impressum\/#breadcrumb"},"inLanguage":"nb-NO","potentialAction":[{"@type":"ReadAction","target":["https:\/\/laroni-real-estate.com\/de\/impressum\/"]}]},{"@type":"BreadcrumbList","@id":"https:\/\/laroni-real-estate.com\/de\/impressum\/#breadcrumb","itemListElement":[{"@type":"ListItem","position":1,"name":"Startseite","item":"https:\/\/laroni-real-estate.com\/no\/"},{"@type":"ListItem","position":2,"name":"Impressum"}]},{"@type":"WebSite","@id":"https:\/\/laroni-real-estate.com\/#website","url":"https:\/\/laroni-real-estate.com\/","name":"Vastus Ltd.","description":"","potentialAction":[{"@type":"SearchAction","target":{"@type":"EntryPoint","urlTemplate":"https:\/\/laroni-real-estate.com\/?s={search_term_string}"},"query-input":{"@type":"PropertyValueSpecification","valueRequired":true,"valueName":"search_term_string"}}],"inLanguage":"nb-NO"}]}},"_links":{"self":[{"href":"https:\/\/laroni-real-estate.com\/no\/wp-json\/wp\/v2\/pages\/366","targetHints":{"allow":["GET"]}}],"collection":[{"href":"https:\/\/laroni-real-estate.com\/no\/wp-json\/wp\/v2\/pages"}],"about":[{"href":"https:\/\/laroni-real-estate.com\/no\/wp-json\/wp\/v2\/types\/page"}],"author":[{"embeddable":true,"href":"https:\/\/laroni-real-estate.com\/no\/wp-json\/wp\/v2\/users\/1"}],"replies":[{"embeddable":true,"href":"https:\/\/laroni-real-estate.com\/no\/wp-json\/wp\/v2\/comments?post=366"}],"version-history":[{"count":66,"href":"https:\/\/laroni-real-estate.com\/no\/wp-json\/wp\/v2\/pages\/366\/revisions"}],"predecessor-version":[{"id":5980,"href":"https:\/\/laroni-real-estate.com\/no\/wp-json\/wp\/v2\/pages\/366\/revisions\/5980"}],"wp:attachment":[{"href":"https:\/\/laroni-real-estate.com\/no\/wp-json\/wp\/v2\/media?parent=366"}],"curies":[{"name":"wp","href":"https:\/\/api.w.org\/{rel}","templated":true}]}}