{"id":1118,"date":"2021-02-17T11:49:00","date_gmt":"2021-02-17T10:49:00","guid":{"rendered":"https:\/\/www.vastus.ltd\/?page_id=1118"},"modified":"2021-03-10T13:04:31","modified_gmt":"2021-03-10T12:04:31","slug":"esentepe","status":"publish","type":"page","link":"https:\/\/laroni-real-estate.com\/no\/esentepe\/","title":{"rendered":"Esentepe"},"content":{"rendered":"<p>[vc_row][vc_column][vc_column_text]<\/p>\n<h1>Esentepe<\/h1>\n<p>[\/vc_column_text][\/vc_column][\/vc_row][vc_row][vc_column width=&#8221;5\/12&#8243;][vc_column_text]Esentepe betyr \u00abDen vindfulle bakken\u00bb. Denne lille landsbyen ligger p\u00e5 nordkysten av Nord-Kypros, \u00f8st for Kyrenia og dateres tilbake til den bysantinske perioden. Hvis du vil bli kjent med \u00f8ya og dens unike natur og flykte fra bylivet, er Esentepe en unik mulighet.[\/vc_column_text][\/vc_column][vc_column width=&#8221;1\/12&#8243;][\/vc_column][vc_column width=&#8221;6\/12&#8243;][vc_single_image image=&#8221;588&#8243; img_size=&#8221;full&#8221; alignment=&#8221;center&#8221; onclick=&#8221;link_image&#8221;][\/vc_column][\/vc_row][vc_row][vc_column][vc_column_text]Landsbyen har en sjarm som ikke kan beskrives med ord, i stedet m\u00e5 det oppleves. Tiden ser ut til \u00e5 g\u00e5 litt saktere p\u00e5 dette vakre stedet n\u00e5r man er nedsenket i ro og fred. I denne rolige atmosf\u00e6ren kan du slappe av og f\u00f8le stresset l\u00f8ftes av skuldrene. Mens man nyter en kopp kaffe i sentrum av Esentepe eller tar et glass vin om kvelden, glemmer man raskt hverdagslivets rutine.[\/vc_column_text][\/vc_column][\/vc_row][vc_row][vc_column][vc_column_text]Innbyggerne i Esentepe er hovedsakelig tyrkiske statsborgere som emigrerte fra Svartehavsregionen til Nord-Kypros f\u00f8r 1974. Landsbyen har utviklet seg de siste \u00e5rene og har blitt kjent for b\u00e5de turister og lokalbefolkningen som en hemmelig perle i omr\u00e5det. Esentepe har \u00f8nsket mange nye ansikter velkomne som \u00f8nsket \u00e5 komme p\u00e5 bes\u00f8k, men ble forelsket og ble igjen.[\/vc_column_text][vc_column_text]Selv om Esentepe har f\u00e5tt popularitet, forringer dette ikke appellen, men tvert imot forbedrer den rustikke sjarmen.[\/vc_column_text][\/vc_column][\/vc_row][vc_row][vc_column][vc_empty_space height=&#8221;100px&#8221;][\/vc_column][\/vc_row][vc_row][vc_column width=&#8221;1\/6&#8243;][\/vc_column][vc_column width=&#8221;2\/3&#8243;]\n<div class=\"wpcf7 no-js\" id=\"wpcf7-f794-o1\" lang=\"de-DE\" dir=\"ltr\" data-wpcf7-id=\"794\">\n<div class=\"screen-reader-response\"><p role=\"status\" aria-live=\"polite\" aria-atomic=\"true\"><\/p> <ul><\/ul><\/div>\n<form action=\"\/no\/wp-json\/wp\/v2\/pages\/1118#wpcf7-f794-o1\" method=\"post\" class=\"wpcf7-form init\" aria-label=\"Contact form\" novalidate=\"novalidate\" data-status=\"init\">\n<fieldset class=\"hidden-fields-container\"><input type=\"hidden\" name=\"_wpcf7\" value=\"794\" \/><input type=\"hidden\" name=\"_wpcf7_version\" value=\"6.1.2\" \/><input type=\"hidden\" name=\"_wpcf7_locale\" value=\"de_DE\" \/><input type=\"hidden\" name=\"_wpcf7_unit_tag\" value=\"wpcf7-f794-o1\" \/><input type=\"hidden\" name=\"_wpcf7_container_post\" value=\"0\" \/><input type=\"hidden\" name=\"_wpcf7_posted_data_hash\" value=\"\" \/>\n<\/fieldset>\n<p><label><span class=\"wpcf7-form-control-wrap\" data-name=\"your-name\"><input size=\"40\" maxlength=\"400\" class=\"wpcf7-form-control wpcf7-text wpcf7-validates-as-required\" aria-required=\"true\" aria-invalid=\"false\" placeholder=\"For- og etternavn (obligatorisk felt)\" value=\"\" type=\"text\" name=\"your-name\" \/><\/span><\/label>\n<\/p>\n<p><label><span class=\"wpcf7-form-control-wrap\" data-name=\"telefon-mobil\"><input size=\"40\" maxlength=\"400\" class=\"wpcf7-form-control wpcf7-tel wpcf7-text wpcf7-validates-as-tel\" aria-invalid=\"false\" placeholder=\"Telefon\/mobilnummer\" value=\"\" type=\"tel\" name=\"telefon-mobil\" \/><\/span><\/label>\n<\/p>\n<p><label><span class=\"wpcf7-form-control-wrap\" data-name=\"your-email\"><input size=\"40\" maxlength=\"400\" class=\"wpcf7-form-control wpcf7-email wpcf7-validates-as-required wpcf7-text wpcf7-validates-as-email\" aria-required=\"true\" aria-invalid=\"false\" placeholder=\"E-post (obligatorisk felt)\" value=\"\" type=\"email\" name=\"your-email\" \/><\/span><\/label>\n<\/p>\n<p><label><span class=\"wpcf7-form-control-wrap\" data-name=\"your-subject\"><input size=\"40\" maxlength=\"400\" class=\"wpcf7-form-control wpcf7-text\" aria-invalid=\"false\" placeholder=\"Emne\" value=\"\" type=\"text\" name=\"your-subject\" \/><\/span><\/label>\n<\/p>\n<p><label><span class=\"wpcf7-form-control-wrap\" data-name=\"your-message\"><textarea cols=\"40\" rows=\"10\" maxlength=\"2000\" class=\"wpcf7-form-control wpcf7-textarea\" aria-invalid=\"false\" placeholder=\"beskjed\" name=\"your-message\"><\/textarea><\/span> <\/label>\n<\/p>\n<p><span class=\"wpcf7-form-control-wrap\" data-name=\"Datenschutz\"><span class=\"wpcf7-form-control wpcf7-acceptance\"><span class=\"wpcf7-list-item\"><label><input type=\"checkbox\" name=\"Datenschutz\" value=\"1\" aria-invalid=\"false\" \/><span class=\"wpcf7-list-item-label\">Jeg har lest og godtar databeskyttelsesforskriftene.<\/span><\/label><\/span><\/span><\/span>\n<\/p>\n<p><input class=\"wpcf7-form-control wpcf7-submit has-spinner\" type=\"submit\" value=\"Send\" \/>\n<\/p><p style=\"display: none !important;\" class=\"akismet-fields-container\" data-prefix=\"_wpcf7_ak_\"><label>&#916;<textarea name=\"_wpcf7_ak_hp_textarea\" cols=\"45\" rows=\"8\" maxlength=\"100\"><\/textarea><\/label><input type=\"hidden\" id=\"ak_js_1\" name=\"_wpcf7_ak_js\" value=\"232\"\/><script>document.getElementById( \"ak_js_1\" ).setAttribute( \"value\", ( new Date() ).getTime() );<\/script><\/p><div class=\"wpcf7-response-output\" aria-hidden=\"true\"><\/div>\n<\/form>\n<\/div>\n[\/vc_column][vc_column width=&#8221;1\/6&#8243;][\/vc_column][\/vc_row]<\/p>\n","protected":false},"excerpt":{"rendered":"<p>[vc_row][vc_column][vc_column_text] Esentepe [\/vc_column_text][\/vc_column][\/vc_row][vc_row][vc_column width=&#8221;5\/12&#8243;][vc_column_text]Esentepe betyr \u00abDen vindfulle bakken\u00bb. Denne lille landsbyen ligger p\u00e5 nordkysten av Nord-Kypros, \u00f8st for Kyrenia og dateres tilbake til den bysantinske perioden. Hvis du vil bli kjent med \u00f8ya og dens unike natur og flykte fra bylivet, er Esentepe en unik mulighet.[\/vc_column_text][\/vc_column][vc_column width=&#8221;1\/12&#8243;][\/vc_column][vc_column width=&#8221;6\/12&#8243;][vc_single_image image=&#8221;588&#8243; img_size=&#8221;full&#8221; alignment=&#8221;center&#8221; onclick=&#8221;link_image&#8221;][\/vc_column][\/vc_row][vc_row][vc_column][vc_column_text]Landsbyen har en sjarm&hellip;<\/p>\n","protected":false},"author":1,"featured_media":0,"parent":0,"menu_order":0,"comment_status":"closed","ping_status":"closed","template":"","meta":{"_joinchat":[],"footnotes":""},"class_list":["post-1118","page","type-page","status-publish","hentry","description-off"],"translation":{"provider":"WPGlobus","version":"3.0.0","language":"no","enabled_languages":["en","de","tr","sv","ru","ar","gr","no","fr","es"],"languages":{"en":{"title":true,"content":true,"excerpt":false},"de":{"title":true,"content":true,"excerpt":false},"tr":{"title":true,"content":true,"excerpt":false},"sv":{"title":true,"content":true,"excerpt":false},"ru":{"title":true,"content":true,"excerpt":false},"ar":{"title":true,"content":true,"excerpt":false},"gr":{"title":true,"content":true,"excerpt":false},"no":{"title":true,"content":true,"excerpt":false},"fr":{"title":false,"content":false,"excerpt":false},"es":{"title":false,"content":false,"excerpt":false}}},"yoast_head":"<!-- This site is optimized with the Yoast SEO plugin v26.0 - https:\/\/yoast.com\/wordpress\/plugins\/seo\/ -->\n<title>Byen Kyrenia ligger i den nordlige delen av \u00f8ya Kypros<\/title>\n<meta name=\"description\" content=\"Kyrenia ligger nord p\u00e5 Kypros og tiltrekker seg turister hovedsakelig p\u00e5 grunn av de hvite strendene, men ogs\u00e5 p\u00e5 grunn av attraksjonene.\" \/>\n<meta name=\"robots\" content=\"index, follow, max-snippet:-1, max-image-preview:large, max-video-preview:-1\" \/>\n<link rel=\"canonical\" href=\"https:\/\/laroni-real-estate.com\/esentepe\/\" \/>\n<meta property=\"og:locale\" content=\"nb_NO\" \/>\n<meta property=\"og:type\" content=\"article\" \/>\n<meta property=\"og:title\" content=\"Byen Kyrenia ligger i den nordlige delen av \u00f8ya Kypros\" \/>\n<meta property=\"og:description\" content=\"Kyrenia ligger nord p\u00e5 Kypros og tiltrekker seg turister hovedsakelig p\u00e5 grunn av de hvite strendene, men ogs\u00e5 p\u00e5 grunn av attraksjonene.\" \/>\n<meta property=\"og:url\" content=\"https:\/\/laroni-real-estate.com\/esentepe\/\" \/>\n<meta property=\"og:site_name\" content=\"Vastus Ltd.\" \/>\n<meta property=\"article:modified_time\" content=\"2021-03-10T12:04:31+00:00\" \/>\n<meta name=\"twitter:card\" content=\"summary_large_image\" \/>\n<meta name=\"twitter:label1\" content=\"Est. reading time\" \/>\n\t<meta name=\"twitter:data1\" content=\"1 minute\" \/>\n<script type=\"application\/ld+json\" class=\"yoast-schema-graph\">{\"@context\":\"https:\/\/schema.org\",\"@graph\":[{\"@type\":\"WebPage\",\"@id\":\"https:\/\/laroni-real-estate.com\/esentepe\/\",\"url\":\"https:\/\/laroni-real-estate.com\/esentepe\/\",\"name\":\"Esentepe - the windy hill - is located at the north coast of northern cyprus\",\"isPartOf\":{\"@id\":\"https:\/\/laroni-real-estate.com\/#website\"},\"datePublished\":\"2021-02-17T10:49:00+00:00\",\"dateModified\":\"2021-03-10T12:04:31+00:00\",\"description\":\"Kyrenia ligger nord p\u00e5 Kypros og tiltrekker seg turister hovedsakelig p\u00e5 grunn av de hvite strendene, men ogs\u00e5 p\u00e5 grunn av attraksjonene.\",\"breadcrumb\":{\"@id\":\"https:\/\/laroni-real-estate.com\/esentepe\/#breadcrumb\"},\"inLanguage\":\"nb-NO\",\"potentialAction\":[{\"@type\":\"ReadAction\",\"target\":[\"https:\/\/laroni-real-estate.com\/esentepe\/\"]}]},{\"@type\":\"BreadcrumbList\",\"@id\":\"https:\/\/laroni-real-estate.com\/esentepe\/#breadcrumb\",\"itemListElement\":[{\"@type\":\"ListItem\",\"position\":1,\"name\":\"Startseite\",\"item\":\"https:\/\/laroni-real-estate.com\/no\/\"},{\"@type\":\"ListItem\",\"position\":2,\"name\":\"Esentepe\"}]},{\"@type\":\"WebSite\",\"@id\":\"https:\/\/laroni-real-estate.com\/#website\",\"url\":\"https:\/\/laroni-real-estate.com\/\",\"name\":\"Vastus Ltd.\",\"description\":\"\",\"potentialAction\":[{\"@type\":\"SearchAction\",\"target\":{\"@type\":\"EntryPoint\",\"urlTemplate\":\"https:\/\/laroni-real-estate.com\/?s={search_term_string}\"},\"query-input\":{\"@type\":\"PropertyValueSpecification\",\"valueRequired\":true,\"valueName\":\"search_term_string\"}}],\"inLanguage\":\"nb-NO\"}]}<\/script>\n<!-- \/ Yoast SEO plugin. -->","yoast_head_json":{"title":"Byen Kyrenia ligger i den nordlige delen av \u00f8ya Kypros","description":"Kyrenia ligger nord p\u00e5 Kypros og tiltrekker seg turister hovedsakelig p\u00e5 grunn av de hvite strendene, men ogs\u00e5 p\u00e5 grunn av attraksjonene.","robots":{"index":"index","follow":"follow","max-snippet":"max-snippet:-1","max-image-preview":"max-image-preview:large","max-video-preview":"max-video-preview:-1"},"canonical":"https:\/\/laroni-real-estate.com\/esentepe\/","og_locale":"nb_NO","og_type":"article","og_title":"Byen Kyrenia ligger i den nordlige delen av \u00f8ya Kypros","og_description":"Kyrenia ligger nord p\u00e5 Kypros og tiltrekker seg turister hovedsakelig p\u00e5 grunn av de hvite strendene, men ogs\u00e5 p\u00e5 grunn av attraksjonene.","og_url":"https:\/\/laroni-real-estate.com\/esentepe\/","og_site_name":"Vastus Ltd.","article_modified_time":"2021-03-10T12:04:31+00:00","twitter_card":"summary_large_image","twitter_misc":{"Est. reading time":"1 minute"},"schema":{"@context":"https:\/\/schema.org","@graph":[{"@type":"WebPage","@id":"https:\/\/laroni-real-estate.com\/esentepe\/","url":"https:\/\/laroni-real-estate.com\/esentepe\/","name":"Esentepe - the windy hill - is located at the north coast of northern cyprus","isPartOf":{"@id":"https:\/\/laroni-real-estate.com\/#website"},"datePublished":"2021-02-17T10:49:00+00:00","dateModified":"2021-03-10T12:04:31+00:00","description":"Kyrenia ligger nord p\u00e5 Kypros og tiltrekker seg turister hovedsakelig p\u00e5 grunn av de hvite strendene, men ogs\u00e5 p\u00e5 grunn av attraksjonene.","breadcrumb":{"@id":"https:\/\/laroni-real-estate.com\/esentepe\/#breadcrumb"},"inLanguage":"nb-NO","potentialAction":[{"@type":"ReadAction","target":["https:\/\/laroni-real-estate.com\/esentepe\/"]}]},{"@type":"BreadcrumbList","@id":"https:\/\/laroni-real-estate.com\/esentepe\/#breadcrumb","itemListElement":[{"@type":"ListItem","position":1,"name":"Startseite","item":"https:\/\/laroni-real-estate.com\/no\/"},{"@type":"ListItem","position":2,"name":"Esentepe"}]},{"@type":"WebSite","@id":"https:\/\/laroni-real-estate.com\/#website","url":"https:\/\/laroni-real-estate.com\/","name":"Vastus Ltd.","description":"","potentialAction":[{"@type":"SearchAction","target":{"@type":"EntryPoint","urlTemplate":"https:\/\/laroni-real-estate.com\/?s={search_term_string}"},"query-input":{"@type":"PropertyValueSpecification","valueRequired":true,"valueName":"search_term_string"}}],"inLanguage":"nb-NO"}]}},"_links":{"self":[{"href":"https:\/\/laroni-real-estate.com\/no\/wp-json\/wp\/v2\/pages\/1118","targetHints":{"allow":["GET"]}}],"collection":[{"href":"https:\/\/laroni-real-estate.com\/no\/wp-json\/wp\/v2\/pages"}],"about":[{"href":"https:\/\/laroni-real-estate.com\/no\/wp-json\/wp\/v2\/types\/page"}],"author":[{"embeddable":true,"href":"https:\/\/laroni-real-estate.com\/no\/wp-json\/wp\/v2\/users\/1"}],"replies":[{"embeddable":true,"href":"https:\/\/laroni-real-estate.com\/no\/wp-json\/wp\/v2\/comments?post=1118"}],"version-history":[{"count":16,"href":"https:\/\/laroni-real-estate.com\/no\/wp-json\/wp\/v2\/pages\/1118\/revisions"}],"predecessor-version":[{"id":1515,"href":"https:\/\/laroni-real-estate.com\/no\/wp-json\/wp\/v2\/pages\/1118\/revisions\/1515"}],"wp:attachment":[{"href":"https:\/\/laroni-real-estate.com\/no\/wp-json\/wp\/v2\/media?parent=1118"}],"curies":[{"name":"wp","href":"https:\/\/api.w.org\/{rel}","templated":true}]}}