{"id":644,"date":"2020-10-04T09:39:03","date_gmt":"2020-10-04T07:39:03","guid":{"rendered":"https:\/\/www.vastus.ltd\/?page_id=644"},"modified":"2021-02-26T09:50:00","modified_gmt":"2021-02-26T08:50:00","slug":"kyrenia","status":"publish","type":"page","link":"https:\/\/laroni-real-estate.com\/de\/kyrenia\/","title":{"rendered":"Kyrenia"},"content":{"rendered":"<p>[vc_row][vc_column][vc_column_text]<\/p>\n<h1>Kyrenia<\/h1>\n<p>[\/vc_column_text][vc_column_text]<\/p>\n<h2>\u00dcber Kyrenia<\/h2>\n<p>[\/vc_column_text][\/vc_column][\/vc_row][vc_row][vc_column width=&#8220;6\/12&#8243;][vc_column_text]Kyrenia liegt im Norden der Insel Zypern und z\u00e4hlt ungef\u00e4hr 33.000 Einwohner. Touristen kommen vor allem zum Badeurlaub, werden aber auch von der historischen Altstadt und dem Hafen angezogen.<\/p>\n<p>Im Sommer ist es dank des subtropischen Klimas fast immer warm und trocken. Die h\u00f6chste Durchschnittstemperatur betr\u00e4gt im Juli 33 Grad. Aber auch im Winter ist es, mit einer durchschnittlichen Temperatur von 15 Grad im Januar, sehr mild.[\/vc_column_text][\/vc_column][vc_column width=&#8220;1\/12&#8243;][\/vc_column][vc_column width=&#8220;5\/12&#8243;][vc_empty_space][vc_single_image image=&#8220;663&#8243; img_size=&#8220;full&#8220; alignment=&#8220;center&#8220; onclick=&#8220;link_image&#8220;][\/vc_column][\/vc_row][vc_row][vc_column width=&#8220;6\/12&#8243;][vc_single_image image=&#8220;662&#8243; img_size=&#8220;full&#8220; alignment=&#8220;center&#8220; onclick=&#8220;link_image&#8220;][\/vc_column][vc_column width=&#8220;1\/12&#8243;][\/vc_column][vc_column width=&#8220;5\/12&#8243;][vc_column_text]Kyrenia geh\u00f6rt zu den wenigen touristischen Gegenden an der Nordk\u00fcste Zyperns und wird bei Touristen immer beliebter. Wei\u00dfe Str\u00e4nde versprechen einen unvergesslichen Urlaub und das Meer ist ein Paradies f\u00fcr Taucher. Durch die Touristen hat sich ein munteres Nachtleben entwickelt. Neben zahlreichen Nachtklubs locken auch immer wieder Konzerte die Besucher an.[\/vc_column_text][\/vc_column][\/vc_row][vc_row][vc_column][vc_empty_space height=&#8220;100px&#8220;][vc_column_text]<\/p>\n<h2>Kyrenia Festung<\/h2>\n<p>[\/vc_column_text][\/vc_column][\/vc_row][vc_row][vc_column width=&#8220;6\/12&#8243;][vc_column_text]Viele G\u00e4ste erfreuen sich zudem an den kulturellen Sehensw\u00fcrdigkeiten der Stadt. Dazu z\u00e4hlen die Festung Kyrenia, die Georgskapelle und der Hafen.<\/p>\n<p>Die Festung wurde bereits im 7. Jahrhundert erbaut und im 10. und 12. Jahrhundert erweitert. Ihr heutiges Ansehen hat die Anlage unter den Venezianern erhalten, die sie w\u00e4hrend des Konflikts mit den Osmanen weiter ausbauten. Nachdem die Briten die Mauern als Gef\u00e4ngnis benutzt haben, ist die Festung seit den 1960er-Jahren Touristenattraktion und beherbergt verschiedene Museen. Im Schiffswrackmuseum ist das Wrack eines Schiffes, welches um 300 v. Chr. sank, zu bestaunen.[\/vc_column_text][\/vc_column][vc_column width=&#8220;1\/12&#8243;][\/vc_column][vc_column width=&#8220;5\/12&#8243;][vc_empty_space height=&#8220;50px&#8220;][vc_single_image image=&#8220;674&#8243; img_size=&#8220;full&#8220; alignment=&#8220;center&#8220; onclick=&#8220;link_image&#8220;][\/vc_column][\/vc_row][vc_row][vc_column width=&#8220;6\/12&#8243;][vc_empty_space][vc_single_image image=&#8220;658&#8243; img_size=&#8220;full&#8220; alignment=&#8220;center&#8220; onclick=&#8220;link_image&#8220;][\/vc_column][vc_column width=&#8220;1\/12&#8243;][\/vc_column][vc_column width=&#8220;5\/12&#8243;][vc_empty_space height=&#8220;70px&#8220;][vc_column_text]Im Innern der verwinkelten Anlage, befindet sich die byzantinische St.-Georg-Kapelle. Sie wurde im 12. Jahrhundert erbaut. Im Andachtsraum der Kirche befinden sich mehrere korinthische S\u00e4ulen.[\/vc_column_text][\/vc_column][\/vc_row][vc_row full_width=&#8220;stretch_row_content_no_spaces&#8220;][vc_column][vc_empty_space height=&#8220;100px&#8220;]\n\t\t\t<!-- START Leistungen Eyecatcher REVOLUTION SLIDER 6.5.7 --><p class=\"rs-p-wp-fix\"><\/p>\n\t\t\t<rs-module-wrap id=\"rev_slider_13_1_wrapper\" data-source=\"gallery\" style=\"visibility:hidden;background:transparent;padding:0;\">\n\t\t\t\t<rs-module id=\"rev_slider_13_1\" style=\"\" data-version=\"6.5.7\">\n\t\t\t\t\t<rs-slides>\n\t\t\t\t\t\t<rs-slide style=\"position: absolute;\" data-key=\"rs-24\" data-title=\"Slide\" data-anim=\"ms:1000;r:0;\" data-in=\"o:0;\" data-out=\"a:false;\">\n\t\t\t\t\t\t\t<img loading=\"lazy\" decoding=\"async\" src=\"\/\/laroni-real-estate.com\/wp-content\/plugins\/revslider\/public\/assets\/assets\/dummy.png\" title=\"Vastus-Immobilie-Drohnenaufnahme-04-1920&#215;1280\" width=\"1920\" height=\"1079\" class=\"rev-slidebg tp-rs-img rs-lazyload\" data-lazyload=\"\/\/www.vastus.ltd\/wp-content\/uploads\/2020\/08\/Vastus-Immobilie-Drohnenaufnahme-04-1920x1280-1.jpg\" data-parallax=\"15\" data-no-retina>\n<!---->\t\t\t\t\t\t<\/rs-slide>\n\t\t\t\t\t<\/rs-slides>\n\t\t\t\t<\/rs-module>\n\t\t\t\t<script type=\"text\/javascript\">\n\t\t\t\t\tsetREVStartSize({c: 'rev_slider_13_1',rl:[1240,1024,778,480],el:[1280],gw:[1920],gh:[1280],type:'standard',justify:'',layout:'fullscreen',offsetContainer:'',offset:'',mh:\"0\"});if (window.RS_MODULES!==undefined && window.RS_MODULES.modules!==undefined && window.RS_MODULES.modules[\"revslider131\"]!==undefined) {window.RS_MODULES.modules[\"revslider131\"].once = false;window.revapi13 = undefined;if (window.RS_MODULES.checkMinimal!==undefined) window.RS_MODULES.checkMinimal()}\n\t\t\t\t<\/script>\n\t\t\t<\/rs-module-wrap>\n\t\t\t<!-- END REVOLUTION SLIDER -->\n[vc_empty_space height=&#8220;100px&#8220;][\/vc_column][\/vc_row][vc_row][vc_column][vc_column_text]<\/p>\n<h2>Der Hafen<\/h2>\n<p>[\/vc_column_text][\/vc_column][\/vc_row][vc_row][vc_column width=&#8220;6\/12&#8243;][vc_column_text]Sehenswert ist auch der Hafen von Kyrenia. Am Kai liegen Caf\u00e9s, Bars, Bistros und Restaurants dicht beieinander \u2013 dazwischen einige Gesch\u00e4fte. Noch immer entladen die Fischer dort ihren Fang \u2013 gleich neben den Jachten, die dort in See stechen.<\/p>\n<p>Umgeben ist der halbrunde Hafen von zwei m\u00e4chtigen D\u00e4mmen. Auf dem westlichen thront ein kleiner, zierlicher, aber sehenswerter Leuchtturm.[\/vc_column_text][\/vc_column][vc_column width=&#8220;1\/12&#8243;][\/vc_column][vc_column width=&#8220;5\/12&#8243;][vc_single_image image=&#8220;659&#8243; img_size=&#8220;full&#8220; alignment=&#8220;center&#8220; onclick=&#8220;link_image&#8220;][\/vc_column][\/vc_row][vc_row][vc_column][vc_empty_space height=&#8220;100px&#8220;][\/vc_column][\/vc_row][vc_row][vc_column][vc_column_text]<\/p>\n<h2>Ruinen von Salamis<\/h2>\n<p>[\/vc_column_text][\/vc_column][\/vc_row][vc_row][vc_column width=&#8220;6\/12&#8243;][vc_column_text]\u00d6stlich der Stadt liegen die Ruinen von Salamis direkt am Meer. Sie zeugen von der Macht der einst reichsten und gr\u00f6\u00dften Stadt Zyperns. Zu bestaunen sind die beeindruckenden \u00dcberreste eines Amphitheaters &#8211; es bestand aus 50 Sitzreihen und bot Platz f\u00fcr 15.000 Besucher \u2013 verschiedene Basiliken, eine Latrinenanlage und prachtvolle S\u00e4ulen und Mosaike.[\/vc_column_text][\/vc_column][vc_column width=&#8220;1\/12&#8243;][\/vc_column][vc_column width=&#8220;5\/12&#8243;][vc_single_image image=&#8220;660&#8243; img_size=&#8220;full&#8220; alignment=&#8220;center&#8220; onclick=&#8220;link_image&#8220;][\/vc_column][\/vc_row][vc_row][vc_column][vc_empty_space height=&#8220;100px&#8220;][\/vc_column][\/vc_row][vc_row][vc_column width=&#8220;1\/6&#8243;][\/vc_column][vc_column width=&#8220;2\/3&#8243;]\n<div class=\"wpcf7 no-js\" id=\"wpcf7-f569-o1\" lang=\"de-DE\" dir=\"ltr\" data-wpcf7-id=\"569\">\n<div class=\"screen-reader-response\"><p role=\"status\" aria-live=\"polite\" aria-atomic=\"true\"><\/p> <ul><\/ul><\/div>\n<form action=\"\/de\/wp-json\/wp\/v2\/pages\/644#wpcf7-f569-o1\" method=\"post\" class=\"wpcf7-form init\" aria-label=\"Kontaktformular\" novalidate=\"novalidate\" data-status=\"init\">\n<fieldset class=\"hidden-fields-container\"><input type=\"hidden\" name=\"_wpcf7\" value=\"569\" \/><input type=\"hidden\" name=\"_wpcf7_version\" value=\"6.1.2\" \/><input type=\"hidden\" name=\"_wpcf7_locale\" value=\"de_DE\" \/><input type=\"hidden\" name=\"_wpcf7_unit_tag\" value=\"wpcf7-f569-o1\" \/><input type=\"hidden\" name=\"_wpcf7_container_post\" value=\"0\" \/><input type=\"hidden\" name=\"_wpcf7_posted_data_hash\" value=\"\" \/>\n<\/fieldset>\n<p><label><span class=\"wpcf7-form-control-wrap\" data-name=\"your-name\"><input size=\"40\" maxlength=\"400\" class=\"wpcf7-form-control wpcf7-text wpcf7-validates-as-required\" aria-required=\"true\" aria-invalid=\"false\" placeholder=\"Vor- &amp; Nachname (Pflichtfeld)\" value=\"\" type=\"text\" name=\"your-name\" \/><\/span><\/label>\n<\/p>\n<p><label><span class=\"wpcf7-form-control-wrap\" data-name=\"telefon-mobil\"><input size=\"40\" maxlength=\"400\" class=\"wpcf7-form-control wpcf7-tel wpcf7-text wpcf7-validates-as-tel\" aria-invalid=\"false\" placeholder=\"Telefon\/ Mobilnummer\" value=\"\" type=\"tel\" name=\"telefon-mobil\" \/><\/span><\/label>\n<\/p>\n<p><label><span class=\"wpcf7-form-control-wrap\" data-name=\"your-email\"><input size=\"40\" maxlength=\"400\" class=\"wpcf7-form-control wpcf7-email wpcf7-validates-as-required wpcf7-text wpcf7-validates-as-email\" aria-required=\"true\" aria-invalid=\"false\" placeholder=\"Email (Pflichtfeld)\" value=\"\" type=\"email\" name=\"your-email\" \/><\/span><\/label>\n<\/p>\n<p><label><span class=\"wpcf7-form-control-wrap\" data-name=\"your-subject\"><input size=\"40\" maxlength=\"400\" class=\"wpcf7-form-control wpcf7-text\" aria-invalid=\"false\" placeholder=\"Betreff\" value=\"\" type=\"text\" name=\"your-subject\" \/><\/span><\/label>\n<\/p>\n<p><label><span class=\"wpcf7-form-control-wrap\" data-name=\"your-message\"><textarea cols=\"40\" rows=\"10\" maxlength=\"2000\" class=\"wpcf7-form-control wpcf7-textarea\" aria-invalid=\"false\" placeholder=\"Nachricht\" name=\"your-message\"><\/textarea><\/span> <\/label>\n<\/p>\n<p><span class=\"wpcf7-form-control-wrap\" data-name=\"Datenschutz\"><span class=\"wpcf7-form-control wpcf7-acceptance\"><span class=\"wpcf7-list-item\"><label><input type=\"checkbox\" name=\"Datenschutz\" value=\"1\" aria-invalid=\"false\" \/><span class=\"wpcf7-list-item-label\">Ich habe die Datenschutzbestimmung gelesen & akzeptiert.<\/span><\/label><\/span><\/span><\/span>\n<\/p>\n<p><input class=\"wpcf7-form-control wpcf7-submit has-spinner\" type=\"submit\" value=\"Senden\" \/>\n<\/p><p style=\"display: none !important;\" class=\"akismet-fields-container\" data-prefix=\"_wpcf7_ak_\"><label>&#916;<textarea name=\"_wpcf7_ak_hp_textarea\" cols=\"45\" rows=\"8\" maxlength=\"100\"><\/textarea><\/label><input type=\"hidden\" id=\"ak_js_1\" name=\"_wpcf7_ak_js\" value=\"238\"\/><script>document.getElementById( \"ak_js_1\" ).setAttribute( \"value\", ( new Date() ).getTime() );<\/script><\/p><div class=\"wpcf7-response-output\" aria-hidden=\"true\"><\/div>\n<\/form>\n<\/div>\n[\/vc_column][vc_column width=&#8220;1\/6&#8243;][\/vc_column][\/vc_row]<\/p>\n","protected":false},"excerpt":{"rendered":"<p>[vc_row][vc_column][vc_column_text] Kyrenia [\/vc_column_text][vc_column_text] \u00dcber Kyrenia [\/vc_column_text][\/vc_column][\/vc_row][vc_row][vc_column width=&#8220;6\/12&#8243;][vc_column_text]Kyrenia liegt im Norden der Insel Zypern und z\u00e4hlt ungef\u00e4hr 33.000 Einwohner. Touristen kommen vor allem zum Badeurlaub, werden aber auch von der historischen Altstadt und dem Hafen angezogen. Im Sommer ist es dank des subtropischen Klimas fast immer warm und trocken. Die h\u00f6chste Durchschnittstemperatur betr\u00e4gt im Juli 33&hellip;<\/p>\n","protected":false},"author":1,"featured_media":0,"parent":0,"menu_order":0,"comment_status":"closed","ping_status":"closed","template":"","meta":{"_joinchat":[],"footnotes":""},"class_list":["post-644","page","type-page","status-publish","hentry","description-off"],"translation":{"provider":"WPGlobus","version":"3.0.0","language":"de","enabled_languages":["en","de","tr","sv","ru","ar","gr","no","fr","es"],"languages":{"en":{"title":true,"content":true,"excerpt":false},"de":{"title":true,"content":true,"excerpt":false},"tr":{"title":true,"content":true,"excerpt":false},"sv":{"title":true,"content":true,"excerpt":false},"ru":{"title":true,"content":true,"excerpt":false},"ar":{"title":true,"content":true,"excerpt":false},"gr":{"title":true,"content":true,"excerpt":false},"no":{"title":true,"content":true,"excerpt":false},"fr":{"title":false,"content":false,"excerpt":false},"es":{"title":false,"content":false,"excerpt":false}}},"yoast_head":"<!-- This site is optimized with the Yoast SEO plugin v26.0 - https:\/\/yoast.com\/wordpress\/plugins\/seo\/ -->\n<title>Die Stadt Kyrenia liegt im n\u00f6rdlichen Teil der Insel Zypern.<\/title>\n<meta name=\"description\" content=\"Kyrenia liegt im Norden Zyperns und zieht seine Touristen vor allem wegen der wei\u00dfen Str\u00e4nde aber auch wegen der Attraktionen an.\" \/>\n<meta name=\"robots\" content=\"index, follow, max-snippet:-1, max-image-preview:large, max-video-preview:-1\" \/>\n<link rel=\"canonical\" href=\"https:\/\/laroni-real-estate.com\/kyrenia\/\" \/>\n<meta property=\"og:locale\" content=\"de_DE\" \/>\n<meta property=\"og:type\" content=\"article\" \/>\n<meta property=\"og:title\" content=\"Die Stadt Kyrenia liegt im n\u00f6rdlichen Teil der Insel Zypern.\" \/>\n<meta property=\"og:description\" content=\"Kyrenia liegt im Norden Zyperns und zieht seine Touristen vor allem wegen der wei\u00dfen Str\u00e4nde aber auch wegen der Attraktionen an.\" \/>\n<meta property=\"og:url\" content=\"https:\/\/laroni-real-estate.com\/kyrenia\/\" \/>\n<meta property=\"og:site_name\" content=\"Vastus Ltd.\" \/>\n<meta property=\"article:modified_time\" content=\"2021-02-26T08:50:00+00:00\" \/>\n<meta name=\"twitter:card\" content=\"summary_large_image\" \/>\n<meta name=\"twitter:label1\" content=\"Gesch\u00e4tzte Lesezeit\" \/>\n\t<meta name=\"twitter:data1\" content=\"2\u00a0Minuten\" \/>\n<script type=\"application\/ld+json\" class=\"yoast-schema-graph\">{\"@context\":\"https:\/\/schema.org\",\"@graph\":[{\"@type\":\"WebPage\",\"@id\":\"https:\/\/laroni-real-estate.com\/kyrenia\/\",\"url\":\"https:\/\/laroni-real-estate.com\/kyrenia\/\",\"name\":\"The city Kyrenia in the northern part of the island of Cyprus.\",\"isPartOf\":{\"@id\":\"https:\/\/laroni-real-estate.com\/#website\"},\"datePublished\":\"2020-10-04T07:39:03+00:00\",\"dateModified\":\"2021-02-26T08:50:00+00:00\",\"description\":\"Kyrenia liegt im Norden Zyperns und zieht seine Touristen vor allem wegen der wei\u00dfen Str\u00e4nde aber auch wegen der Attraktionen an.\",\"breadcrumb\":{\"@id\":\"https:\/\/laroni-real-estate.com\/kyrenia\/#breadcrumb\"},\"inLanguage\":\"de\",\"potentialAction\":[{\"@type\":\"ReadAction\",\"target\":[\"https:\/\/laroni-real-estate.com\/kyrenia\/\"]}]},{\"@type\":\"BreadcrumbList\",\"@id\":\"https:\/\/laroni-real-estate.com\/kyrenia\/#breadcrumb\",\"itemListElement\":[{\"@type\":\"ListItem\",\"position\":1,\"name\":\"Startseite\",\"item\":\"https:\/\/laroni-real-estate.com\/no\/\"},{\"@type\":\"ListItem\",\"position\":2,\"name\":\"Kyrenia\"}]},{\"@type\":\"WebSite\",\"@id\":\"https:\/\/laroni-real-estate.com\/#website\",\"url\":\"https:\/\/laroni-real-estate.com\/\",\"name\":\"Vastus Ltd.\",\"description\":\"\",\"potentialAction\":[{\"@type\":\"SearchAction\",\"target\":{\"@type\":\"EntryPoint\",\"urlTemplate\":\"https:\/\/laroni-real-estate.com\/?s={search_term_string}\"},\"query-input\":{\"@type\":\"PropertyValueSpecification\",\"valueRequired\":true,\"valueName\":\"search_term_string\"}}],\"inLanguage\":\"de\"}]}<\/script>\n<!-- \/ Yoast SEO plugin. -->","yoast_head_json":{"title":"Die Stadt Kyrenia liegt im n\u00f6rdlichen Teil der Insel Zypern.","description":"Kyrenia liegt im Norden Zyperns und zieht seine Touristen vor allem wegen der wei\u00dfen Str\u00e4nde aber auch wegen der Attraktionen an.","robots":{"index":"index","follow":"follow","max-snippet":"max-snippet:-1","max-image-preview":"max-image-preview:large","max-video-preview":"max-video-preview:-1"},"canonical":"https:\/\/laroni-real-estate.com\/kyrenia\/","og_locale":"de_DE","og_type":"article","og_title":"Die Stadt Kyrenia liegt im n\u00f6rdlichen Teil der Insel Zypern.","og_description":"Kyrenia liegt im Norden Zyperns und zieht seine Touristen vor allem wegen der wei\u00dfen Str\u00e4nde aber auch wegen der Attraktionen an.","og_url":"https:\/\/laroni-real-estate.com\/kyrenia\/","og_site_name":"Vastus Ltd.","article_modified_time":"2021-02-26T08:50:00+00:00","twitter_card":"summary_large_image","twitter_misc":{"Gesch\u00e4tzte Lesezeit":"2\u00a0Minuten"},"schema":{"@context":"https:\/\/schema.org","@graph":[{"@type":"WebPage","@id":"https:\/\/laroni-real-estate.com\/kyrenia\/","url":"https:\/\/laroni-real-estate.com\/kyrenia\/","name":"The city Kyrenia in the northern part of the island of Cyprus.","isPartOf":{"@id":"https:\/\/laroni-real-estate.com\/#website"},"datePublished":"2020-10-04T07:39:03+00:00","dateModified":"2021-02-26T08:50:00+00:00","description":"Kyrenia liegt im Norden Zyperns und zieht seine Touristen vor allem wegen der wei\u00dfen Str\u00e4nde aber auch wegen der Attraktionen an.","breadcrumb":{"@id":"https:\/\/laroni-real-estate.com\/kyrenia\/#breadcrumb"},"inLanguage":"de","potentialAction":[{"@type":"ReadAction","target":["https:\/\/laroni-real-estate.com\/kyrenia\/"]}]},{"@type":"BreadcrumbList","@id":"https:\/\/laroni-real-estate.com\/kyrenia\/#breadcrumb","itemListElement":[{"@type":"ListItem","position":1,"name":"Startseite","item":"https:\/\/laroni-real-estate.com\/no\/"},{"@type":"ListItem","position":2,"name":"Kyrenia"}]},{"@type":"WebSite","@id":"https:\/\/laroni-real-estate.com\/#website","url":"https:\/\/laroni-real-estate.com\/","name":"Vastus Ltd.","description":"","potentialAction":[{"@type":"SearchAction","target":{"@type":"EntryPoint","urlTemplate":"https:\/\/laroni-real-estate.com\/?s={search_term_string}"},"query-input":{"@type":"PropertyValueSpecification","valueRequired":true,"valueName":"search_term_string"}}],"inLanguage":"de"}]}},"_links":{"self":[{"href":"https:\/\/laroni-real-estate.com\/de\/wp-json\/wp\/v2\/pages\/644","targetHints":{"allow":["GET"]}}],"collection":[{"href":"https:\/\/laroni-real-estate.com\/de\/wp-json\/wp\/v2\/pages"}],"about":[{"href":"https:\/\/laroni-real-estate.com\/de\/wp-json\/wp\/v2\/types\/page"}],"author":[{"embeddable":true,"href":"https:\/\/laroni-real-estate.com\/de\/wp-json\/wp\/v2\/users\/1"}],"replies":[{"embeddable":true,"href":"https:\/\/laroni-real-estate.com\/de\/wp-json\/wp\/v2\/comments?post=644"}],"version-history":[{"count":75,"href":"https:\/\/laroni-real-estate.com\/de\/wp-json\/wp\/v2\/pages\/644\/revisions"}],"predecessor-version":[{"id":1396,"href":"https:\/\/laroni-real-estate.com\/de\/wp-json\/wp\/v2\/pages\/644\/revisions\/1396"}],"wp:attachment":[{"href":"https:\/\/laroni-real-estate.com\/de\/wp-json\/wp\/v2\/media?parent=644"}],"curies":[{"name":"wp","href":"https:\/\/api.w.org\/{rel}","templated":true}]}}