{"id":453,"date":"2018-10-23T08:32:11","date_gmt":"2018-10-23T06:32:11","guid":{"rendered":"http:\/\/www.vastus.ltd\/?page_id=453"},"modified":"2021-03-11T14:42:13","modified_gmt":"2021-03-11T13:42:13","slug":"datenschutzerklaerung","status":"publish","type":"page","link":"https:\/\/laroni-real-estate.com\/de\/datenschutzerklaerung\/","title":{"rendered":"Datenschutzerkl\u00e4rung"},"content":{"rendered":"<p>[vc_row][vc_column][vc_column_text]<\/p>\n<h1>Datenschutzerkl\u00e4rung<\/h1>\n<p>[\/vc_column_text][\/vc_column][\/vc_row][vc_row][vc_column][vc_column_text]\u00a7 1 Information \u00fcber die Erhebung personenbezogener Daten<\/p>\n<p>1) Im Weiteren informieren wir \u00fcber die Erhebung personenbezogener Daten bei der Nutzung dieser Website. Personenbezogene Daten sind alle Daten, die auf Sie pers\u00f6nlich beziehbar sind, z.\u2009B. Name, Adresse, E-Mail-Adressen, Nutzerverhalten.<\/p>\n<p>2) Verantwortlicher gem. Art. 4 Abs. 7 EU-Datenschutz-Grundverordnung (DS-GVO) ist die<\/p>\n<p>Vastus Ltd.<\/p>\n<p>Chrysanthou Mylona, 16<\/p>\n<p>1st floor, flat\/office 101<\/p>\n<p>Akropoli, 2014, Nicosia<\/p>\n<p>Cyprus<\/p>\n<p>3) Bei Ihrer Kontaktaufnahme mit uns per E-Mail oder mittels Kontaktformulars werden die uns mitgeteilten Daten (e-mail-Adresse, ggf. Ihr Name und\/oder Adresse; ggfl. auch Telefonnummer) von uns gespeichert, um Ihre Anliegen zu bearbeiten. Die Angabe weiterer Informationen ist freiwillig und erleichtert uns lediglich die Kontaktaufnahme zur Bearbeitung Ihrer Anliegen Ihrer Anfrage. Die in diesem Zusammenhang anfallenden Daten werden von uns gel\u00f6scht, nachdem die Speicherung nicht mehr notwendig ist, oder wir schr\u00e4nken die Verarbeitung ein, sollten gesetzliche Aufbewahrungspflichten bestehen.<br \/>\n4) Sollten wir f\u00fcr einzelne Funktionen unseres Angebots auf beauftragte Dienstleister zur\u00fcckgreifen oder Ihre Daten f\u00fcr werbliche Zwecke nutzen, werden wir Sie im Weiteren \u00fcber die jeweiligen Vorg\u00e4nge unterrichten.<\/p>\n<p><strong>\u00a7 2 Ihre Rechte <\/strong><\/p>\n<p>1)Hinsichtlich der Sie betreffenden pers\u00f6nlichen Daten stehen Ihnen folgende Rechte zu:<br \/>\n\u2013 Recht auf Auskunft,<br \/>\n\u2013 Recht auf Berichtigung oder L\u00f6schung,<br \/>\n\u2013 Recht auf Einschr\u00e4nkung der Verarbeitung, Recht auf Widerspruch gegen die Verarbeitung,<br \/>\n\u2013 Recht auf Daten\u00fcbertragbarkeit.<\/p>\n<p>2) Zudem sind Sie berechtigt, sich bei einer Datenschutz-Aufsichtsbeh\u00f6rde \u00fcber die Verarbeitung Ihrer personenbezogenen Daten durch uns zu beschweren.<\/p>\n<p><strong><br \/>\n\u00a7 3 Erhebung personenbezogener Daten bei Besuch unserer Website <\/strong><\/p>\n<p>1)Bei einem nur informatorischen Besuch unserer Website, also wenn Sie sich weder registrieren noch uns anderweitig Informationen \u00fcbermitteln, werden nur die personenbezogenen Daten erhoben, die Ihr Browser an unseren Server \u00fcbertr\u00e4gt.<\/p>\n<p>Es handelt sich um folgende Daten, die technisch erforderlich sind, um Ihnen die Website anzuzeigen und deren Stabilit\u00e4t und Sicherheit zu garantieren ( Art. 6 Abs. 1 S. 1 lit. f DS-GVO):<\/p>\n<ul>\n<li>IP-Adresse<\/li>\n<li>Datum und Uhrzeit der Anfrage<\/li>\n<li>Zeitzonendifferenz zur Greenwich Mean Time (GMT)<\/li>\n<li>Inhalt der Anforderung (konkrete Seite)<\/li>\n<li>Zugriffsstatus\/HTTP-Statuscode<\/li>\n<li>jeweils \u00fcbertragene Datenmenge<\/li>\n<li>Website, von der die Anforderung kommt<\/li>\n<li>Browser<\/li>\n<li>Betriebssystem und dessen Oberfl\u00e4che<\/li>\n<li>Sprache und Version der Browsersoftware.<\/li>\n<\/ul>\n<p>2) Zus\u00e4tzlich werden bei der Nutzung unserer Website Cookies auf Ihrem Rechner gespeichert.<br \/>\nCookies sind kleine Textdateien, die auf Ihrer Festplatte dem von Ihnen genutzten Browser zugeordnet und dort gespeichert werden und dadurch denjenigen, die den Cookie verwenden (vorliegend w\u00e4ren das wir), bestimmte Informationen zuflie\u00dfen. Cookies k\u00f6nnen keine Programme ausf\u00fchren oder Viren \u00fcbertragen. Sie dienen nur dazu, das Internetangebot insgesamt nutzerfreundlicher und effektiver zu gestalten.<\/p>\n<p>(3) Einsatz von Cookies:<\/p>\n<p>a) Wir nutzen folgende Arten von Cookies, deren Umfang und Funktionsweise wir im Weiteren wie folgt erl\u00e4utern:<br \/>\nTransiente Cookies (siehe \u00a0b)<br \/>\nPersistente Cookies (siehe c).<\/p>\n<p>b) Transiente Cookies.<\/p>\n<p>Diese werden automatisch gel\u00f6scht, wenn Sie den Browser wieder schlie\u00dfen. Dazu z\u00e4hlen vor allem die sogenannten Session-Cookies. Diese speichern eine Session-ID, mit der sich verschiedene Anfragen Ihres Browsers der jeweiligen Sitzung (also dem jeweiligen Besuch der Website) zuordnen lassen. Dadurch wird Ihr Rechner, wenn Sie die Website erneut besuchen. Session-Cookies werden gel\u00f6scht, wenn Sie sich ausloggen oder den Browser schlie\u00dfen.<\/p>\n<p>c) Persistente Cookies werden automatisch nach einer vorgegebenen Dauer gel\u00f6scht, die sich je nach Cookie unterscheiden kann. Sie k\u00f6nnen die Cookies in den Sicherheitseinstellungen Ihres Browsers jederzeit l\u00f6schen.<\/p>\n<p>d) Sie k\u00f6nnen Ihre Browser-Einstellung nach Ihren W\u00fcnschen konfigurieren und z.\u2009B. die Annahme von \u201eThird-Party-Cookies\u201c oder grunds\u00e4tzlich allen Cookies ablehnen. Allerdings m\u00fcssen wie Sie darauf hinweisen, dass Sie dann eventuell nicht alle Funktionen unserer Website nutzen k\u00f6nnen.<\/p>\n<p>e) Cookies werden von uns eingesetzt, um Sie bzw. Ihren Rechner bei eventuellen Folgebesuchen wieder erkennen zu k\u00f6nnen, sollten Sie \u00fcber einen Account bei uns verf\u00fcgen. Andernfalls m\u00fcssten Sie sich f\u00fcr jeden Besuch erneut einloggen.<\/p>\n<p><strong>\u00a7 4 Weitere Funktionen und Angebote unserer Website <\/strong><\/p>\n<ul>\n<li>(1)Neben der rein informatorischen Nutzung unserer Website kann die Website auch verschiedene Leistungen anbieten, die bei Interesse genutzt werden k\u00f6nnen. Dazu m\u00fcssen dann in der Regel weitere personenbezogene Daten angeben werden, die zum Erbringen der jeweiligen Leistung genutzt werden und f\u00fcr die die vorgenannten Grunds\u00e4tze zur Datenverarbeitung gelten.<\/li>\n<li>(2) Teilweise bedienen wir uns zur Verarbeitung Ihrer Daten externer Dienstleister. Diese werden von uns sorgf\u00e4ltig ausgew\u00e4hlt, sind an unsere Weisungen gebunden und werden regelm\u00e4\u00dfig von uns kontrolliert.<\/li>\n<li>(3) Weiterhin sind wir berechtigt, Ihre personenbezogenen Daten an Dritte weiter zu geben, soweit die Teilnahme an \u00a0Aktionen, Gewinnspiele, Vertragsabschl\u00fcsse oder \u00e4hnliche Leistungen von uns gemeinsam mit Dritten angeboten werden.<\/li>\n<li>(4) Soweit Dienstleister oder Partner ihren Sitz in einem Staat au\u00dferhalb des Europ\u00e4ischen Wirtschaftsraumen (EWR) haben, also au\u00dferhalb der G\u00fcltigkeit der DS -GVO , so werden \u00fcber die Folgen dieses Umstands in der Beschreibung des jeweiligen Angebotes unterrichtet.<\/li>\n<\/ul>\n<p><strong>\u00a7 5 Widerspruch oder Widerruf gegen die Verarbeitung Ihrer Daten <\/strong><\/p>\n<ul>\n<li>Falls eine Einwilligung zur Verarbeitung Ihrer Daten erteilt wurde, k\u00f6nnen Sie diese jederzeit widerrufen. Der Widerruf beeinflusst die Zul\u00e4ssigkeit der Verarbeitung Ihrer personenbezogenen Daten, nachdem er uns gegen\u00fcber erkl\u00e4rt wurde.<\/li>\n<li>(2) Soweit wir die Verarbeitung Ihrer personenbezogenen Daten auf eine Interessenabw\u00e4gung st\u00fctzen, k\u00f6nnen Sie Widerspruch gegen die Verarbeitung der Daten einlegen. Dies ist der insbesondere dann der Fall, wenn die Verarbeitung nicht zur Erf\u00fcllung eines Vertrags mit Ihnen erforderlich ist. Bei Aus\u00fcbung eines solchen Widerspruchs bitten wir h\u00f6flichst um Darlegung der Gr\u00fcnde, weshalb wir Ihre personenbezogenen Daten nicht verarbeiten sollten. Im Falle eines begr\u00fcndeten Widerspruchs werden wir entweder die Datenverarbeitung einstellen bzw. anpassen oder Ihnen unsere schutzw\u00fcrdigen Gr\u00fcnde aufzeigen, aufgrund derer wir die Verarbeitung der Daten f\u00fcr priorit\u00e4r erachten.<\/li>\n<li>(3) Sie k\u00f6nnen der Verarbeitung Ihrer personenbezogenen Daten f\u00fcr Zwecke der Werbung und Datenanalyse jederzeit widersprechen. \u00dcber Ihren Werbewiderspruch k\u00f6nnen Sie uns unter folgenden Kontaktdaten informieren: schriftlich an:<\/li>\n<\/ul>\n<p>Chrysanthou Mylona, 16<\/p>\n<p>1st floor, flat\/office 101<\/p>\n<p>Akropoli, 2014, Nicosia<\/p>\n<p>Cyprus<\/p>\n<p><strong>\u00a7 6 Einsatz von Google Analytics <\/strong><\/p>\n<ul>\n<li>Diese Website benutzt Google Analytics, einen Webanalysedienst der Google Inc. Google Analytics verwendet sog. \u201eCookies\u201c, Textdateien, die auf Ihrem Computer gespeichert werden und die eine Analyse der Benutzung der Website erlauben. Die durch den Cookie erzeugten Informationen \u00fcber Die Benutzung dieser Website wird in der Regel an einen Server von Google in den USA \u00fcbertragen und dort gespeichert. Im Falle der Aktivierung der Funktion der IP-Anonymisierung wird Ihre IP-Adresse von Google jedoch innerhalb von Mitgliedstaaten der Europ\u00e4ischen Union oder in anderen Vertragsstaaten des Abkommens \u00fcber den Europ\u00e4ischen Wirtschaftsraum gek\u00fcrzt. Nur in Ausnahmef\u00e4llen wird die volle IP-Adresse an einen Server von Google in den USA \u00fcbertragen und dort gek\u00fcrzt. Im Auftrag des Betreibers dieser Website wird Google diese Informationen benutzen, um die Nutzung der Website auszuwerten, um Reports \u00fcber die Website-Aktivit\u00e4ten zusammenzustellen und um weitere mit der Website-Nutzung und der Internetnutzung verbundene Dienstleistungen gegen\u00fcber dem Betreiber zu erbringen.<\/li>\n<li>(2) Die im Rahmen von Google Analytics von Ihrem Browser \u00fcbermittelte IP-Adresse wird nicht mit anderen Daten von Google zusammengef\u00fchrt.<\/li>\n<li>(3) Sie k\u00f6nnen die Speicherung der Cookies durch eine entsprechende Einstellung Ihrer Browser-Software verhindern.<\/li>\n<\/ul>\n<p>Wir weisen jedoch darauf hin, dass in diesem Fall gegebenenfalls nicht alle \u00a0Funktionen dieser Website vollumf\u00e4nglich werden nutzen k\u00f6nnen. Sie k\u00f6nnen dar\u00fcber hinaus die Erfassung der durch das Cookie erzeugten und auf Ihre Nutzung der Website bezogenen Daten (inkl. Ihrer IP-Adresse) an Google sowie die Verarbeitung dieser Daten durch Google verhindern, indem sie das unter dem folgenden Link verf\u00fcgbare Browser-Plug-in herunterladen und installieren: <a href=\"http:\/\/tools.google.com\/dlpage\/gaoptout?hl=de\">Browser-Plugin<\/a><\/p>\n<ul>\n<li>(4) Diese Website verwendet Google Analytics mit der Erweiterung \u201eanonymizeIp\u201c. Dadurch werden IP-Adressen gek\u00fcrzt weiterverarbeitet, eine Personenbeziehbarkeit kann damit ausgeschlossen werden. Soweit den \u00fcber Sie erhobenen Daten ein Personenbezug zukommt, wird dieser damit ausgeschlossen und die personenbezogenen Daten damit sogleich gel\u00f6scht.<br \/>\nSie k\u00f6nnen die Erfassung durch Google Analytics auch verhindern, indem Sie auf folgenden Link klicken. Es wird ein Opt-Out-Cookie gesetzt, der die zuk\u00fcnftige Erfassung Ihrer Daten beim Besuch dieser Website verhindert. <a>Google Analytics deaktivieren<\/a><\/li>\n<li>(5)\u00a0 Google Analytics wird von uns genutzt, um das Nutzerverhalten auf der Website analysieren und verbessern zu k\u00f6nnen. \u00dcber die gewonnenen Statistiken k\u00f6nnen wir unser Angebot verbessern und f\u00fcr Nutzer interessanter oder anwendungsfreundlicher gestalten. F\u00fcr die Ausnahmef\u00e4lle, in denen personenbezogene Daten in die USA \u00fcbertragen werden, hat sich Google dem EU-US Privacy Shield unterworfen, https:\/\/www.privacyshield.gov\/EU-US-Framework. Rechtsgrundlage f\u00fcr die Nutzung von Google Analytics ist Art. 6 Abs. 1 S. 1 lit. f DS-GVO.<\/li>\n<li>(6) Informationen des Drittanbieters: Google Dublin, Google Ireland Ltd., Gordon House, Barrow Street, Dublin 4, Ireland, Fax: +353 (1) 436\u20091001. <a href=\"http:\/\/www.google.com\/analytics\/terms\/de.html\">Nutzerbedingungen<\/a>, <a href=\"http:\/\/www.google.com\/intl\/de\/analytics\/learn\/privacy.html\">\u00dcbersicht zum Datenschutz<\/a>, sowie die <a href=\"http:\/\/www.google.de\/intl\/de\/policies\/privacy\">Datenschutzerkl\u00e4rung<\/a>.<\/li>\n<\/ul>\n<p>[\/vc_column_text][\/vc_column][\/vc_row]<\/p>\n","protected":false},"excerpt":{"rendered":"<p>[vc_row][vc_column][vc_column_text] Datenschutzerkl\u00e4rung [\/vc_column_text][\/vc_column][\/vc_row][vc_row][vc_column][vc_column_text]\u00a7 1 Information \u00fcber die Erhebung personenbezogener Daten 1) Im Weiteren informieren wir \u00fcber die Erhebung personenbezogener Daten bei der Nutzung dieser Website. Personenbezogene Daten sind alle Daten, die auf Sie pers\u00f6nlich beziehbar sind, z.\u2009B. Name, Adresse, E-Mail-Adressen, Nutzerverhalten. 2) Verantwortlicher gem. Art. 4 Abs. 7 EU-Datenschutz-Grundverordnung (DS-GVO) ist die Vastus Ltd. Chrysanthou&hellip;<\/p>\n","protected":false},"author":1,"featured_media":0,"parent":0,"menu_order":0,"comment_status":"closed","ping_status":"closed","template":"","meta":{"_joinchat":[],"footnotes":""},"class_list":["post-453","page","type-page","status-publish","hentry","description-off"],"translation":{"provider":"WPGlobus","version":"3.0.0","language":"de","enabled_languages":["en","de","tr","sv","ru","ar","gr","no","fr","es"],"languages":{"en":{"title":true,"content":true,"excerpt":false},"de":{"title":true,"content":true,"excerpt":false},"tr":{"title":true,"content":true,"excerpt":false},"sv":{"title":false,"content":false,"excerpt":false},"ru":{"title":true,"content":true,"excerpt":false},"ar":{"title":true,"content":true,"excerpt":false},"gr":{"title":true,"content":true,"excerpt":false},"no":{"title":false,"content":false,"excerpt":false},"fr":{"title":false,"content":false,"excerpt":false},"es":{"title":false,"content":false,"excerpt":false}}},"yoast_head":"<!-- This site is optimized with the Yoast SEO plugin v26.0 - https:\/\/yoast.com\/wordpress\/plugins\/seo\/ -->\n<title>Datenschutzerkl\u00e4rung - Vastus Ltd.<\/title>\n<meta name=\"robots\" content=\"index, follow, max-snippet:-1, max-image-preview:large, max-video-preview:-1\" \/>\n<link rel=\"canonical\" href=\"https:\/\/laroni-real-estate.com\/fr\/datenschutzerklaerung\/\" \/>\n<meta property=\"og:locale\" content=\"de_DE\" \/>\n<meta property=\"og:type\" content=\"article\" \/>\n<meta property=\"og:title\" content=\"Datenschutzerkl\u00e4rung - Vastus Ltd.\" \/>\n<meta property=\"og:url\" content=\"https:\/\/laroni-real-estate.com\/fr\/datenschutzerklaerung\/\" \/>\n<meta property=\"og:site_name\" content=\"Vastus Ltd.\" \/>\n<meta property=\"article:modified_time\" content=\"2021-03-11T13:42:13+00:00\" \/>\n<meta name=\"twitter:card\" content=\"summary_large_image\" \/>\n<meta name=\"twitter:label1\" content=\"Gesch\u00e4tzte Lesezeit\" \/>\n\t<meta name=\"twitter:data1\" content=\"7\u00a0Minuten\" \/>\n<script type=\"application\/ld+json\" class=\"yoast-schema-graph\">{\"@context\":\"https:\/\/schema.org\",\"@graph\":[{\"@type\":\"WebPage\",\"@id\":\"https:\/\/laroni-real-estate.com\/fr\/datenschutzerklaerung\/\",\"url\":\"https:\/\/laroni-real-estate.com\/fr\/datenschutzerklaerung\/\",\"name\":\"Datenschutzerkl\u00e4rung - Vastus Ltd.\",\"isPartOf\":{\"@id\":\"https:\/\/laroni-real-estate.com\/#website\"},\"datePublished\":\"2018-10-23T06:32:11+00:00\",\"dateModified\":\"2021-03-11T13:42:13+00:00\",\"breadcrumb\":{\"@id\":\"https:\/\/laroni-real-estate.com\/fr\/datenschutzerklaerung\/#breadcrumb\"},\"inLanguage\":\"de\",\"potentialAction\":[{\"@type\":\"ReadAction\",\"target\":[\"https:\/\/laroni-real-estate.com\/fr\/datenschutzerklaerung\/\"]}]},{\"@type\":\"BreadcrumbList\",\"@id\":\"https:\/\/laroni-real-estate.com\/fr\/datenschutzerklaerung\/#breadcrumb\",\"itemListElement\":[{\"@type\":\"ListItem\",\"position\":1,\"name\":\"Startseite\",\"item\":\"https:\/\/laroni-real-estate.com\/no\/\"},{\"@type\":\"ListItem\",\"position\":2,\"name\":\"Privacy statement\"}]},{\"@type\":\"WebSite\",\"@id\":\"https:\/\/laroni-real-estate.com\/#website\",\"url\":\"https:\/\/laroni-real-estate.com\/\",\"name\":\"Vastus Ltd.\",\"description\":\"\",\"potentialAction\":[{\"@type\":\"SearchAction\",\"target\":{\"@type\":\"EntryPoint\",\"urlTemplate\":\"https:\/\/laroni-real-estate.com\/?s={search_term_string}\"},\"query-input\":{\"@type\":\"PropertyValueSpecification\",\"valueRequired\":true,\"valueName\":\"search_term_string\"}}],\"inLanguage\":\"de\"}]}<\/script>\n<!-- \/ Yoast SEO plugin. -->","yoast_head_json":{"title":"Datenschutzerkl\u00e4rung - Vastus Ltd.","robots":{"index":"index","follow":"follow","max-snippet":"max-snippet:-1","max-image-preview":"max-image-preview:large","max-video-preview":"max-video-preview:-1"},"canonical":"https:\/\/laroni-real-estate.com\/fr\/datenschutzerklaerung\/","og_locale":"de_DE","og_type":"article","og_title":"Datenschutzerkl\u00e4rung - Vastus Ltd.","og_url":"https:\/\/laroni-real-estate.com\/fr\/datenschutzerklaerung\/","og_site_name":"Vastus Ltd.","article_modified_time":"2021-03-11T13:42:13+00:00","twitter_card":"summary_large_image","twitter_misc":{"Gesch\u00e4tzte Lesezeit":"7\u00a0Minuten"},"schema":{"@context":"https:\/\/schema.org","@graph":[{"@type":"WebPage","@id":"https:\/\/laroni-real-estate.com\/fr\/datenschutzerklaerung\/","url":"https:\/\/laroni-real-estate.com\/fr\/datenschutzerklaerung\/","name":"Datenschutzerkl\u00e4rung - Vastus Ltd.","isPartOf":{"@id":"https:\/\/laroni-real-estate.com\/#website"},"datePublished":"2018-10-23T06:32:11+00:00","dateModified":"2021-03-11T13:42:13+00:00","breadcrumb":{"@id":"https:\/\/laroni-real-estate.com\/fr\/datenschutzerklaerung\/#breadcrumb"},"inLanguage":"de","potentialAction":[{"@type":"ReadAction","target":["https:\/\/laroni-real-estate.com\/fr\/datenschutzerklaerung\/"]}]},{"@type":"BreadcrumbList","@id":"https:\/\/laroni-real-estate.com\/fr\/datenschutzerklaerung\/#breadcrumb","itemListElement":[{"@type":"ListItem","position":1,"name":"Startseite","item":"https:\/\/laroni-real-estate.com\/no\/"},{"@type":"ListItem","position":2,"name":"Privacy statement"}]},{"@type":"WebSite","@id":"https:\/\/laroni-real-estate.com\/#website","url":"https:\/\/laroni-real-estate.com\/","name":"Vastus Ltd.","description":"","potentialAction":[{"@type":"SearchAction","target":{"@type":"EntryPoint","urlTemplate":"https:\/\/laroni-real-estate.com\/?s={search_term_string}"},"query-input":{"@type":"PropertyValueSpecification","valueRequired":true,"valueName":"search_term_string"}}],"inLanguage":"de"}]}},"_links":{"self":[{"href":"https:\/\/laroni-real-estate.com\/de\/wp-json\/wp\/v2\/pages\/453","targetHints":{"allow":["GET"]}}],"collection":[{"href":"https:\/\/laroni-real-estate.com\/de\/wp-json\/wp\/v2\/pages"}],"about":[{"href":"https:\/\/laroni-real-estate.com\/de\/wp-json\/wp\/v2\/types\/page"}],"author":[{"embeddable":true,"href":"https:\/\/laroni-real-estate.com\/de\/wp-json\/wp\/v2\/users\/1"}],"replies":[{"embeddable":true,"href":"https:\/\/laroni-real-estate.com\/de\/wp-json\/wp\/v2\/comments?post=453"}],"version-history":[{"count":28,"href":"https:\/\/laroni-real-estate.com\/de\/wp-json\/wp\/v2\/pages\/453\/revisions"}],"predecessor-version":[{"id":1536,"href":"https:\/\/laroni-real-estate.com\/de\/wp-json\/wp\/v2\/pages\/453\/revisions\/1536"}],"wp:attachment":[{"href":"https:\/\/laroni-real-estate.com\/de\/wp-json\/wp\/v2\/media?parent=453"}],"curies":[{"name":"wp","href":"https:\/\/api.w.org\/{rel}","templated":true}]}}