{"id":403,"date":"2018-10-22T16:59:38","date_gmt":"2018-10-22T14:59:38","guid":{"rendered":"http:\/\/www.vastus.ltd\/?page_id=403"},"modified":"2021-03-08T11:31:05","modified_gmt":"2021-03-08T10:31:05","slug":"leistungen","status":"publish","type":"page","link":"https:\/\/laroni-real-estate.com\/de\/leistungen\/","title":{"rendered":"Leistungen"},"content":{"rendered":"<p>[vc_row][vc_column][vc_column_text]<\/p>\n<h1>Unsere Leistungen<\/h1>\n<p>[\/vc_column_text][vc_column_text]<\/p>\n<h2><strong>Wohnungs- Hausbau<\/strong><\/h2>\n<p>[\/vc_column_text][\/vc_column][\/vc_row][vc_row][vc_column width=&#8220;6\/12&#8243;][vc_column_text]<\/p>\n<p style=\"text-align: justify;\">Wir von Vastus LTD. bieten im Wohnungs- und Hausbau verschiedene Dienstleistungen an. Von Anfang bis zum letzten Schliff unseres Projektes stehen wir an Ihrer Seite. Vom Einfamilienhaus in verschiedenen Dimensionen bis zum Mehrfamilienhaus mit individuellen Wohnungsgrundrissen haben wir ein breit gef\u00e4chertes Portfolio.<\/p>\n<p style=\"text-align: justify;\">F\u00fcr Grundst\u00fcckbesitzer verf\u00fcgen wir \u00fcber attraktive Angebote: Wir bauen auf Ihrem Grundst\u00fcck und im Gegenzug bekommen Sie eine oder mehrere Wohnungen. Unsere Angebote umfassen das ganze Spektrum von der groben Konstruktion bis zum bezugsfertigen Objekt.[\/vc_column_text][\/vc_column][vc_column width=&#8220;1\/12&#8243;][\/vc_column][vc_column width=&#8220;5\/12&#8243;][vc_single_image image=&#8220;575&#8243; img_size=&#8220;full&#8220; alignment=&#8220;center&#8220; onclick=&#8220;link_image&#8220;][\/vc_column][\/vc_row][vc_row][vc_column width=&#8220;6\/12&#8243;][vc_single_image image=&#8220;576&#8243; img_size=&#8220;full&#8220; alignment=&#8220;center&#8220; onclick=&#8220;link_image&#8220;][\/vc_column][vc_column width=&#8220;1\/12&#8243;][\/vc_column][vc_column width=&#8220;5\/12&#8243;][vc_column_text]<\/p>\n<p style=\"text-align: justify;\">Diese Dienstleistung ist insbesondere f\u00fcr Kunden ohne Bauerfahrung oder ohne die n\u00f6tigen finanziellen Mittel geeignet. Ihnen entstehen keine Kosten; Wir bauen, Sie ziehen ein! Je nach Gr\u00f6\u00dfe und Lage des Grundst\u00fccks, bieten wir Ihnen individuelle Bauprojekte und Tauschoptionen an. Mit diesem Angebot sparen Sie sich neben dem finanziellen Aufwand auch den Stress, den ein Hausbau mit sich bringt. Damit alles vertrauensw\u00fcrdig abl\u00e4uft, arbeiten wir m\u00f6glichst transparent und teilen jede Entwicklung mit unserem Kunden. Das bedeutet f\u00fcr Sie keine \u00fcberraschenden Mehrkosten. Sie brauchen sich nur zur\u00fcckzulehnen und auf das Ende des Projektes zu warten.<\/p>\n<p>[\/vc_column_text][\/vc_column][\/vc_row][vc_row][vc_column][vc_empty_space height=&#8220;100px&#8220;][vc_column_text]<\/p>\n<h2><strong>An- und Verkauf<\/strong><\/h2>\n<p>[\/vc_column_text][\/vc_column][\/vc_row][vc_row][vc_column width=&#8220;6\/12&#8243;][vc_column_text]<\/p>\n<p style=\"text-align: justify;\">Sie m\u00f6chten Ihr Leben ver\u00e4ndern? Sie w\u00fcnschen einen Tapetenwechsel? Wieso nicht direkt eine neue Immobilie? Daf\u00fcr fehlt jedoch vielen der \u00dcberblick \u00fcber den Immobilienmarkt. Wir helfen Ihnen, damit Ihre Immobilie ihren wahren Wert findet. Wir unterst\u00fctzen Sie bei der Marktanalyse und der Bewertung der Grundst\u00fcckslage. Nachdem wir den Immobilienpreis zu Ihren Gunsten bestimmt haben, entwickeln wir f\u00fcr Sie eine Verkaufsstrategie und verkaufen Ihre Immobilie f\u00fcr den bestm\u00f6glichen Preis. W\u00e4hrend der Vermarktung nutzen wir analoge und digitale sowie nationale und internationale Plattformen in unterschiedlichen W\u00e4hrungen. Gemeinsam erreichen wir die gr\u00f6\u00dftm\u00f6gliche Ausbeute aus einem weitreichenden Markt.[\/vc_column_text][\/vc_column][vc_column width=&#8220;1\/12&#8243;][\/vc_column][vc_column width=&#8220;5\/12&#8243;][vc_single_image image=&#8220;578&#8243; img_size=&#8220;full&#8220; alignment=&#8220;center&#8220; onclick=&#8220;link_image&#8220;][\/vc_column][\/vc_row][vc_row][vc_column width=&#8220;1\/2&#8243;][vc_single_image image=&#8220;579&#8243; img_size=&#8220;full&#8220; alignment=&#8220;center&#8220; onclick=&#8220;link_image&#8220;][\/vc_column][vc_column width=&#8220;1\/2&#8243;][vc_column_text]<\/p>\n<p style=\"text-align: justify;\">Unsere erfahrenen Immobilien-Experten durchst\u00f6bern den Immobilienmarkt nach Ihren pers\u00f6nlichen Bed\u00fcrfnissen. Eine attraktive Wohnung am Puls der Stadt oder lieber ein Haus am Stadtrand im Gr\u00fcnen. Wir spezialisieren uns nicht auf Objekte, sondern auf W\u00fcnsche und Interessen. Nebenbei erzielen wir den bestm\u00f6glichen Kaufpreis f\u00fcr Sie.[\/vc_column_text][\/vc_column][\/vc_row][vc_row full_width=&#8220;stretch_row_content_no_spaces&#8220;][vc_column][vc_empty_space height=&#8220;100px&#8220;]\n\t\t\t<!-- START Leistungen Eyecatcher REVOLUTION SLIDER 6.5.7 --><p class=\"rs-p-wp-fix\"><\/p>\n\t\t\t<rs-module-wrap id=\"rev_slider_13_1_wrapper\" data-source=\"gallery\" style=\"visibility:hidden;background:transparent;padding:0;\">\n\t\t\t\t<rs-module id=\"rev_slider_13_1\" style=\"\" data-version=\"6.5.7\">\n\t\t\t\t\t<rs-slides>\n\t\t\t\t\t\t<rs-slide style=\"position: absolute;\" data-key=\"rs-24\" data-title=\"Slide\" data-anim=\"ms:1000;r:0;\" data-in=\"o:0;\" data-out=\"a:false;\">\n\t\t\t\t\t\t\t<img loading=\"lazy\" decoding=\"async\" src=\"\/\/laroni-real-estate.com\/wp-content\/plugins\/revslider\/public\/assets\/assets\/dummy.png\" title=\"Vastus-Immobilie-Drohnenaufnahme-04-1920&#215;1280\" width=\"1920\" height=\"1079\" class=\"rev-slidebg tp-rs-img rs-lazyload\" data-lazyload=\"\/\/www.vastus.ltd\/wp-content\/uploads\/2020\/08\/Vastus-Immobilie-Drohnenaufnahme-04-1920x1280-1.jpg\" data-parallax=\"15\" data-no-retina>\n<!---->\t\t\t\t\t\t<\/rs-slide>\n\t\t\t\t\t<\/rs-slides>\n\t\t\t\t<\/rs-module>\n\t\t\t\t<script type=\"text\/javascript\">\n\t\t\t\t\tsetREVStartSize({c: 'rev_slider_13_1',rl:[1240,1024,778,480],el:[1280],gw:[1920],gh:[1280],type:'standard',justify:'',layout:'fullscreen',offsetContainer:'',offset:'',mh:\"0\"});if (window.RS_MODULES!==undefined && window.RS_MODULES.modules!==undefined && window.RS_MODULES.modules[\"revslider131\"]!==undefined) {window.RS_MODULES.modules[\"revslider131\"].once = false;window.revapi13 = undefined;if (window.RS_MODULES.checkMinimal!==undefined) window.RS_MODULES.checkMinimal()}\n\t\t\t\t<\/script>\n\t\t\t<\/rs-module-wrap>\n\t\t\t<!-- END REVOLUTION SLIDER -->\n[vc_empty_space height=&#8220;100px&#8220;][\/vc_column][\/vc_row][vc_row][vc_column][vc_column_text]<\/p>\n<h2><strong>Immobilien-Vermietung<\/strong><\/h2>\n<p>[\/vc_column_text][\/vc_column][\/vc_row][vc_row][vc_column width=&#8220;6\/12&#8243;][vc_column_text]<\/p>\n<p style=\"text-align: justify;\">Nicht jede Familie kann es sich leisten, eine Wohnung oder gar ein Haus zu kaufen. Aber das ist kein Grund auf ein neues, luxuri\u00f6ses, solides, gesundes Zuhause im Einklang mit der Stadt oder der Natur zu verzichten. Unter unseren abgeschlossenen Projekten befinden sich auch Mietangebote. Aber wir vermitteln auch Mietwohnungen. Unser Portfolio beinhaltet Objekte f\u00fcr jedes Budget und in jeder Gr\u00f6\u00dfe f\u00fcr angemessene Preise. Und wenn wir mal nicht das passende Objekt haben, finden wir es f\u00fcr Sie. Unser erstes und wichtigstes Prinzip bei Immobilienvermietungen, ist der gerechte Mietspiegel. Aus diesem Grund garantiert Vatus LTD. Ihnen: keine Ausbeute, kein Wucher und Mietpreise zu realistischen Konditionen.[\/vc_column_text][\/vc_column][vc_column width=&#8220;1\/12&#8243;][\/vc_column][vc_column width=&#8220;5\/12&#8243;][vc_single_image image=&#8220;582&#8243; img_size=&#8220;full&#8220; alignment=&#8220;center&#8220; onclick=&#8220;link_image&#8220;][\/vc_column][\/vc_row][vc_row][vc_column][vc_empty_space height=&#8220;100px&#8220;][\/vc_column][\/vc_row][vc_row][vc_column][vc_column_text]<\/p>\n<h2><strong>Renovierung, Sanierung und Umbauarbeiten<\/strong><\/h2>\n<p>[\/vc_column_text][\/vc_column][\/vc_row][vc_row][vc_column width=&#8220;6\/12&#8243;][vc_column_text]<\/p>\n<p style=\"text-align: justify;\">Das Zuhause verbirgt jede Menge Erinnerungen. Viele Familien m\u00f6chten mit einem Wohnungswechsel diese Erinnerungen nicht zur\u00fccklassen. Aber das soll kein Hindernis f\u00fcr eine Modernisierung sein. Nach einer fachm\u00e4nnischen Begutachtung renovieren unsere spezialisierten Handwerker Ihr Zuhause nach bestm\u00f6glichen technischen und gestalterischen M\u00f6glichkeiten.<\/p>\n<p style=\"text-align: justify;\">Von der einfachen Renovierung bis hin zur neu gestalteten Innenarchitektur, decken wir jede Art von Ver\u00e4nderungen, Reparaturen und Erneuerungen ab. Dazu geh\u00f6ren auch Fassadenarbeiten und W\u00e4rmed\u00e4mmma\u00dfnahmen. Je nach Objektzustand beraten wir Sie gerne, welche Ma\u00dfnahmen f\u00fcr regenerative Energien und W\u00e4rmeisolierungen anwendbar sind. Effizienz und \u00c4sthetik gehen nicht mehr getrennte Wege. Was sch\u00f6n f\u00fcr Ihr Auge ist, kann gleichzeitig gut f\u00fcr Ihren Geldbeutel sein.<\/p>\n<p style=\"text-align: justify;\">Damit jede Renovierung das Maximum an Qualit\u00e4t erreicht, nutzen wir nur EU-Zertifizierte Materialien und gew\u00e4hrleisten h\u00f6chste Standards der Arbeitssicherheit.[\/vc_column_text][\/vc_column][vc_column width=&#8220;1\/12&#8243;][\/vc_column][vc_column width=&#8220;5\/12&#8243;][vc_single_image image=&#8220;584&#8243; img_size=&#8220;full&#8220; alignment=&#8220;center&#8220; onclick=&#8220;link_image&#8220;][vc_single_image image=&#8220;583&#8243; img_size=&#8220;full&#8220; alignment=&#8220;center&#8220; onclick=&#8220;link_image&#8220;][\/vc_column][\/vc_row][vc_row][vc_column][vc_empty_space height=&#8220;100px&#8220;][\/vc_column][\/vc_row][vc_row][vc_column width=&#8220;1\/6&#8243;][\/vc_column][vc_column width=&#8220;2\/3&#8243;]\n<div class=\"wpcf7 no-js\" id=\"wpcf7-f569-o1\" lang=\"de-DE\" dir=\"ltr\" data-wpcf7-id=\"569\">\n<div class=\"screen-reader-response\"><p role=\"status\" aria-live=\"polite\" aria-atomic=\"true\"><\/p> <ul><\/ul><\/div>\n<form action=\"\/de\/wp-json\/wp\/v2\/pages\/403#wpcf7-f569-o1\" method=\"post\" class=\"wpcf7-form init\" aria-label=\"Kontaktformular\" novalidate=\"novalidate\" data-status=\"init\">\n<fieldset class=\"hidden-fields-container\"><input type=\"hidden\" name=\"_wpcf7\" value=\"569\" \/><input type=\"hidden\" name=\"_wpcf7_version\" value=\"6.1.2\" \/><input type=\"hidden\" name=\"_wpcf7_locale\" value=\"de_DE\" \/><input type=\"hidden\" name=\"_wpcf7_unit_tag\" value=\"wpcf7-f569-o1\" \/><input type=\"hidden\" name=\"_wpcf7_container_post\" value=\"0\" \/><input type=\"hidden\" name=\"_wpcf7_posted_data_hash\" value=\"\" \/>\n<\/fieldset>\n<p><label><span class=\"wpcf7-form-control-wrap\" data-name=\"your-name\"><input size=\"40\" maxlength=\"400\" class=\"wpcf7-form-control wpcf7-text wpcf7-validates-as-required\" aria-required=\"true\" aria-invalid=\"false\" placeholder=\"Vor- &amp; Nachname (Pflichtfeld)\" value=\"\" type=\"text\" name=\"your-name\" \/><\/span><\/label>\n<\/p>\n<p><label><span class=\"wpcf7-form-control-wrap\" data-name=\"telefon-mobil\"><input size=\"40\" maxlength=\"400\" class=\"wpcf7-form-control wpcf7-tel wpcf7-text wpcf7-validates-as-tel\" aria-invalid=\"false\" placeholder=\"Telefon\/ Mobilnummer\" value=\"\" type=\"tel\" name=\"telefon-mobil\" \/><\/span><\/label>\n<\/p>\n<p><label><span class=\"wpcf7-form-control-wrap\" data-name=\"your-email\"><input size=\"40\" maxlength=\"400\" class=\"wpcf7-form-control wpcf7-email wpcf7-validates-as-required wpcf7-text wpcf7-validates-as-email\" aria-required=\"true\" aria-invalid=\"false\" placeholder=\"Email (Pflichtfeld)\" value=\"\" type=\"email\" name=\"your-email\" \/><\/span><\/label>\n<\/p>\n<p><label><span class=\"wpcf7-form-control-wrap\" data-name=\"your-subject\"><input size=\"40\" maxlength=\"400\" class=\"wpcf7-form-control wpcf7-text\" aria-invalid=\"false\" placeholder=\"Betreff\" value=\"\" type=\"text\" name=\"your-subject\" \/><\/span><\/label>\n<\/p>\n<p><label><span class=\"wpcf7-form-control-wrap\" data-name=\"your-message\"><textarea cols=\"40\" rows=\"10\" maxlength=\"2000\" class=\"wpcf7-form-control wpcf7-textarea\" aria-invalid=\"false\" placeholder=\"Nachricht\" name=\"your-message\"><\/textarea><\/span> <\/label>\n<\/p>\n<p><span class=\"wpcf7-form-control-wrap\" data-name=\"Datenschutz\"><span class=\"wpcf7-form-control wpcf7-acceptance\"><span class=\"wpcf7-list-item\"><label><input type=\"checkbox\" name=\"Datenschutz\" value=\"1\" aria-invalid=\"false\" \/><span class=\"wpcf7-list-item-label\">Ich habe die Datenschutzbestimmung gelesen & akzeptiert.<\/span><\/label><\/span><\/span><\/span>\n<\/p>\n<p><input class=\"wpcf7-form-control wpcf7-submit has-spinner\" type=\"submit\" value=\"Senden\" \/>\n<\/p><p style=\"display: none !important;\" class=\"akismet-fields-container\" data-prefix=\"_wpcf7_ak_\"><label>&#916;<textarea name=\"_wpcf7_ak_hp_textarea\" cols=\"45\" rows=\"8\" maxlength=\"100\"><\/textarea><\/label><input type=\"hidden\" id=\"ak_js_1\" name=\"_wpcf7_ak_js\" value=\"100\"\/><script>document.getElementById( \"ak_js_1\" ).setAttribute( \"value\", ( new Date() ).getTime() );<\/script><\/p><div class=\"wpcf7-response-output\" aria-hidden=\"true\"><\/div>\n<\/form>\n<\/div>\n[\/vc_column][vc_column width=&#8220;1\/6&#8243;][\/vc_column][\/vc_row]<\/p>\n","protected":false},"excerpt":{"rendered":"<p>[vc_row][vc_column][vc_column_text] Unsere Leistungen [\/vc_column_text][vc_column_text] Wohnungs- Hausbau [\/vc_column_text][\/vc_column][\/vc_row][vc_row][vc_column width=&#8220;6\/12&#8243;][vc_column_text] Wir von Vastus LTD. bieten im Wohnungs- und Hausbau verschiedene Dienstleistungen an. Von Anfang bis zum letzten Schliff unseres Projektes stehen wir an Ihrer Seite. Vom Einfamilienhaus in verschiedenen Dimensionen bis zum Mehrfamilienhaus mit individuellen Wohnungsgrundrissen haben wir ein breit gef\u00e4chertes Portfolio. F\u00fcr Grundst\u00fcckbesitzer verf\u00fcgen wir \u00fcber&hellip;<\/p>\n","protected":false},"author":1,"featured_media":0,"parent":0,"menu_order":0,"comment_status":"closed","ping_status":"closed","template":"","meta":{"_joinchat":[],"footnotes":""},"class_list":["post-403","page","type-page","status-publish","hentry","description-off"],"translation":{"provider":"WPGlobus","version":"3.0.0","language":"de","enabled_languages":["en","de","tr","sv","ru","ar","gr","no","fr","es"],"languages":{"en":{"title":true,"content":true,"excerpt":false},"de":{"title":true,"content":true,"excerpt":false},"tr":{"title":true,"content":true,"excerpt":false},"sv":{"title":true,"content":true,"excerpt":false},"ru":{"title":true,"content":true,"excerpt":false},"ar":{"title":true,"content":true,"excerpt":false},"gr":{"title":true,"content":true,"excerpt":false},"no":{"title":true,"content":true,"excerpt":false},"fr":{"title":false,"content":false,"excerpt":false},"es":{"title":false,"content":false,"excerpt":false}}},"yoast_head":"<!-- This site is optimized with the Yoast SEO plugin v26.0 - https:\/\/yoast.com\/wordpress\/plugins\/seo\/ -->\n<title>Die Leistungen des Immobilienunternehmens Vastus LTD<\/title>\n<meta name=\"description\" content=\"Vastus LTD bietet Ihnen verschiedene Leistungen f\u00fcr Ihr neues Zuhause. Unter Anderem den Wohnungs- und Hausbau, Sanierungen und vieles mehr.\" \/>\n<meta name=\"robots\" content=\"index, follow, max-snippet:-1, max-image-preview:large, max-video-preview:-1\" \/>\n<link rel=\"canonical\" href=\"https:\/\/laroni-real-estate.com\/de\/leistungen\/\" \/>\n<meta property=\"og:locale\" content=\"de_DE\" \/>\n<meta property=\"og:type\" content=\"article\" \/>\n<meta property=\"og:title\" content=\"Die Leistungen des Immobilienunternehmens Vastus LTD\" \/>\n<meta property=\"og:description\" content=\"Vastus LTD bietet Ihnen verschiedene Leistungen f\u00fcr Ihr neues Zuhause. Unter Anderem den Wohnungs- und Hausbau, Sanierungen und vieles mehr.\" \/>\n<meta property=\"og:url\" content=\"https:\/\/laroni-real-estate.com\/de\/leistungen\/\" \/>\n<meta property=\"og:site_name\" content=\"Vastus Ltd.\" \/>\n<meta property=\"article:modified_time\" content=\"2021-03-08T10:31:05+00:00\" \/>\n<meta name=\"twitter:card\" content=\"summary_large_image\" \/>\n<meta name=\"twitter:label1\" content=\"Gesch\u00e4tzte Lesezeit\" \/>\n\t<meta name=\"twitter:data1\" content=\"3\u00a0Minuten\" \/>\n<script type=\"application\/ld+json\" class=\"yoast-schema-graph\">{\"@context\":\"https:\/\/schema.org\",\"@graph\":[{\"@type\":\"WebPage\",\"@id\":\"https:\/\/laroni-real-estate.com\/de\/leistungen\/\",\"url\":\"https:\/\/laroni-real-estate.com\/de\/leistungen\/\",\"name\":\"Die Leistungen des Immobilienunternehmens Vastus LTD\",\"isPartOf\":{\"@id\":\"https:\/\/laroni-real-estate.com\/#website\"},\"datePublished\":\"2018-10-22T14:59:38+00:00\",\"dateModified\":\"2021-03-08T10:31:05+00:00\",\"description\":\"Vastus LTD bietet Ihnen verschiedene Leistungen f\u00fcr Ihr neues Zuhause. Unter Anderem den Wohnungs- und Hausbau, Sanierungen und vieles mehr.\",\"breadcrumb\":{\"@id\":\"https:\/\/laroni-real-estate.com\/de\/leistungen\/#breadcrumb\"},\"inLanguage\":\"de\",\"potentialAction\":[{\"@type\":\"ReadAction\",\"target\":[\"https:\/\/laroni-real-estate.com\/de\/leistungen\/\"]}]},{\"@type\":\"BreadcrumbList\",\"@id\":\"https:\/\/laroni-real-estate.com\/de\/leistungen\/#breadcrumb\",\"itemListElement\":[{\"@type\":\"ListItem\",\"position\":1,\"name\":\"Startseite\",\"item\":\"https:\/\/laroni-real-estate.com\/no\/\"},{\"@type\":\"ListItem\",\"position\":2,\"name\":\"Leistungen\"}]},{\"@type\":\"WebSite\",\"@id\":\"https:\/\/laroni-real-estate.com\/#website\",\"url\":\"https:\/\/laroni-real-estate.com\/\",\"name\":\"Vastus Ltd.\",\"description\":\"\",\"potentialAction\":[{\"@type\":\"SearchAction\",\"target\":{\"@type\":\"EntryPoint\",\"urlTemplate\":\"https:\/\/laroni-real-estate.com\/?s={search_term_string}\"},\"query-input\":{\"@type\":\"PropertyValueSpecification\",\"valueRequired\":true,\"valueName\":\"search_term_string\"}}],\"inLanguage\":\"de\"}]}<\/script>\n<!-- \/ Yoast SEO plugin. -->","yoast_head_json":{"title":"Die Leistungen des Immobilienunternehmens Vastus LTD","description":"Vastus LTD bietet Ihnen verschiedene Leistungen f\u00fcr Ihr neues Zuhause. Unter Anderem den Wohnungs- und Hausbau, Sanierungen und vieles mehr.","robots":{"index":"index","follow":"follow","max-snippet":"max-snippet:-1","max-image-preview":"max-image-preview:large","max-video-preview":"max-video-preview:-1"},"canonical":"https:\/\/laroni-real-estate.com\/de\/leistungen\/","og_locale":"de_DE","og_type":"article","og_title":"Die Leistungen des Immobilienunternehmens Vastus LTD","og_description":"Vastus LTD bietet Ihnen verschiedene Leistungen f\u00fcr Ihr neues Zuhause. Unter Anderem den Wohnungs- und Hausbau, Sanierungen und vieles mehr.","og_url":"https:\/\/laroni-real-estate.com\/de\/leistungen\/","og_site_name":"Vastus Ltd.","article_modified_time":"2021-03-08T10:31:05+00:00","twitter_card":"summary_large_image","twitter_misc":{"Gesch\u00e4tzte Lesezeit":"3\u00a0Minuten"},"schema":{"@context":"https:\/\/schema.org","@graph":[{"@type":"WebPage","@id":"https:\/\/laroni-real-estate.com\/de\/leistungen\/","url":"https:\/\/laroni-real-estate.com\/de\/leistungen\/","name":"Die Leistungen des Immobilienunternehmens Vastus LTD","isPartOf":{"@id":"https:\/\/laroni-real-estate.com\/#website"},"datePublished":"2018-10-22T14:59:38+00:00","dateModified":"2021-03-08T10:31:05+00:00","description":"Vastus LTD bietet Ihnen verschiedene Leistungen f\u00fcr Ihr neues Zuhause. Unter Anderem den Wohnungs- und Hausbau, Sanierungen und vieles mehr.","breadcrumb":{"@id":"https:\/\/laroni-real-estate.com\/de\/leistungen\/#breadcrumb"},"inLanguage":"de","potentialAction":[{"@type":"ReadAction","target":["https:\/\/laroni-real-estate.com\/de\/leistungen\/"]}]},{"@type":"BreadcrumbList","@id":"https:\/\/laroni-real-estate.com\/de\/leistungen\/#breadcrumb","itemListElement":[{"@type":"ListItem","position":1,"name":"Startseite","item":"https:\/\/laroni-real-estate.com\/no\/"},{"@type":"ListItem","position":2,"name":"Leistungen"}]},{"@type":"WebSite","@id":"https:\/\/laroni-real-estate.com\/#website","url":"https:\/\/laroni-real-estate.com\/","name":"Vastus Ltd.","description":"","potentialAction":[{"@type":"SearchAction","target":{"@type":"EntryPoint","urlTemplate":"https:\/\/laroni-real-estate.com\/?s={search_term_string}"},"query-input":{"@type":"PropertyValueSpecification","valueRequired":true,"valueName":"search_term_string"}}],"inLanguage":"de"}]}},"_links":{"self":[{"href":"https:\/\/laroni-real-estate.com\/de\/wp-json\/wp\/v2\/pages\/403","targetHints":{"allow":["GET"]}}],"collection":[{"href":"https:\/\/laroni-real-estate.com\/de\/wp-json\/wp\/v2\/pages"}],"about":[{"href":"https:\/\/laroni-real-estate.com\/de\/wp-json\/wp\/v2\/types\/page"}],"author":[{"embeddable":true,"href":"https:\/\/laroni-real-estate.com\/de\/wp-json\/wp\/v2\/users\/1"}],"replies":[{"embeddable":true,"href":"https:\/\/laroni-real-estate.com\/de\/wp-json\/wp\/v2\/comments?post=403"}],"version-history":[{"count":94,"href":"https:\/\/laroni-real-estate.com\/de\/wp-json\/wp\/v2\/pages\/403\/revisions"}],"predecessor-version":[{"id":1490,"href":"https:\/\/laroni-real-estate.com\/de\/wp-json\/wp\/v2\/pages\/403\/revisions\/1490"}],"wp:attachment":[{"href":"https:\/\/laroni-real-estate.com\/de\/wp-json\/wp\/v2\/media?parent=403"}],"curies":[{"name":"wp","href":"https:\/\/api.w.org\/{rel}","templated":true}]}}