{"id":1118,"date":"2021-02-17T11:49:00","date_gmt":"2021-02-17T10:49:00","guid":{"rendered":"https:\/\/www.vastus.ltd\/?page_id=1118"},"modified":"2021-03-10T13:04:31","modified_gmt":"2021-03-10T12:04:31","slug":"esentepe","status":"publish","type":"page","link":"https:\/\/laroni-real-estate.com\/de\/esentepe\/","title":{"rendered":"Esentepe"},"content":{"rendered":"<p>[vc_row][vc_column][vc_column_text]<\/p>\n<h1>Esentepe<\/h1>\n<p>[\/vc_column_text][\/vc_column][\/vc_row][vc_row][vc_column width=&#8220;5\/12&#8243;][vc_column_text]Esentepe bedeutet &#8222;der windige H\u00fcgel&#8220;.<\/p>\n<p>Das kleine Dorf liegt an der Nordk\u00fcste Nordzyperns, \u00f6stlich von Kyrenia und geht auf die byzantinische Zeit zur\u00fcck. Wenn Sie die Insel und ihre einzigartige Natur kennenlernen und dem Stadtleben entfliehen m\u00f6chten, ist Esentepe eine einzigartige Gelegenheit.[\/vc_column_text][\/vc_column][vc_column width=&#8220;1\/12&#8243;][\/vc_column][vc_column width=&#8220;6\/12&#8243;][vc_single_image image=&#8220;588&#8243; img_size=&#8220;full&#8220; alignment=&#8220;center&#8220; onclick=&#8220;link_image&#8220;][\/vc_column][\/vc_row][vc_row][vc_column][vc_column_text]Das Dorf hat einen Charme, den man nicht mit Worten beschreiben kann; stattdessen muss man ihn erleben. Die Zeit scheint an diesem wundersch\u00f6nen Ort etwas langsamer zu vergehen, da man in Gelassenheit und Frieden eingetaucht ist. In dieser ruhigen Atmosph\u00e4re k\u00f6nnen Sie sich entspannen und werden sp\u00fcren, wie der Stress von Ihren Schultern abf\u00e4llt.\u00a0 Bei einer Tasse Kaffee im Zentrum von Esentepe oder bei einem Glas Wein am Abend vergisst man schnell die allt\u00e4gliche Routine.[\/vc_column_text][\/vc_column][\/vc_row][vc_row][vc_column][vc_column_text]Die Einwohner von Esentepe sind haupts\u00e4chlich t\u00fcrkische B\u00fcrger, die vor 1974 aus der Schwarzmeerregion nach Nordzypern ausgewandert sind. Das Dorf hat sich in den letzten Jahren weiterentwickelt und ist bei Touristen und Einheimischen gleicherma\u00dfen als heimliche Perle der Gegend bekannt geworden. Esentepe hat viele neue Gesichter willkommen gehei\u00dfen, die es besuchen wollten, sich aber in den Ort verliebten und blieben.[\/vc_column_text][vc_column_text]Obwohl Esentepe an Popularit\u00e4t gewonnen hat, schm\u00e4lert dies nicht seinen Reiz, sondern verst\u00e4rkt im Gegenteil seinen rustikalen Charme.[\/vc_column_text][\/vc_column][\/vc_row][vc_row][vc_column][vc_empty_space height=&#8220;100px&#8220;][\/vc_column][\/vc_row][vc_row][vc_column width=&#8220;1\/6&#8243;][\/vc_column][vc_column width=&#8220;2\/3&#8243;]\n<div class=\"wpcf7 no-js\" id=\"wpcf7-f569-o1\" lang=\"de-DE\" dir=\"ltr\" data-wpcf7-id=\"569\">\n<div class=\"screen-reader-response\"><p role=\"status\" aria-live=\"polite\" aria-atomic=\"true\"><\/p> <ul><\/ul><\/div>\n<form action=\"\/de\/wp-json\/wp\/v2\/pages\/1118#wpcf7-f569-o1\" method=\"post\" class=\"wpcf7-form init\" aria-label=\"Kontaktformular\" novalidate=\"novalidate\" data-status=\"init\">\n<fieldset class=\"hidden-fields-container\"><input type=\"hidden\" name=\"_wpcf7\" value=\"569\" \/><input type=\"hidden\" name=\"_wpcf7_version\" value=\"6.1.2\" \/><input type=\"hidden\" name=\"_wpcf7_locale\" value=\"de_DE\" \/><input type=\"hidden\" name=\"_wpcf7_unit_tag\" value=\"wpcf7-f569-o1\" \/><input type=\"hidden\" name=\"_wpcf7_container_post\" value=\"0\" \/><input type=\"hidden\" name=\"_wpcf7_posted_data_hash\" value=\"\" \/>\n<\/fieldset>\n<p><label><span class=\"wpcf7-form-control-wrap\" data-name=\"your-name\"><input size=\"40\" maxlength=\"400\" class=\"wpcf7-form-control wpcf7-text wpcf7-validates-as-required\" aria-required=\"true\" aria-invalid=\"false\" placeholder=\"Vor- &amp; Nachname (Pflichtfeld)\" value=\"\" type=\"text\" name=\"your-name\" \/><\/span><\/label>\n<\/p>\n<p><label><span class=\"wpcf7-form-control-wrap\" data-name=\"telefon-mobil\"><input size=\"40\" maxlength=\"400\" class=\"wpcf7-form-control wpcf7-tel wpcf7-text wpcf7-validates-as-tel\" aria-invalid=\"false\" placeholder=\"Telefon\/ Mobilnummer\" value=\"\" type=\"tel\" name=\"telefon-mobil\" \/><\/span><\/label>\n<\/p>\n<p><label><span class=\"wpcf7-form-control-wrap\" data-name=\"your-email\"><input size=\"40\" maxlength=\"400\" class=\"wpcf7-form-control wpcf7-email wpcf7-validates-as-required wpcf7-text wpcf7-validates-as-email\" aria-required=\"true\" aria-invalid=\"false\" placeholder=\"Email (Pflichtfeld)\" value=\"\" type=\"email\" name=\"your-email\" \/><\/span><\/label>\n<\/p>\n<p><label><span class=\"wpcf7-form-control-wrap\" data-name=\"your-subject\"><input size=\"40\" maxlength=\"400\" class=\"wpcf7-form-control wpcf7-text\" aria-invalid=\"false\" placeholder=\"Betreff\" value=\"\" type=\"text\" name=\"your-subject\" \/><\/span><\/label>\n<\/p>\n<p><label><span class=\"wpcf7-form-control-wrap\" data-name=\"your-message\"><textarea cols=\"40\" rows=\"10\" maxlength=\"2000\" class=\"wpcf7-form-control wpcf7-textarea\" aria-invalid=\"false\" placeholder=\"Nachricht\" name=\"your-message\"><\/textarea><\/span> <\/label>\n<\/p>\n<p><span class=\"wpcf7-form-control-wrap\" data-name=\"Datenschutz\"><span class=\"wpcf7-form-control wpcf7-acceptance\"><span class=\"wpcf7-list-item\"><label><input type=\"checkbox\" name=\"Datenschutz\" value=\"1\" aria-invalid=\"false\" \/><span class=\"wpcf7-list-item-label\">Ich habe die Datenschutzbestimmung gelesen & akzeptiert.<\/span><\/label><\/span><\/span><\/span>\n<\/p>\n<p><input class=\"wpcf7-form-control wpcf7-submit has-spinner\" type=\"submit\" value=\"Senden\" \/>\n<\/p><p style=\"display: none !important;\" class=\"akismet-fields-container\" data-prefix=\"_wpcf7_ak_\"><label>&#916;<textarea name=\"_wpcf7_ak_hp_textarea\" cols=\"45\" rows=\"8\" maxlength=\"100\"><\/textarea><\/label><input type=\"hidden\" id=\"ak_js_1\" name=\"_wpcf7_ak_js\" value=\"104\"\/><script>document.getElementById( \"ak_js_1\" ).setAttribute( \"value\", ( new Date() ).getTime() );<\/script><\/p><div class=\"wpcf7-response-output\" aria-hidden=\"true\"><\/div>\n<\/form>\n<\/div>\n[\/vc_column][vc_column width=&#8220;1\/6&#8243;][\/vc_column][\/vc_row]<\/p>\n","protected":false},"excerpt":{"rendered":"<p>[vc_row][vc_column][vc_column_text] Esentepe [\/vc_column_text][\/vc_column][\/vc_row][vc_row][vc_column width=&#8220;5\/12&#8243;][vc_column_text]Esentepe bedeutet &#8222;der windige H\u00fcgel&#8220;. Das kleine Dorf liegt an der Nordk\u00fcste Nordzyperns, \u00f6stlich von Kyrenia und geht auf die byzantinische Zeit zur\u00fcck. Wenn Sie die Insel und ihre einzigartige Natur kennenlernen und dem Stadtleben entfliehen m\u00f6chten, ist Esentepe eine einzigartige Gelegenheit.[\/vc_column_text][\/vc_column][vc_column width=&#8220;1\/12&#8243;][\/vc_column][vc_column width=&#8220;6\/12&#8243;][vc_single_image image=&#8220;588&#8243; img_size=&#8220;full&#8220; alignment=&#8220;center&#8220; onclick=&#8220;link_image&#8220;][\/vc_column][\/vc_row][vc_row][vc_column][vc_column_text]Das Dorf hat einen Charme,&hellip;<\/p>\n","protected":false},"author":1,"featured_media":0,"parent":0,"menu_order":0,"comment_status":"closed","ping_status":"closed","template":"","meta":{"_joinchat":[],"footnotes":""},"class_list":["post-1118","page","type-page","status-publish","hentry","description-off"],"translation":{"provider":"WPGlobus","version":"3.0.0","language":"de","enabled_languages":["en","de","tr","sv","ru","ar","gr","no","fr","es"],"languages":{"en":{"title":true,"content":true,"excerpt":false},"de":{"title":true,"content":true,"excerpt":false},"tr":{"title":true,"content":true,"excerpt":false},"sv":{"title":true,"content":true,"excerpt":false},"ru":{"title":true,"content":true,"excerpt":false},"ar":{"title":true,"content":true,"excerpt":false},"gr":{"title":true,"content":true,"excerpt":false},"no":{"title":true,"content":true,"excerpt":false},"fr":{"title":false,"content":false,"excerpt":false},"es":{"title":false,"content":false,"excerpt":false}}},"yoast_head":"<!-- This site is optimized with the Yoast SEO plugin v26.0 - https:\/\/yoast.com\/wordpress\/plugins\/seo\/ -->\n<title>Die Stadt Kyrenia liegt im n\u00f6rdlichen Teil der Insel Zypern.<\/title>\n<meta name=\"description\" content=\"Kyrenia liegt im Norden Zyperns und zieht seine Touristen vor allem wegen der wei\u00dfen Str\u00e4nde aber auch wegen der Attraktionen an.\" \/>\n<meta name=\"robots\" content=\"index, follow, max-snippet:-1, max-image-preview:large, max-video-preview:-1\" \/>\n<link rel=\"canonical\" href=\"https:\/\/laroni-real-estate.com\/esentepe\/\" \/>\n<meta property=\"og:locale\" content=\"de_DE\" \/>\n<meta property=\"og:type\" content=\"article\" \/>\n<meta property=\"og:title\" content=\"Die Stadt Kyrenia liegt im n\u00f6rdlichen Teil der Insel Zypern.\" \/>\n<meta property=\"og:description\" content=\"Kyrenia liegt im Norden Zyperns und zieht seine Touristen vor allem wegen der wei\u00dfen Str\u00e4nde aber auch wegen der Attraktionen an.\" \/>\n<meta property=\"og:url\" content=\"https:\/\/laroni-real-estate.com\/esentepe\/\" \/>\n<meta property=\"og:site_name\" content=\"Vastus Ltd.\" \/>\n<meta property=\"article:modified_time\" content=\"2021-03-10T12:04:31+00:00\" \/>\n<meta name=\"twitter:card\" content=\"summary_large_image\" \/>\n<meta name=\"twitter:label1\" content=\"Gesch\u00e4tzte Lesezeit\" \/>\n\t<meta name=\"twitter:data1\" content=\"1\u00a0Minute\" \/>\n<script type=\"application\/ld+json\" class=\"yoast-schema-graph\">{\"@context\":\"https:\/\/schema.org\",\"@graph\":[{\"@type\":\"WebPage\",\"@id\":\"https:\/\/laroni-real-estate.com\/esentepe\/\",\"url\":\"https:\/\/laroni-real-estate.com\/esentepe\/\",\"name\":\"Esentepe - the windy hill - is located at the north coast of northern cyprus\",\"isPartOf\":{\"@id\":\"https:\/\/laroni-real-estate.com\/#website\"},\"datePublished\":\"2021-02-17T10:49:00+00:00\",\"dateModified\":\"2021-03-10T12:04:31+00:00\",\"description\":\"Kyrenia liegt im Norden Zyperns und zieht seine Touristen vor allem wegen der wei\u00dfen Str\u00e4nde aber auch wegen der Attraktionen an.\",\"breadcrumb\":{\"@id\":\"https:\/\/laroni-real-estate.com\/esentepe\/#breadcrumb\"},\"inLanguage\":\"de\",\"potentialAction\":[{\"@type\":\"ReadAction\",\"target\":[\"https:\/\/laroni-real-estate.com\/esentepe\/\"]}]},{\"@type\":\"BreadcrumbList\",\"@id\":\"https:\/\/laroni-real-estate.com\/esentepe\/#breadcrumb\",\"itemListElement\":[{\"@type\":\"ListItem\",\"position\":1,\"name\":\"Startseite\",\"item\":\"https:\/\/laroni-real-estate.com\/no\/\"},{\"@type\":\"ListItem\",\"position\":2,\"name\":\"Esentepe\"}]},{\"@type\":\"WebSite\",\"@id\":\"https:\/\/laroni-real-estate.com\/#website\",\"url\":\"https:\/\/laroni-real-estate.com\/\",\"name\":\"Vastus Ltd.\",\"description\":\"\",\"potentialAction\":[{\"@type\":\"SearchAction\",\"target\":{\"@type\":\"EntryPoint\",\"urlTemplate\":\"https:\/\/laroni-real-estate.com\/?s={search_term_string}\"},\"query-input\":{\"@type\":\"PropertyValueSpecification\",\"valueRequired\":true,\"valueName\":\"search_term_string\"}}],\"inLanguage\":\"de\"}]}<\/script>\n<!-- \/ Yoast SEO plugin. -->","yoast_head_json":{"title":"Die Stadt Kyrenia liegt im n\u00f6rdlichen Teil der Insel Zypern.","description":"Kyrenia liegt im Norden Zyperns und zieht seine Touristen vor allem wegen der wei\u00dfen Str\u00e4nde aber auch wegen der Attraktionen an.","robots":{"index":"index","follow":"follow","max-snippet":"max-snippet:-1","max-image-preview":"max-image-preview:large","max-video-preview":"max-video-preview:-1"},"canonical":"https:\/\/laroni-real-estate.com\/esentepe\/","og_locale":"de_DE","og_type":"article","og_title":"Die Stadt Kyrenia liegt im n\u00f6rdlichen Teil der Insel Zypern.","og_description":"Kyrenia liegt im Norden Zyperns und zieht seine Touristen vor allem wegen der wei\u00dfen Str\u00e4nde aber auch wegen der Attraktionen an.","og_url":"https:\/\/laroni-real-estate.com\/esentepe\/","og_site_name":"Vastus Ltd.","article_modified_time":"2021-03-10T12:04:31+00:00","twitter_card":"summary_large_image","twitter_misc":{"Gesch\u00e4tzte Lesezeit":"1\u00a0Minute"},"schema":{"@context":"https:\/\/schema.org","@graph":[{"@type":"WebPage","@id":"https:\/\/laroni-real-estate.com\/esentepe\/","url":"https:\/\/laroni-real-estate.com\/esentepe\/","name":"Esentepe - the windy hill - is located at the north coast of northern cyprus","isPartOf":{"@id":"https:\/\/laroni-real-estate.com\/#website"},"datePublished":"2021-02-17T10:49:00+00:00","dateModified":"2021-03-10T12:04:31+00:00","description":"Kyrenia liegt im Norden Zyperns und zieht seine Touristen vor allem wegen der wei\u00dfen Str\u00e4nde aber auch wegen der Attraktionen an.","breadcrumb":{"@id":"https:\/\/laroni-real-estate.com\/esentepe\/#breadcrumb"},"inLanguage":"de","potentialAction":[{"@type":"ReadAction","target":["https:\/\/laroni-real-estate.com\/esentepe\/"]}]},{"@type":"BreadcrumbList","@id":"https:\/\/laroni-real-estate.com\/esentepe\/#breadcrumb","itemListElement":[{"@type":"ListItem","position":1,"name":"Startseite","item":"https:\/\/laroni-real-estate.com\/no\/"},{"@type":"ListItem","position":2,"name":"Esentepe"}]},{"@type":"WebSite","@id":"https:\/\/laroni-real-estate.com\/#website","url":"https:\/\/laroni-real-estate.com\/","name":"Vastus Ltd.","description":"","potentialAction":[{"@type":"SearchAction","target":{"@type":"EntryPoint","urlTemplate":"https:\/\/laroni-real-estate.com\/?s={search_term_string}"},"query-input":{"@type":"PropertyValueSpecification","valueRequired":true,"valueName":"search_term_string"}}],"inLanguage":"de"}]}},"_links":{"self":[{"href":"https:\/\/laroni-real-estate.com\/de\/wp-json\/wp\/v2\/pages\/1118","targetHints":{"allow":["GET"]}}],"collection":[{"href":"https:\/\/laroni-real-estate.com\/de\/wp-json\/wp\/v2\/pages"}],"about":[{"href":"https:\/\/laroni-real-estate.com\/de\/wp-json\/wp\/v2\/types\/page"}],"author":[{"embeddable":true,"href":"https:\/\/laroni-real-estate.com\/de\/wp-json\/wp\/v2\/users\/1"}],"replies":[{"embeddable":true,"href":"https:\/\/laroni-real-estate.com\/de\/wp-json\/wp\/v2\/comments?post=1118"}],"version-history":[{"count":16,"href":"https:\/\/laroni-real-estate.com\/de\/wp-json\/wp\/v2\/pages\/1118\/revisions"}],"predecessor-version":[{"id":1515,"href":"https:\/\/laroni-real-estate.com\/de\/wp-json\/wp\/v2\/pages\/1118\/revisions\/1515"}],"wp:attachment":[{"href":"https:\/\/laroni-real-estate.com\/de\/wp-json\/wp\/v2\/media?parent=1118"}],"curies":[{"name":"wp","href":"https:\/\/api.w.org\/{rel}","templated":true}]}}